{"id":417,"date":"2024-02-16T08:14:19","date_gmt":"2024-02-16T07:14:19","guid":{"rendered":"https:\/\/eager-benz.45-82-188-209.plesk.page\/product\/flitser-prisma-voor-ys-d3-50127\/"},"modified":"2024-04-18T11:52:53","modified_gmt":"2024-04-18T09:52:53","slug":"flitser-prisma-voor-ys-d3","status":"publish","type":"product","link":"https:\/\/seaandsea.eu\/nb\/produkt\/flash-prisme-for-ys-d3\/","title":{"rendered":"Flash Prism for YS-D3"},"content":{"rendered":"","protected":false},"excerpt":{"rendered":"<p><strong>Blitsprisme for YS-D3<br \/>\nProdukt nr. 50127<\/strong><\/p>\n<p>Styr YS-D3 ved hjelp av denne optiske guiden. Prismet til undervannsblitsen plasseres i den optiske kabeltilkoblingen p\u00e5 forsiden\/undersiden av undervannsblitsen. Dette tilbeh\u00f8ret er ideelt for bruk n\u00e5r blitsenheten brukes under vann i en fast posisjon, vekk fra kameraet. Dette gj\u00f8r det mulig \u00e5 bruke originale eksponeringer og \u00e5 bruke flere blitser samtidig. En ekstern blits med direkte kontroll fra kameraet er fortsatt n\u00f8dvendig n\u00e5r den brukes. Blitsprismet m\u00e5 justeres n\u00f8yaktig for \u00e5 utl\u00f8se blitsen ved hjelp av den eksterne lyskilden. \u00d8velse er n\u00f8dvendig.<\/p>","protected":false},"featured_media":418,"comment_status":"closed","ping_status":"closed","template":"","meta":{"_acf_changed":false},"product_cat":[44,184],"product_tag":[246,143,146,254,38,147,148],"class_list":{"0":"post-417","1":"product","2":"type-product","3":"status-publish","4":"has-post-thumbnail","6":"product_cat-accessoires","7":"product_cat-flitser-accessoires","8":"product_tag-duiken","9":"product_tag-flitser","10":"product_tag-fotografie","11":"product_tag-prisma","12":"product_tag-sea-sea","13":"product_tag-sea-and-sea","14":"product_tag-sea-en-sea","16":"first","17":"instock","18":"product-type-simple"},"acf":[],"_links":{"self":[{"href":"https:\/\/seaandsea.eu\/nb\/wp-json\/wp\/v2\/product\/417","targetHints":{"allow":["GET"]}}],"collection":[{"href":"https:\/\/seaandsea.eu\/nb\/wp-json\/wp\/v2\/product"}],"about":[{"href":"https:\/\/seaandsea.eu\/nb\/wp-json\/wp\/v2\/types\/product"}],"replies":[{"embeddable":true,"href":"https:\/\/seaandsea.eu\/nb\/wp-json\/wp\/v2\/comments?post=417"}],"wp:featuredmedia":[{"embeddable":true,"href":"https:\/\/seaandsea.eu\/nb\/wp-json\/wp\/v2\/media\/418"}],"wp:attachment":[{"href":"https:\/\/seaandsea.eu\/nb\/wp-json\/wp\/v2\/media?parent=417"}],"wp:term":[{"taxonomy":"product_cat","embeddable":true,"href":"https:\/\/seaandsea.eu\/nb\/wp-json\/wp\/v2\/product_cat?post=417"},{"taxonomy":"product_tag","embeddable":true,"href":"https:\/\/seaandsea.eu\/nb\/wp-json\/wp\/v2\/product_tag?post=417"}],"curies":[{"name":"wp","href":"https:\/\/api.w.org\/{rel}","templated":true}]}}