{"id":421,"date":"2024-02-16T08:14:19","date_gmt":"2024-02-16T07:14:19","guid":{"rendered":"https:\/\/eager-benz.45-82-188-209.plesk.page\/product\/flitser-beschermhoes-voor-ys-d3\/"},"modified":"2024-04-17T10:52:06","modified_gmt":"2024-04-17T08:52:06","slug":"flitser-beschermhoes-voor-ys-d3","status":"publish","type":"product","link":"https:\/\/seaandsea.eu\/nb\/produkt\/blitsdeksel-for-ys-d3\/","title":{"rendered":"Blitsdeksel for YS-D3"},"content":{"rendered":"","protected":false},"excerpt":{"rendered":"<p><strong>Blitsdeksel for YS-D3<br \/>\nProduktnr.<br \/>\n<\/strong><\/p>\n<p>Beskytt den dyrebare blitsenheten din under vann mot riper og i begrenset grad mot st\u00f8t ved hjelp av dette blitsbeskyttelsestrekket i neopren. Da holder blitsen lenger og du unng\u00e5r mulig permanent skade p\u00e5 blitsen. Neopren-trekket har en lett positiv effekt p\u00e5 flyteevnen. Neoprenbeskyttelsen dekker ikke forsiden og baksiden av blitsenheten, slik at du kan fortsette \u00e5 bruke og betjene blitsenheten under alle forhold.<\/p>","protected":false},"featured_media":422,"comment_status":"closed","ping_status":"closed","template":"","meta":{"_acf_changed":false},"product_cat":[44,184],"product_tag":[],"class_list":{"0":"post-421","1":"product","2":"type-product","3":"status-publish","4":"has-post-thumbnail","6":"product_cat-accessoires","7":"product_cat-flitser-accessoires","9":"first","10":"instock","11":"product-type-simple"},"acf":[],"_links":{"self":[{"href":"https:\/\/seaandsea.eu\/nb\/wp-json\/wp\/v2\/product\/421","targetHints":{"allow":["GET"]}}],"collection":[{"href":"https:\/\/seaandsea.eu\/nb\/wp-json\/wp\/v2\/product"}],"about":[{"href":"https:\/\/seaandsea.eu\/nb\/wp-json\/wp\/v2\/types\/product"}],"replies":[{"embeddable":true,"href":"https:\/\/seaandsea.eu\/nb\/wp-json\/wp\/v2\/comments?post=421"}],"wp:featuredmedia":[{"embeddable":true,"href":"https:\/\/seaandsea.eu\/nb\/wp-json\/wp\/v2\/media\/422"}],"wp:attachment":[{"href":"https:\/\/seaandsea.eu\/nb\/wp-json\/wp\/v2\/media?parent=421"}],"wp:term":[{"taxonomy":"product_cat","embeddable":true,"href":"https:\/\/seaandsea.eu\/nb\/wp-json\/wp\/v2\/product_cat?post=421"},{"taxonomy":"product_tag","embeddable":true,"href":"https:\/\/seaandsea.eu\/nb\/wp-json\/wp\/v2\/product_tag?post=421"}],"curies":[{"name":"wp","href":"https:\/\/api.w.org\/{rel}","templated":true}]}}