{"id":427,"date":"2024-02-16T08:14:19","date_gmt":"2024-02-16T07:14:19","guid":{"rendered":"https:\/\/eager-benz.45-82-188-209.plesk.page\/product\/ys-d3-duo-30129\/"},"modified":"2024-04-18T11:51:56","modified_gmt":"2024-04-18T09:51:56","slug":"ys-d3-duo-flitser","status":"publish","type":"product","link":"https:\/\/seaandsea.eu\/nb\/produkt\/ys-d3-duo-blits\/","title":{"rendered":"YS-D3 DUO blitsenhet"},"content":{"rendered":"<p>Du \u00f8nsker \u00e5 f\u00e5 mest mulig ut av de sjeldne \u00f8yeblikkene du er under vann. Du overlater ingenting til tilfeldighetene og pr\u00f8ver \u00e5 fange s\u00e5 mye som mulig med undervannskameraet ditt. For deg selv, familien og vennene dine, men ogs\u00e5 for det ene unike bildet. Og for \u00e5 ta det eksepsjonelle bildet trenger du riktig undervannsbelysning. Og det er derfor du trenger denne Sea &amp; Sea YS-D3 DUO undervannsblittsen. Den gir deg full kontroll over eksponeringen under vann.<\/p>\n<p>Takket v\u00e6re elektronikk med h\u00f8y presisjon kan undervannsblittsenheten YS-D3 DUO yte optimalt i alle situasjoner. Sea &amp; Sea YS-D3 DUO-blitsenheten har et ledetall p\u00e5 hele 33 og en maksimal eksponeringsvinkel p\u00e5 110\u00b0 som standard. P\u00e5 denne m\u00e5ten har du alltid en enorm mengde lys under vann. Blitsens ladetid i to trinn gir deg muligheten til \u00e5 blinke kontinuerlig uten begrensninger under spesielle omstendigheter.<\/p>\n<p><strong><br \/>\nModerne, rask og kraftig.<br \/>\n<\/strong>Den ultramoderne elektronikken i YS-D3 DUO er i stand til \u00e5 produsere en blits med et ledetall p\u00e5 33 p\u00e5 ekstremt kort tid. Ved hjelp av den unike nyutviklede, asf\u00e6riske optiske triodelinsen med h\u00f8y presisjon som er plassert over de to blitsr\u00f8rene, spres lyset jevnt fra midten til kantene. Dette gir en enest\u00e5ende og sv\u00e6rt jevn eksponering over hele opptaksomr\u00e5det. Blitsens eksponeringsvinkel uten bruk av diffusor er 105\u00b0 x 80\u00b0. Med den medf\u00f8lgende standarddiffusoren \u00f8kes denne til 110\u00b0 x 100\u00b0. N\u00e5r den valgfrie kuppeldiffusoren (#28116) brukes, blir eksponeringsvinkelen ca. 170\u00b0 x 150\u00b0.<\/p>\n<p>&nbsp;<\/p>\n<p><strong>Fang alle \u00f8yeblikkene i h\u00f8y hastighet takket v\u00e6re overlegen teknologi med kontinuerlig blits.<br \/>\n<\/strong>YS-D3 DUO bruker kondensatorer med st\u00f8rre kapasitet enn det som er vanlig i undervannsblitsapparater.  I tillegg er Sea &amp; Sea YS-D3 DUO utstyrt med en nyutviklet ladekrets. Resultatet er at YS-D3 DUO kan blinke kontinuerlig med et ledetall p\u00e5 16 uten noen intervalltid, og n\u00e5r den brukes med et ledetall p\u00e5 22, er blitsen klar til bruk igjen og igjen i l\u00f8pet av bare 0,6 sekunder. YS-D3 DUO har et to-trinns ladesignal. N\u00e5r YS-D3 DUO ber om en blitsstyrke over guidenummer 22, sendes ladesignalet ut i to trinn. Etter at blitsen er avfyrt med full styrke p\u00e5 styrenummer 33, avgir blitsenheten et signal b\u00e5de synlig og h\u00f8rbart for \u00e5 fortelle deg at den allerede er klar til \u00e5 ta neste bilde med styrenummer 22. Og n\u00e5r kondensatorene er tilstrekkelig oppladet til \u00e5 blinke med et ledetall p\u00e5 33, sendes det ut et nytt, annerledes signal. Denne teknologien gj\u00f8r at du kan ta bilder i hastigheter som tidligere virket nesten umulige. P\u00e5 den m\u00e5ten g\u00e5r du ikke glipp av et \u00f8yeblikk!<\/p>\n<p class=\"h5\"><strong>Fotografering i RC-modus<br \/>\n<\/strong>N\u00e5r du tar bilder i RC-modus med et OM SYSTEMS (OLYMPUS)-kamera, er det ikke n\u00f8dvendig med noen tilpassede innstillinger. Velg \"RC mode shooting\" i blitsmodusinnstillingen p\u00e5 kamerasiden; YS-D3 DUO m\u00e5 v\u00e6re satt til \"RC\" for fotograferingsmodus.<\/p>\n<p>*For mer informasjon om fotografering i RC-modus, se brukerh\u00e5ndboken til kameraet som skal brukes.<\/p>\n<p><strong>Retningsbestemt lampe som dykkerlampe.<br \/>\n<\/strong>YS-D3 DUO er utstyrt med en manuelt innkoblet sikte\/fokuseringslampe. Dette gj\u00f8r at du kan justere blitsen n\u00f8yaktig i forhold til motivet. Dermed unng\u00e5r du \u00e5 gj\u00f8re feil n\u00e5r du ikke har r\u00e5d til det. I tillegg kan undervannskameraet fokusere enklere og ofte raskere ved hjelp av blitsens hjelpelys. Ogs\u00e5 dette bidrar til bedre kontroll over undervannsbildene dine.<\/p>\n<p>Takket v\u00e6re den unikt utformede aluminiumsreflektoren er denne retningsbestemte lommelykten s\u00e5 kraftig at den til og med kan fungere som dykkerlykt. Og hvis du synes det er for mye, kan du dimme den til lavere effekt med ett trykk p\u00e5 \"glow in the dark\"-knappen p\u00e5 baksiden av lommelykten.<\/p>\n<p><strong>Opplyst visning av innstillinger.<br \/>\n<\/strong>YS-D3 DUO-blitsenheten er utstyrt med farget bakgrunnsbelysning p\u00e5 displayet. N\u00e5r du fotograferer i m\u00f8rke forhold, er det mulig \u00e5 lese av innstillinger som blitsstyrke og modusinnstilling spesielt godt. Fargen p\u00e5 displayet p\u00e5 baksiden av Sea &amp; Sea YS-D3 DUO endres hver gang modusbryterens innstilling endres. Bl\u00e5 (i DS-TTLII-modus), lysebl\u00e5 (i slave-TTL-modus), oransje (i manuell modus med forh\u00e5ndsblits) og gr\u00f8nn (i manuell modus uten forh\u00e5ndsblits).<\/p>\n<p><strong>\u00a0<\/strong><\/p>\n<p><strong>Optisk eller elektronisk.<br \/>\n<\/strong>Undervannsblittsenheten YS-D3 DUO kan brukes i kombinasjon med et undervannskamera som styrer undervannsblittsenheten optisk via den fiberoptiske kabelen. Eller elektronisk via synkroniseringskabelen som er koblet til undervannshuset. Foran p\u00e5 undersiden av undervannsblittsenheten er det en slavemottaker for tilkobling av den fiberoptiske kabelen som overf\u00f8rer signalet fra kameraets interne blits. P\u00e5 siden er det en annen kontakt for \u00e5 koble til en annen fiberoptisk kabel for optisk styring av en ekstra blits.<\/p>\n<p>Den elektroniske kontakten sitter nederst p\u00e5 baksiden av blitsenheten. Det er den klassiske Sea &amp; Sea 5pin-S-kontakten, som kan brukes sammen med Sea &amp; Sea Syncro-kabel #17100 for \u00e5 koble til \u00e9n blitsenhet. Eller med Sea &amp; Sea DUAL syncro-kabel # 03470 for \u00e5 styre to blitsenheter samtidig.<\/p>\n<p>For blitsstyring har Sea &amp; Sea en nyutviklet manuell blitsutl\u00f8ser og elektronisk YS-konverter, som kan monteres i undervannshuset.<\/p>\n<p><em>(* Hvis YS-D3 brukes sammen med et kamera med innebygd blits i huset, m\u00e5 du kun bruke de originale SEA &amp; SEA fiberoptiske kablene (#50128 Fiber Optic Cable Medium \/ #50123 Fiber Optic Cable Large \/ #50135 Fiber Optic Cable Small). Sea &amp; Sea-blitser, spesielt i funksjoner som automatisk TTL-eksponering, vil kanskje ikke fungere eller kanskje ikke fungere korrekt n\u00e5r du bruker uoriginale kabler).<\/em><\/p>\n<p>&nbsp;<\/p>\n<p><strong>Kulefeste<br \/>\n<\/strong>For tilkobling av blitsen til et armsystem eller et undervannshus er den universelle, rette kulekoblingen inkludert i pakken som standard.<\/p>\n<p>Som ekstrautstyr er den klassiske Sea &amp; Sea YS-tilkoblingen tilgjengelig. (Artikkel: #12662 YS-Mount &amp; Screw system) Dette gir enklere vertikal justering av blitsen. Eller den nye diagonale kulekoblingen i en vinkel p\u00e5 35\u00b0, som gj\u00f8r det enklere \u00e5 plassere blitsen lenger bak, noe som gj\u00f8r den mer egnet for bruk med en Dome Port. N\u00e5r blitsen styres elektronisk ved hjelp av synkroniseringskabelen, blir det ogs\u00e5 mindre spenning p\u00e5 kabelen med denne diagonale kulekoblingen.<\/p>\n<p>&nbsp;<\/p>\n<p><strong><u>Spesifikasjoner:<\/u><\/strong><\/p>\n<ul>\n<li>Veiledningstall (ISO 100\/m land): 33 (Ved bruk av standard diffusor: 28).<\/li>\n<li>Eksponeringsvinkel: 105\u00b0 x 80\u00b0 (uten diffusor), (ved bruk av standard diffusor 110\u00b0 x 100\u00b0)<\/li>\n<li>Batterier: 4 x AAA: 6V - Ni-MH: 4,8V<\/li>\n<li>Antall blink: Alkalisk: 140 - Ni-MH: 220 (*1)<\/li>\n<li>Resirkuleringstid (full utladning): Alkalisk: 3,5 sek. - Ni-MH: 1,7 sek (*2)<\/li>\n<\/ul>\n<p><em>(*1) Antall blink og resirkuleringstid avhenger av batterimerke, temperatur og bruksfrekvens).<\/em><\/p>\n<p><em>(*2) Antall blink og resirkuleringstid for Ni-MH-batterier ble testet p\u00e5 2500 MAh-batterier).<\/em><\/p>\n<ul>\n<li>Fargetemperatur: 5800 K.<\/li>\n<li>Fargetemperatur med standard diffusor: 5500 K.<\/li>\n<li>Maksimal dybde: 100 meter.<\/li>\n<li>Dimensjoner (BxHxD): 92 x 111 x 147 mm (ekskl. kulekobling)<\/li>\n<li>Vekt: 610 gram (uten batterier) (ekskl. kulekobling)<\/li>\n<li>Oppdrift: Ca. -20 gram, negativ (inkl. batterier og kulekobling)<\/li>\n<\/ul>\n<p>&nbsp;<\/p>\n<p><strong>Annet:<\/strong><\/p>\n<ul>\n<li>Eksponeringsinnstillinger: DS-TTL II, Slave TTL, Manuell Lysvolumkontrollknapp (GN): 1 \/ 1,4 \/ 2 \/ 2,8 \/ 4 \/ 5,6 \/ 8\/11\/16\/22\/33 (11 trinn)<\/li>\n<li>RC-modus<\/li>\n<li>DS-TTL II Slave-funksjon<\/li>\n<li>Automatisk utkoblingsfunksjon etter 30 minutter<\/li>\n<li>Elektronisk tilkobling for: Syncro Cable 5-pinners syncro-kabel\/N, (#17100) eller DUO Syncro Cable (#03470).<\/li>\n<li>Optisk kontakt for: Fiberoptisk kabel (#50128 Fiberoptisk kabel Medium \/ #50123 Fiberoptisk kabel Large \/ #50135 Fiberoptisk kabel Small)<\/li>\n<li>Sikkerhetsventil<\/li>\n<li>LED-sikte\/fokuslampe (justerbar i 2 trinn)<\/li>\n<li>Dobbelt lydsignal under blitslading n\u00e5r den er klar til bruk.<\/li>\n<\/ul>\n<p><em><strong>Utsalgspris: \u20ac 879 inkl. mva.<\/strong><\/em><\/p>\n<p><strong>Leveringstid: tilgjengelig fra lager.<\/strong><\/p>\n<p>&nbsp;<\/p>\n<p><strong><u>Valgfritt tilbeh\u00f8r til YS-D3 DUO:<\/u><\/strong><\/p>\n<p>&nbsp;<\/p>\n<p><strong>Kuppeldiffusor for YS-D3 DUO (#28116)<br \/>\n<\/strong>Den valgfrie kuppeldiffusoren \u00f8ker eksponeringsvinkelen til 170\u00b0\u00d7150\u00b0.  Denne diffusoren er et n\u00f8dvendig tilbeh\u00f8r n\u00e5r du fotograferer med vidvinkel- eller fiske\u00f8yeobjektiv. Eller bruk denne diffusoren n\u00e5r det er behov for mykere lys. Guidetallet reduseres med ca. -1,5 EV n\u00e5r diffusoren er montert p\u00e5 blitsen.<\/p>\n<p>Ved hjelp av bajonettkoblingen kan denne diffusoren enkelt monteres og demonteres p\u00e5 fronten av blitsen under vann p\u00e5 et \u00f8yeblikk. Diffusoren kan utstyres med en sikkerhetssnor mot tap.<br \/>\n<em><br \/>\nUtsalgspris: \u20ac 59 inkl. mva.<\/em><\/p>\n<p><em>Leveringstid: Tilgjengelig fra lager.<\/em><\/p>\n<p>&nbsp;<\/p>\n<p><strong>Snute for YS-D3 DUO (#28115)<br \/>\n<\/strong>Snoot-en innsnevrer eksponeringsvinkelen til YS-D3 DUO for presis eksponering p\u00e5 et bestemt motiv. Snoot kan brukes i 2 seksjoner. Den smaleste \u00e5pningen er 25 mm. P\u00e5 innsiden av snoot'en er det et prisme som leder fokuslyset fra siktet\/fokuseringslampen til midten av snoot'en.<\/p>\n<p>Ved hjelp av bajonettkoblingen kan denne snuten, i stedet for diffusoren, enkelt monteres og demonteres p\u00e5 forsiden av blitsen under vann p\u00e5 et \u00f8yeblikk. Snoot kan utstyres med en sikkerhetssnor mot tap.<\/p>\n<p><em>Utsalgspris: \u20ac 89 inkl. mva.<\/em><\/p>\n<p><em>Leveringstid: Tilgjengelig fra lager.<\/em><\/p>\n<p>&nbsp;<\/p>\n<p>&nbsp;<\/p>\n<p><strong>Blitsprisme for YS-D3 DUO (#50127)<br \/>\n<\/strong>Styr YS-D3 DUO ved hjelp av denne optiske veiledningen. Prismet til undervannsblitsen plasseres i den optiske kabeltilkoblingen p\u00e5 forsiden\/undersiden av undervannsblitsen. Dette tilbeh\u00f8ret er ideelt for bruk n\u00e5r blitsenheten brukes under vann i en fast posisjon, vekk fra kameraet. Dette gj\u00f8r det mulig \u00e5 bruke originale eksponeringer og \u00e5 bruke flere blitser samtidig. En ekstern blits med direkte kontroll fra kameraet er fortsatt n\u00f8dvendig n\u00e5r den brukes. Blitsprismet m\u00e5 justeres n\u00f8yaktig for \u00e5 utl\u00f8se blitsen ved hjelp av den eksterne lyskilden. \u00d8velse er n\u00f8dvendig.<\/p>\n<p><em>Utsalgspris: \u20ac 54,95 inkl. mva.<\/em><\/p>\n<p><em>Leveringstid: Tilgjengelig fra lager.<\/em><\/p>\n<p>&nbsp;<\/p>\n<p>&nbsp;<\/p>\n<p><strong>Diagonal blitstilkobling for YS-D3\/D2-blitser (#28117)<br \/>\n<\/strong>Denne kulekoblingen passer til alle YS-D3-, YS-D2- og YS-D1-modellene. Ved \u00e5 bruke denne 35\u00b0-kulekoblingen kan blitsen plasseres i en gunstigere vinkel for n\u00e6rbilder. Blitsen kan ogs\u00e5 justeres bedre n\u00e5r du bruker en fiske\u00f8yekuppelport. En annen fordel med denne kulekoblingen i kombinasjon med den elektroniske synkrokabelen er at kabelen blir mindre belastet n\u00e5r den kobles til blitsenheten.<\/p>\n<p><em>Utsalgspris: \u20ac 52,95 inkl. mva.<\/em><\/p>\n<p><em>Leveringstid: Tilgjengelig fra lager.<\/em><\/p>\n<p>&nbsp;<\/p>\n<p>&nbsp;<\/p>\n<p><strong>Blitsbeskyttelsesdeksel for YS-D3 DUO (#51291)<br \/>\n<\/strong>Beskytt den dyrebare blitsenheten din under vann mot riper og i begrenset grad mot st\u00f8t ved hjelp av dette blitsbeskyttelsestrekket i neopren. Da holder blitsen lenger og du unng\u00e5r mulig permanent skade p\u00e5 blitsen. Neopren-trekket har en lett positiv effekt p\u00e5 flyteevnen. Neoprenbeskyttelsen dekker ikke forsiden og baksiden av blitsenheten, slik at du kan fortsette \u00e5 bruke og betjene blitsenheten under alle forhold.<\/p>\n<p><em>Utsalgspris: \u20ac 39,95 inkl. mva.<\/em><\/p>\n<p><em>Leveringstid: Tilgjengelig fra lager.<\/em><\/p>","protected":false},"excerpt":{"rendered":"<h2>Full kontroll over eksponeringen p\u00e5 undervannsbildene dine med den nye Sea &amp; Sea YS-D3 DUO undervannsblittsen.<\/h2>","protected":false},"featured_media":656,"comment_status":"closed","ping_status":"closed","template":"","meta":{"_acf_changed":false},"product_cat":[27,142],"product_tag":[143,168,269,38,237,268,271,270],"class_list":{"0":"post-427","1":"product","2":"type-product","3":"status-publish","4":"has-post-thumbnail","6":"product_cat-geen-categorie","7":"product_cat-flitsers","8":"product_tag-flitser","9":"product_tag-onderwater","10":"product_tag-onderwaterfotografie","11":"product_tag-sea-sea","12":"product_tag-underwater","13":"product_tag-underwaterphotgraphy","14":"product_tag-ys-d3","15":"product_tag-ys-d3-duo","17":"first","18":"instock","19":"featured","20":"product-type-simple"},"acf":[],"_links":{"self":[{"href":"https:\/\/seaandsea.eu\/nb\/wp-json\/wp\/v2\/product\/427","targetHints":{"allow":["GET"]}}],"collection":[{"href":"https:\/\/seaandsea.eu\/nb\/wp-json\/wp\/v2\/product"}],"about":[{"href":"https:\/\/seaandsea.eu\/nb\/wp-json\/wp\/v2\/types\/product"}],"replies":[{"embeddable":true,"href":"https:\/\/seaandsea.eu\/nb\/wp-json\/wp\/v2\/comments?post=427"}],"wp:featuredmedia":[{"embeddable":true,"href":"https:\/\/seaandsea.eu\/nb\/wp-json\/wp\/v2\/media\/656"}],"wp:attachment":[{"href":"https:\/\/seaandsea.eu\/nb\/wp-json\/wp\/v2\/media?parent=427"}],"wp:term":[{"taxonomy":"product_cat","embeddable":true,"href":"https:\/\/seaandsea.eu\/nb\/wp-json\/wp\/v2\/product_cat?post=427"},{"taxonomy":"product_tag","embeddable":true,"href":"https:\/\/seaandsea.eu\/nb\/wp-json\/wp\/v2\/product_tag?post=427"}],"curies":[{"name":"wp","href":"https:\/\/api.w.org\/{rel}","templated":true}]}}