{"id":129,"date":"2024-02-16T08:13:37","date_gmt":"2024-02-16T07:13:37","guid":{"rendered":"https:\/\/eager-benz.45-82-188-209.plesk.page\/product\/optical-dome-port-ii-100-3-ersies-30133-30134-30135\/"},"modified":"2024-04-18T13:26:40","modified_gmt":"2024-04-18T11:26:40","slug":"optical-dome-port-ii-100-3-series","status":"publish","type":"product","link":"https:\/\/seaandsea.eu\/pt\/produto\/optical-dome-port-ii-100-3-series\/","title":{"rendered":"Porta de c\u00fapula \u00f3tica II 100 (3 s\u00e9ries)"},"content":{"rendered":"","protected":false},"excerpt":{"rendered":"<p>C\u00fapula \u00f3tica Port II 100 (3 vers\u00f5es)<br \/>\nN.\u00ba do produto 30133 \/ 30134 \/ 30135<\/p>\n<p><span>100 mm de di\u00e2metro. A porta de c\u00fapula \u00f3tica mais compacta e leve oferecida pela SEA &amp; SEA. Exclusivamente concebido para objectivas olho de peixe.<br \/>\nPorta-c\u00fapula \u00f3tica ll 100 S (# 30133) (item sob encomenda) Concebida exclusivamente para Nikon AF DX Fisheye Nikkor ED 10.5mm F2.8 Porta-c\u00fapula \u00f3tica ll 100 M (# 30134) Concebida exclusivamente para Tokina AT-X 107 DX Fisheye 10-17mm F3.5-4.5, para c\u00e2maras Nikon e Canon. Porta de c\u00fapula \u00f3tica ll 100 L (# 30135) Concebida exclusivamente para Canon EF 8-15mm F4L USM e Nikon AF-S Fisheye Nikkor 8-15mm F3.5-4.5 E ED.<\/span><\/p>\n<p><span><strong>Caracter\u00edsticas<\/strong><br \/>\n<\/span><span>\u30fb Utilizou vidro de cristal BK7 de alta qualidade.<br \/>\nS\u00e3o utilizados dois revestimentos antirreflexo diferentes para otimizar a qualidade da imagem, um para o exterior e outro para o interior das c\u00fapulas \u00f3pticas. \u00c9 utilizado um revestimento multicamada no exterior da c\u00fapula e o interior das c\u00fapulas \u00e9 revestido com s\u00edlica para suprimir eficazmente o excesso de brilho e as imagens fantasma. Como resultado, o \u00edndice de refra\u00e7\u00e3o de cada porta \u00e9 reduzido para menos de 0,01% e os Domes produzem imagens de contraste extremamente elevado.<br \/>\nDiferen\u00e7a na qualidade da imagem entre o Fisheye Dome Port 240 e o Optical Dome Port l 165 sob luz de fundo.<br \/>\nEquipamento utilizado: Canon 5D Mark lll e EF 16-35mm F2.8L ll. Profundidade: 5 m<\/p>\n<p><strong>Especifica\u00e7\u00f5es<\/strong><br \/>\nDimens\u00f5es (DIAxD): 130 x 64,5 (S) \/ 81 (M) \/ 91 (L) mm \/ 5,1 x 2,5 (S) \/ 3,2 (M) \/ 3,6 (L) polegadas<br \/>\nPeso: Aprox. 372 g \/ 13,1 oz (S) 423 g \/ 14,9 oz (M) 450 g \/ 15,9 oz (L)<br \/>\nProfundidade nominal: 100m \/ 330ft<br \/>\nConstru\u00e7\u00e3o: resina POM, vidro de cristal BK7 (c\u00fapula) e liga de alum\u00ednio resistente \u00e0 corros\u00e3o (tampa)<br \/>\nAcess\u00f3rios: Manual de instru\u00e7\u00f5es, v\u00e1lvula de gaveta, caixa de gaveta<\/span><\/p>","protected":false},"featured_media":130,"comment_status":"closed","ping_status":"closed","template":"","meta":{"_acf_changed":false},"product_cat":[29,28],"product_tag":[30,31,32,33,34,35,36,37,38,39],"class_list":{"0":"post-129","1":"product","2":"type-product","3":"status-publish","4":"has-post-thumbnail","6":"product_cat-domeports","7":"product_cat-porten","8":"product_tag-30","9":"product_tag-31","10":"product_tag-32","11":"product_tag-33","12":"product_tag-dome","13":"product_tag-ii","14":"product_tag-optical","15":"product_tag-port","16":"product_tag-sea-sea","17":"product_tag-seasea","19":"first","20":"instock","21":"product-type-simple"},"acf":[],"_links":{"self":[{"href":"https:\/\/seaandsea.eu\/pt\/wp-json\/wp\/v2\/product\/129","targetHints":{"allow":["GET"]}}],"collection":[{"href":"https:\/\/seaandsea.eu\/pt\/wp-json\/wp\/v2\/product"}],"about":[{"href":"https:\/\/seaandsea.eu\/pt\/wp-json\/wp\/v2\/types\/product"}],"replies":[{"embeddable":true,"href":"https:\/\/seaandsea.eu\/pt\/wp-json\/wp\/v2\/comments?post=129"}],"wp:featuredmedia":[{"embeddable":true,"href":"https:\/\/seaandsea.eu\/pt\/wp-json\/wp\/v2\/media\/130"}],"wp:attachment":[{"href":"https:\/\/seaandsea.eu\/pt\/wp-json\/wp\/v2\/media?parent=129"}],"wp:term":[{"taxonomy":"product_cat","embeddable":true,"href":"https:\/\/seaandsea.eu\/pt\/wp-json\/wp\/v2\/product_cat?post=129"},{"taxonomy":"product_tag","embeddable":true,"href":"https:\/\/seaandsea.eu\/pt\/wp-json\/wp\/v2\/product_tag?post=129"}],"curies":[{"name":"wp","href":"https:\/\/api.w.org\/{rel}","templated":true}]}}