{"id":133,"date":"2024-02-16T08:13:37","date_gmt":"2024-02-16T07:13:37","guid":{"rendered":"https:\/\/eager-benz.45-82-188-209.plesk.page\/product\/optical-dome-port-ii-230-30137\/"},"modified":"2024-04-18T13:25:09","modified_gmt":"2024-04-18T11:25:09","slug":"optical-dome-port-ii-230","status":"publish","type":"product","link":"https:\/\/seaandsea.eu\/pt\/produto\/optical-dome-port-ii-230\/","title":{"rendered":"Porta de c\u00fapula \u00f3tica II 230"},"content":{"rendered":"","protected":false},"excerpt":{"rendered":"<p>Porta de c\u00fapula \u00f3tica II 230<br \/>\nProduto n.\u00ba 30137<\/p>\n<p>Exemplo de sistema<\/p>\n<p>Di\u00e2metro de 230 mm. Porta de c\u00fapula \u00f3tica vers\u00e1til, compat\u00edvel com v\u00e1rias objectivas de olho de peixe e grande angular. Oferece a melhor qualidade de imagem, incluindo qualidade de imagem perif\u00e9rica. Adequado para imagens metade debaixo de \u00e1gua e metade acima. A qualidade da imagem perif\u00e9rica ser\u00e1 ainda melhor quando utilizada com uma lente de corre\u00e7\u00e3o interna.<\/p>\n<p><strong>Caracter\u00edsticas<\/strong><br \/>\n\u30fb Utilizou vidro de cristal BK7 de alta qualidade.<br \/>\nS\u00e3o utilizados dois revestimentos antirreflexo diferentes para otimizar a qualidade da imagem, um para o exterior e outro para o interior das c\u00fapulas \u00f3pticas. \u00c9 utilizado um revestimento multicamada no exterior da c\u00fapula e o interior das c\u00fapulas \u00e9 revestido com s\u00edlica para suprimir eficazmente a sobre-radia\u00e7\u00e3o e as imagens fantasma. Como resultado, o \u00edndice de refra\u00e7\u00e3o de cada porta \u00e9 reduzido para menos de 0,01% e os Domes produzem imagens de contraste extremamente elevado.<\/p>\n<p>Diferen\u00e7a na qualidade da imagem entre a Fisheye Dome Port 240 e a Optical Dome Port l 165 sob luz de fundo. Equipamento utilizado: Canon 5D Mark lll e EF 16-35mm F2.8L ll. Profundidade: 5 m<\/p>\n<p><strong>Especifica\u00e7\u00f5es<\/strong><br \/>\nDimens\u00f5es (DIAxD): 250 x 120 mm \/ 9,8 x 4,7 polegadas<br \/>\nPeso: Aprox. 2100 g \/ 74,1 oz<br \/>\nProfundidade nominal: 100m \/ 330ft<br \/>\nConstru\u00e7\u00e3o: liga de alum\u00ednio resistente \u00e0 corros\u00e3o (anodizado), vidro de cristal BK7 (c\u00fapula) e resina POM (tampa)<br \/>\nAcess\u00f3rios: Manual de instru\u00e7\u00f5es, v\u00e1lvula de porta de c\u00fapula \u00f3tica, caixa de porta<\/p>","protected":false},"featured_media":134,"comment_status":"closed","ping_status":"closed","template":"","meta":{"_acf_changed":false},"product_cat":[29,28],"product_tag":[42,43,34,35,36,37,38],"class_list":{"0":"post-133","1":"product","2":"type-product","3":"status-publish","4":"has-post-thumbnail","6":"product_cat-domeports","7":"product_cat-porten","8":"product_tag-42","9":"product_tag-43","10":"product_tag-dome","11":"product_tag-ii","12":"product_tag-optical","13":"product_tag-port","14":"product_tag-sea-sea","16":"first","17":"instock","18":"product-type-simple"},"acf":[],"_links":{"self":[{"href":"https:\/\/seaandsea.eu\/pt\/wp-json\/wp\/v2\/product\/133","targetHints":{"allow":["GET"]}}],"collection":[{"href":"https:\/\/seaandsea.eu\/pt\/wp-json\/wp\/v2\/product"}],"about":[{"href":"https:\/\/seaandsea.eu\/pt\/wp-json\/wp\/v2\/types\/product"}],"replies":[{"embeddable":true,"href":"https:\/\/seaandsea.eu\/pt\/wp-json\/wp\/v2\/comments?post=133"}],"wp:featuredmedia":[{"embeddable":true,"href":"https:\/\/seaandsea.eu\/pt\/wp-json\/wp\/v2\/media\/134"}],"wp:attachment":[{"href":"https:\/\/seaandsea.eu\/pt\/wp-json\/wp\/v2\/media?parent=133"}],"wp:term":[{"taxonomy":"product_cat","embeddable":true,"href":"https:\/\/seaandsea.eu\/pt\/wp-json\/wp\/v2\/product_cat?post=133"},{"taxonomy":"product_tag","embeddable":true,"href":"https:\/\/seaandsea.eu\/pt\/wp-json\/wp\/v2\/product_tag?post=133"}],"curies":[{"name":"wp","href":"https:\/\/api.w.org\/{rel}","templated":true}]}}