{"id":1409,"date":"2024-09-11T12:01:33","date_gmt":"2024-09-11T10:01:33","guid":{"rendered":"https:\/\/seaandsea.eu\/?post_type=product&#038;p=1409"},"modified":"2024-09-11T12:11:47","modified_gmt":"2024-09-11T10:11:47","slug":"photo-video-light-kit-lx-1200sw-flood-spot-zwart","status":"publish","type":"product","link":"https:\/\/seaandsea.eu\/pt\/produto\/kit-de-luz-para-fotografia-e-video-lx-1200sw-holofote-preto\/","title":{"rendered":"Kit de ilumina\u00e7\u00e3o para fotografia\/v\u00eddeo LX-1200SW Flood &amp; Spot - preto"},"content":{"rendered":"","protected":false},"excerpt":{"rendered":"<p>Kit de ilumina\u00e7\u00e3o para fotografia\/v\u00eddeo LX-1200SW Flood &amp; Spot - preto<br \/>\nProduto n.\u00ba 09134<\/p>\n<p>Isto \u00e9 o qu\u00e3o bonita e avan\u00e7ada pode ser a ilumina\u00e7\u00e3o subaqu\u00e1tica para fotografia\/v\u00eddeo! Estamos a falar da nova l\u00e2mpada LX da Sea &amp; Sea. Esta l\u00e2mpada de alta qualidade da <strong>JAPANS Corretagem<\/strong> deve ser realmente considerado. Aposto que ficar\u00e1 impressionado com a qualidade, o design e a facilidade de utiliza\u00e7\u00e3o. Atrever-nos-\u00edamos a dizer que n\u00e3o existe nenhum sistema melhor.<\/p>\n<p>Apenas uma breve lista de carater\u00edsticas: (mais destacadas abaixo).<\/p>\n<ol>\n<li><em>Fun\u00e7\u00e3o de l\u00e2mpada dupla: Ponto e inunda\u00e7\u00e3o comut\u00e1veis numa s\u00f3 l\u00e2mpada.\u00a0<\/em><\/li>\n<li><em>COB LED para a mais bela distribui\u00e7\u00e3o uniforme da luz.<\/em><\/li>\n<li><em>Sombras uniformes em vez de sombras m\u00faltiplas gra\u00e7as ao COB<\/em><\/li>\n<li><em>Pot\u00eancia luminosa regul\u00e1vel em 100 ou em 4 n\u00edveis, com mem\u00f3ria para ambas as l\u00e2mpadas.<\/em><\/li>\n<li><em>Sensor de dete\u00e7\u00e3o de flash, desliga brevemente a l\u00e2mpada se houver um flash.<\/em><\/li>\n<li><em>Cabe\u00e7as de l\u00e2mpada intermut\u00e1veis para alterar a pot\u00eancia.<\/em><\/li>\n<li><em>Bateria recarreg\u00e1vel intercambi\u00e1vel que pode ser carregada na l\u00e2mpada ou separadamente sem l\u00e2mpada. Pr\u00e1tico em combina\u00e7\u00e3o com uma segunda bateria.\u00a0<\/em><\/li>\n<li><em>Ecr\u00e3 de leitura clara com visualiza\u00e7\u00e3o de todas as fun\u00e7\u00f5es. Funcionamento simples.<\/em><\/li>\n<li><em>Inclui 5 op\u00e7\u00f5es de montagem.\u00a0<\/em><\/li>\n<\/ol>\n<p>&nbsp;<\/p>\n<p><strong>#1 - Duas luzes em um: Flood e Spot!<\/strong><\/p>\n<p>A l\u00e2mpada pode ser comutada entre ilumina\u00e7\u00e3o de \u00e2ngulo amplo e pontual utilizando os bot\u00f5es de controlo. O \u00e2ngulo de feixe \u00e9 de 100\u00b0 para grande angular e de 30\u00b0 para pontual. Isto \u00e9 conveniente porque permite passar facilmente de grande angular para pontual e de pontual para grande angular, mantendo premido o bot\u00e3o de ligar\/desligar\/ajustar a luz. \u00c9 poss\u00edvel utilizar a luz pontual para olhar em redor enquanto mergulha e, em seguida, mudar para a luz ampla assim que quiser come\u00e7ar a tirar fotografias. O Spot tem a vantagem de consumir muito menos energia do que o Flood. Assim, tem mais tempo debaixo de \u00e1gua para procurar o seu motivo ideal antes de ligar o grande feixe de luz.<\/p>\n<p><strong>#2 - Luz COB com a \"distribui\u00e7\u00e3o central de luz\" ideal mais bonita poss\u00edvel.<\/strong><\/p>\n<p>A fonte de luz \u00e9 COB (LED), que tem uma reputa\u00e7\u00e3o estabelecida de distribui\u00e7\u00e3o uniforme da luz. A conce\u00e7\u00e3o original adapta o COB a uma forma de rosca. A fonte de luz ampla \u00e9 colocada no donut e os LEDs de luz pontual s\u00e3o colocados no centro da superf\u00edcie emissora (o orif\u00edcio do donut). Quer se trate de uma ilumina\u00e7\u00e3o ampla ou pontual, o eixo \u00f3tico encontra-se no centro da superf\u00edcie emissora e garante uma ilumina\u00e7\u00e3o \u00f3ptima em qualquer momento.<\/p>\n<p><strong>Novo tipo de \"COB\".<\/strong><br \/>\nO 'COB' \u00e9 um tipo de LED. \u00c9 a abreviatura de \"Chip on board\" e, como o nome sugere, v\u00e1rios chips de LED s\u00e3o colocados diretamente na placa. Como v\u00e1rios chips de LED est\u00e3o dispostos de forma concentrada, obt\u00e9m-se uma lumin\u00e2ncia elevada. Uma grande \u00e1rea tamb\u00e9m pode ser iluminada uniformemente, uma vez que a luz \u00e9 emitida atrav\u00e9s de uma superf\u00edcie. A SEA&amp;SEA \u00e9 a primeira no Jap\u00e3o a colocar \"COB\" na forma de um donut. Mesmo com muita luz, \u00e9 menos prov\u00e1vel que apare\u00e7am sombras no centro, resultando numa luz uniforme.<\/p>\n<p><strong>#3 - Evita claramente as sombras m\u00faltiplas gra\u00e7as ao LED COB.<\/strong><\/p>\n<p>A COB elimina as \"sombras m\u00faltiplas\" tanto na ilumina\u00e7\u00e3o de \u00e1rea ampla como na ilumina\u00e7\u00e3o pontual. As sombras naturais real\u00e7am o objeto de forma clara e n\u00edtida, tornando-a uma luz ideal para fotografia e ilumina\u00e7\u00e3o de v\u00eddeo.<\/p>\n<p><strong>M\u00faltiplas sombras <\/strong><br \/>\nSombras exclusivas da ilumina\u00e7\u00e3o LED. Quando um objeto \u00e9 iluminado por uma ilumina\u00e7\u00e3o LED composta por v\u00e1rias sec\u00e7\u00f5es luminosas, s\u00e3o produzidas sombras m\u00faltiplas n\u00e3o naturais, diferentes das produzidas pela luz solar. As sombras m\u00faltiplas podem obscurecer o contorno de um objeto e reduzir a sua visibilidade. A fonte de luz \u00fanica COB n\u00e3o produz sombras m\u00faltiplas.<\/p>\n<p><strong># 4 - Quatro ou 100 passos <\/strong><strong>regula\u00e7\u00e3o da luz, com mem\u00f3ria de desligamento para ambas as fontes de luz.<\/strong><\/p>\n<p><strong>Regula\u00e7\u00e3o da luz em 4 passos (em passos de 25%) <\/strong><br \/>\nPara um ajuste da luz em 4 passos, prima o bot\u00e3o de ligar\/desligar\/ajuste da luz quando a luz estiver ligada. Este circula entre 25%, 50%, 75% e 100% por press\u00e3o para ajustar a intensidade da luz de acordo com a situa\u00e7\u00e3o. A intensidade da luz \u00e9 claramente vis\u00edvel no ecr\u00e3 %.<\/p>\n<p><strong>Ajuste da luz em 100 passos (em passos de 1%) <\/strong><br \/>\nO ajuste da luz em 100 passos de 0 a 100% \u00e9 efectuado utilizando os bot\u00f5es de ajuste da intensidade da luz nos lados esquerdo e direito. \u00c9 poss\u00edvel um ajuste subtil em incrementos de 1%. A indica\u00e7\u00e3o digital do ajuste fino de % \u00e9 claramente leg\u00edvel no ecr\u00e3.<\/p>\n<p><strong>Fun\u00e7\u00e3o de mem\u00f3ria <\/strong><br \/>\nAs LX-Lights est\u00e3o equipadas com uma \"fun\u00e7\u00e3o de mem\u00f3ria\" que faz com que a l\u00e2mpada conserve a configura\u00e7\u00e3o em que foi desligada. Assim que a l\u00e2mpada for ligada novamente, estar\u00e1 na mesma defini\u00e7\u00e3o. que se liga novamente com a mesma intensidade de luz de quando a l\u00e2mpada foi desligada. \u00c9 especialmente \u00fatil durante a grava\u00e7\u00e3o de v\u00eddeo, uma vez que se liga com a mesma intensidade de luz de quando a l\u00e2mpada foi desligada.<\/p>\n<p><strong>#5 - Sensor de dete\u00e7\u00e3o de flash incorporado (comut\u00e1vel para ligado e desligado) para utiliza\u00e7\u00e3o com um flash externo.\u00a0<\/strong><\/p>\n<p>As luzes Sea &amp; Sea LX est\u00e3o equipadas com um \"sensor de dete\u00e7\u00e3o de flash\" que detecta a luz do flash externo e, nesse momento, desliga automaticamente a luz por breves instantes e volta a lig\u00e1-la um segundo depois. Uma vez que a luz se desliga em resposta \u00e0 emiss\u00e3o da luz do flash, a luz de v\u00eddeo n\u00e3o afecta a fotografia quando a luz spot \u00e9 utilizada como luz de focagem, por exemplo. A luz ampla pode ser utilizada para procurar motivos ou ver os arredores e tirar fotografias sem se preocupar com uma exposi\u00e7\u00e3o irregular ou com o desvanecimento da cor.<\/p>\n<p><strong>#6 - Mudan\u00e7a de pot\u00eancia atrav\u00e9s da substitui\u00e7\u00e3o da cabe\u00e7a de l\u00e2mpada!<\/strong><\/p>\n<p>As s\u00e9ries de candeeiros LX t\u00eam todas o mesmo inv\u00f3lucro. As cabe\u00e7as de l\u00e2mpada s\u00e3o compat\u00edveis. A cabe\u00e7a de l\u00e2mpada LX2400SW FS pode ser utilizada como uma caixa de 2400 lm e a cabe\u00e7a de l\u00e2mpada LX-4000SW FS pode ser utilizada como uma caixa de 4000 lm quando ajustada \u00e0 LX-1200SW FS.<\/p>\n<p><em>*\u00c9 necess\u00e1rio ajustar a regula\u00e7\u00e3o depois de substituir a cabe\u00e7a de l\u00e2mpada.<\/em><em><br \/>\nPara mais informa\u00e7\u00f5es, consulte o manual do utilizador.<\/em><\/p>\n<p><strong>#7 - Duas op\u00e7\u00f5es de carregamento da bateria.\u00a0<\/strong><\/p>\n<p>O corpo compacto acomoda a bateria de i\u00f5es de l\u00edtio de grande capacidade de 3400 mAh. Pode ser carregada de 2 formas.<\/p>\n<p><strong>1. carregamento atrav\u00e9s da luz exterior<\/strong><\/p>\n<p>A bateria pode ser carregada diretamente ligando a ficha de carregamento especial fornecida na parte de tr\u00e1s ao conetor do controlo remoto (p\u00f3lo magn\u00e9tico) na parte de tr\u00e1s da caixa, enquanto a bateria permanece ligada \u00e0 caixa. Como n\u00e3o \u00e9 necess\u00e1rio retirar a pilha da caixa, n\u00e3o h\u00e1 risco de fugas devido a um fecho incorreto da l\u00e2mpada.<\/p>\n<p><strong>2. Carregamento atrav\u00e9s de bateria, sem l\u00e2mpada<\/strong><\/p>\n<p>A bateria pode ser retirada da caixa e carregada diretamente com o carregador. Isto permite-lhe trabalhar com 2 ou mais pilhas. Quando a l\u00e2mpada est\u00e1 a ser utilizada, a pilha de reserva pode ser carregada ao mesmo tempo.<br \/>\n*Tamb\u00e9m \u00e9 bom saber que a bateria pode ser retirada quando \u00e9 levada como bagagem de m\u00e3o no avi\u00e3o.<\/p>\n<p><strong>#8 - Ecr\u00e3 de painel de f\u00e1cil leitura e opera\u00e7\u00e3o c\u00f3moda.<\/strong><\/p>\n<p>Uma variedade de fun\u00e7\u00f5es \u00e9 apresentada num ecr\u00e3 LCD a cores altamente vis\u00edvel. A \"intensidade da luz\" e o \"tempo de ilumina\u00e7\u00e3o restante\", os mais importantes debaixo de \u00e1gua, s\u00e3o apresentados em grande parte no mesmo ecr\u00e3 de f\u00e1cil leitura. A intensidade da luz pode ser ajustada com os bot\u00f5es de controlo enquanto se visualiza o visor do painel. Quando a pilha restante est\u00e1 fraca, reduz automaticamente a intensidade da luz para 20% e o indicador da pilha fica intermitente. O ecr\u00e3 apresenta \"10min\" e inicia a contagem decrescente.<\/p>\n<p><strong>Fun\u00e7\u00f5es e vistas adicionais\u00a0<\/strong><\/p>\n<p>A l\u00e2mpada est\u00e1 preparada com carater\u00edsticas para prevenir potenciais problemas e prestar assist\u00eancia durante emerg\u00eancias improv\u00e1veis.<\/p>\n<p>Modo de seguran\u00e7a: Quando a pilha est\u00e1 fraca, a intensidade da luz \u00e9 automaticamente reduzida para 20% e o indicador da pilha fica intermitente. O visor apresenta a indica\u00e7\u00e3o \"10min\" e inicia a contagem decrescente.<\/p>\n<p>Modo de prote\u00e7\u00e3o contra temperaturas elevadas: Se a cabe\u00e7a de l\u00e2mpada atingir uma temperatura de 55 \u00b0C (131 \u00b0F) ou superior durante o funcionamento, passa automaticamente para o modo de prote\u00e7\u00e3o e reduz a intensidade da luz para 20% do m\u00e1ximo.<\/p>\n<p>Modo de sinal intermitente: Pisca rapidamente se mantiver premido o bot\u00e3o de regula\u00e7\u00e3o da intensidade da luz (+) e o bot\u00e3o de regula\u00e7\u00e3o de ligar\/desligar\/luz em simult\u00e2neo durante cerca de 2 segundos. \u00datil como sinal para o seu companheiro ou como sinal durante os mergulhos noturnos.<\/p>\n<p>Modo SOS: Pisca como sinal de emerg\u00eancia para salvamento no modo SOS, premindo e mantendo premido o bot\u00e3o de regula\u00e7\u00e3o da intensidade da luz (-) e o bot\u00e3o de regula\u00e7\u00e3o de ligar\/desligar\/luz em simult\u00e2neo durante cerca de 2 segundos.<\/p>\n<p><strong>#9 - Vasta gama de adaptadores de montagem<\/strong><\/p>\n<p>A embalagem inclui v\u00e1rios adaptadores. Por exemplo, o punho da pistola para utilizar a l\u00e2mpada como uma l\u00e2mpada de m\u00e3o. E tamb\u00e9m 4 suportes, suporte YS, suporte esf\u00e9rico, suporte GoPro e um suporte Loc-line que pode ser utilizado para montar a l\u00e2mpada da forma pretendida no bra\u00e7o ou na caixa.<\/p>\n<p>Cada acess\u00f3rio deve ser fixado firmemente com parafusos de fixa\u00e7\u00e3o da base, uma vez inserido no suporte da base da l\u00e2mpada.<\/p>","protected":false},"featured_media":1422,"comment_status":"open","ping_status":"closed","template":"","meta":{"_acf_changed":false},"product_cat":[274],"product_tag":[276,246,146,275,38,147,148,39],"class_list":{"0":"post-1409","1":"product","2":"type-product","3":"status-publish","4":"has-post-thumbnail","6":"product_cat-lampen","7":"product_tag-276","8":"product_tag-duiken","9":"product_tag-fotografie","10":"product_tag-lx-lights","11":"product_tag-sea-sea","12":"product_tag-sea-and-sea","13":"product_tag-sea-en-sea","14":"product_tag-seasea","16":"first","17":"instock","18":"featured","19":"shipping-taxable","20":"product-type-simple"},"acf":[],"_links":{"self":[{"href":"https:\/\/seaandsea.eu\/pt\/wp-json\/wp\/v2\/product\/1409","targetHints":{"allow":["GET"]}}],"collection":[{"href":"https:\/\/seaandsea.eu\/pt\/wp-json\/wp\/v2\/product"}],"about":[{"href":"https:\/\/seaandsea.eu\/pt\/wp-json\/wp\/v2\/types\/product"}],"replies":[{"embeddable":true,"href":"https:\/\/seaandsea.eu\/pt\/wp-json\/wp\/v2\/comments?post=1409"}],"wp:featuredmedia":[{"embeddable":true,"href":"https:\/\/seaandsea.eu\/pt\/wp-json\/wp\/v2\/media\/1422"}],"wp:attachment":[{"href":"https:\/\/seaandsea.eu\/pt\/wp-json\/wp\/v2\/media?parent=1409"}],"wp:term":[{"taxonomy":"product_cat","embeddable":true,"href":"https:\/\/seaandsea.eu\/pt\/wp-json\/wp\/v2\/product_cat?post=1409"},{"taxonomy":"product_tag","embeddable":true,"href":"https:\/\/seaandsea.eu\/pt\/wp-json\/wp\/v2\/product_tag?post=1409"}],"curies":[{"name":"wp","href":"https:\/\/api.w.org\/{rel}","templated":true}]}}