{"id":1510,"date":"2025-03-31T17:15:35","date_gmt":"2025-03-31T15:15:35","guid":{"rendered":"https:\/\/seaandsea.eu\/?post_type=product&#038;p=1510"},"modified":"2025-03-31T17:16:56","modified_gmt":"2025-03-31T15:16:56","slug":"lx-snoot-for-lx-lights","status":"publish","type":"product","link":"https:\/\/seaandsea.eu\/pt\/produto\/snoot-lx-para-luzes-lx\/","title":{"rendered":"LX Snoot para LX-Lights"},"content":{"rendered":"<p>Kit Snoot exclusivo para l\u00e2mpadas LX. Quando instalado, bloqueia a luz que atinge o ambiente e proporciona uma ilumina\u00e7\u00e3o precisa do objeto. Os detalhes e as cores sobressaem, permitindo-lhe tirar fotografias mais coloridas. Permite a cria\u00e7\u00e3o de um efeito tridimensional, a utiliza\u00e7\u00e3o experimental da luz e das sombras e uma express\u00e3o art\u00edstica \u00fanica que elimina o preto e real\u00e7a o motivo.<br \/>\n*As l\u00e2mpadas LX devem ser utilizadas no \"modo de proje\u00e7\u00e3o\".<\/p>\n<p>Um conjunto de an\u00e9is de base e 3 tipos de adaptadores. Existem tr\u00eas tipos de adaptadores: 20 mm, 10 mm e 5 mm. Os adaptadores podem ser substitu\u00eddos para os adaptar \u00e0 gama de irradia\u00e7\u00e3o. As combina\u00e7\u00f5es 20 mm + 10 mm e 20 mm + 5 mm tamb\u00e9m podem ser utilizadas, permitindo a irradia\u00e7\u00e3o a uma dist\u00e2ncia do objeto (com alguma redu\u00e7\u00e3o da luz).<\/p>","protected":false},"excerpt":{"rendered":"<p>Kit Snoot exclusivo para as l\u00e2mpadas LX. Quando instalado, bloqueia a luz que atinge o ambiente circundante e proporciona uma ilumina\u00e7\u00e3o precisa do [...]<\/p>","protected":false},"featured_media":1511,"comment_status":"open","ping_status":"closed","template":"","meta":{"_acf_changed":false},"product_cat":[282],"product_tag":[251,246,277,275,168,38,147,148,39],"class_list":{"0":"post-1510","1":"product","2":"type-product","3":"status-publish","4":"has-post-thumbnail","6":"product_cat-accessoires-lampen","7":"product_tag-accessoires","8":"product_tag-duiken","9":"product_tag-lights","10":"product_tag-lx-lights","11":"product_tag-onderwater","12":"product_tag-sea-sea","13":"product_tag-sea-and-sea","14":"product_tag-sea-en-sea","15":"product_tag-seasea","17":"first","18":"instock","19":"featured","20":"shipping-taxable","21":"product-type-simple"},"acf":[],"_links":{"self":[{"href":"https:\/\/seaandsea.eu\/pt\/wp-json\/wp\/v2\/product\/1510","targetHints":{"allow":["GET"]}}],"collection":[{"href":"https:\/\/seaandsea.eu\/pt\/wp-json\/wp\/v2\/product"}],"about":[{"href":"https:\/\/seaandsea.eu\/pt\/wp-json\/wp\/v2\/types\/product"}],"replies":[{"embeddable":true,"href":"https:\/\/seaandsea.eu\/pt\/wp-json\/wp\/v2\/comments?post=1510"}],"wp:featuredmedia":[{"embeddable":true,"href":"https:\/\/seaandsea.eu\/pt\/wp-json\/wp\/v2\/media\/1511"}],"wp:attachment":[{"href":"https:\/\/seaandsea.eu\/pt\/wp-json\/wp\/v2\/media?parent=1510"}],"wp:term":[{"taxonomy":"product_cat","embeddable":true,"href":"https:\/\/seaandsea.eu\/pt\/wp-json\/wp\/v2\/product_cat?post=1510"},{"taxonomy":"product_tag","embeddable":true,"href":"https:\/\/seaandsea.eu\/pt\/wp-json\/wp\/v2\/product_tag?post=1510"}],"curies":[{"name":"wp","href":"https:\/\/api.w.org\/{rel}","templated":true}]}}