{"id":153,"date":"2024-02-16T08:13:37","date_gmt":"2024-02-16T07:13:37","guid":{"rendered":"https:\/\/eager-benz.45-82-188-209.plesk.page\/product\/rdx-port-base-l-30109\/"},"modified":"2024-04-18T13:25:56","modified_gmt":"2024-04-18T11:25:56","slug":"rdx-port-base-l","status":"publish","type":"product","link":"https:\/\/seaandsea.eu\/pt\/produto\/rdx-porto-base-l\/","title":{"rendered":"Base do porto RDX L"},"content":{"rendered":"","protected":false},"excerpt":{"rendered":"<p>Base do porto RDX L<br \/>\nProduto n.\u00ba 30109<\/p>\n<p><span><strong>Especifica\u00e7\u00f5es<\/strong><br \/>\nDimens\u00f5es (DIAxD): 132x55mm \/ 5.3\u00d72.2inch<br \/>\nPeso: Aprox. 300 g \/ 10,5 oz<br \/>\nProfundidade nominal: 100m \/ 330ft<br \/>\nConstru\u00e7\u00e3o: liga de alum\u00ednio resistente \u00e0 corros\u00e3o (anodizado)<br \/>\nDist\u00e2ncia entre a montagem e a frente: 31,2 mm \/ 1,2 polegadas<\/span><\/p>","protected":false},"featured_media":154,"comment_status":"closed","ping_status":"closed","template":"","meta":{"_acf_changed":false},"product_cat":[80,28],"product_tag":[81,82,83,37,76,38],"class_list":{"0":"post-153","1":"product","2":"type-product","3":"status-publish","4":"has-post-thumbnail","6":"product_cat-port-bases","7":"product_cat-porten","8":"product_tag-81","9":"product_tag-base","10":"product_tag-l","11":"product_tag-port","12":"product_tag-rdx","13":"product_tag-sea-sea","15":"first","16":"instock","17":"product-type-simple"},"acf":[],"_links":{"self":[{"href":"https:\/\/seaandsea.eu\/pt\/wp-json\/wp\/v2\/product\/153","targetHints":{"allow":["GET"]}}],"collection":[{"href":"https:\/\/seaandsea.eu\/pt\/wp-json\/wp\/v2\/product"}],"about":[{"href":"https:\/\/seaandsea.eu\/pt\/wp-json\/wp\/v2\/types\/product"}],"replies":[{"embeddable":true,"href":"https:\/\/seaandsea.eu\/pt\/wp-json\/wp\/v2\/comments?post=153"}],"wp:featuredmedia":[{"embeddable":true,"href":"https:\/\/seaandsea.eu\/pt\/wp-json\/wp\/v2\/media\/154"}],"wp:attachment":[{"href":"https:\/\/seaandsea.eu\/pt\/wp-json\/wp\/v2\/media?parent=153"}],"wp:term":[{"taxonomy":"product_cat","embeddable":true,"href":"https:\/\/seaandsea.eu\/pt\/wp-json\/wp\/v2\/product_cat?post=153"},{"taxonomy":"product_tag","embeddable":true,"href":"https:\/\/seaandsea.eu\/pt\/wp-json\/wp\/v2\/product_tag?post=153"}],"curies":[{"name":"wp","href":"https:\/\/api.w.org\/{rel}","templated":true}]}}