{"id":1530,"date":"2026-01-15T16:45:07","date_gmt":"2026-01-15T15:45:07","guid":{"rendered":"https:\/\/seaandsea.eu\/?post_type=product&#038;p=1530"},"modified":"2026-01-15T16:45:07","modified_gmt":"2026-01-15T15:45:07","slug":"ys-d130r","status":"publish","type":"product","link":"https:\/\/seaandsea.eu\/pt\/produto\/ys-d130r\/","title":{"rendered":"YS-D130R"},"content":{"rendered":"<p data-start=\"119\" data-end=\"181\">O novo flash da Sea &amp; Sea \u00e9 o <strong data-start=\"168\" data-end=\"180\">YS-D130R<\/strong>.<\/p>\n<p data-start=\"183\" data-end=\"430\">Um flash potente com uma sa\u00edda de luz de <strong data-start=\"232\" data-end=\"256\">130 watts por segundo<\/strong>. Equipado com um <strong data-start=\"276\" data-end=\"291\">flash de anel<\/strong> para uma ilumina\u00e7\u00e3o \u00f3ptima e uniforme do objeto. Funciona num <strong data-start=\"369\" data-end=\"390\">Bateria (vers\u00e3o Pro)<\/strong> ou <strong data-start=\"394\" data-end=\"429\">Pilhas AA (vers\u00e3o standard)<\/strong>.<\/p>\n<p data-start=\"432\" data-end=\"446\"><strong data-start=\"432\" data-end=\"446\">Caracter\u00edsticas:<\/strong><\/p>\n<ul data-start=\"447\" data-end=\"1456\">\n<li data-start=\"447\" data-end=\"493\">\n<p data-start=\"449\" data-end=\"493\">Flash redondo para uma ilumina\u00e7\u00e3o uniforme<\/p>\n<\/li>\n<li data-start=\"494\" data-end=\"548\">\n<p data-start=\"496\" data-end=\"548\">Unidade de flash de anel YS-D130R \/ tubo de flash standard (reto)<\/p>\n<\/li>\n<li data-start=\"549\" data-end=\"628\">\n<p data-start=\"551\" data-end=\"628\">Modo RC oficialmente certificado por <strong data-start=\"590\" data-end=\"626\">OM Digital Solutions Corporation<\/strong><\/p>\n<\/li>\n<li data-start=\"629\" data-end=\"695\">\n<p data-start=\"631\" data-end=\"695\">Ecr\u00e3 LCD para uma experi\u00eancia de utilizador significativamente melhorada<\/p>\n<\/li>\n<li data-start=\"696\" data-end=\"815\">\n<p data-start=\"698\" data-end=\"815\">Bateria especial de i\u00f5es de l\u00edtio e sistema de alimenta\u00e7\u00e3o dupla<br data-start=\"744\" data-end=\"747\" \/>(<em data-start=\"750\" data-end=\"812\">A bateria de i\u00f5es de l\u00edtio est\u00e1 inclu\u00edda de s\u00e9rie no pacote PRO<\/em>)<\/p>\n<\/li>\n<li data-start=\"816\" data-end=\"858\">\n<p data-start=\"818\" data-end=\"858\">Novo: <strong data-start=\"825\" data-end=\"856\">Modo HSS (Sincroniza\u00e7\u00e3o de alta velocidade)<\/strong><\/p>\n<\/li>\n<li data-start=\"859\" data-end=\"1081\">\n<p data-start=\"861\" data-end=\"1081\">O HSS permite disparar o flash com velocidades do obturador mais r\u00e1pidas do que a velocidade de sincroniza\u00e7\u00e3o normal da c\u00e2mara<br data-start=\"958\" data-end=\"961\" \/>(<em data-start=\"964\" data-end=\"1078\">Deve ser instalado um conversor HSS-TTL na caixa para ativar o modo HSS na YS-D130R<\/em>)<\/p>\n<\/li>\n<li data-start=\"1082\" data-end=\"1118\">\n<p data-start=\"1084\" data-end=\"1118\">Novo design da tampa da bateria<\/p>\n<\/li>\n<li data-start=\"1119\" data-end=\"1299\">\n<p data-start=\"1121\" data-end=\"1226\"><strong data-start=\"1121\" data-end=\"1137\">4 modos de grava\u00e7\u00e3o<\/strong>O YS-D130R oferece quatro modos de disparo que se adaptam \u00e0 sua c\u00e2mara e \u00e0 situa\u00e7\u00e3o de disparo:<\/p>\n<ul data-start=\"1229\" data-end=\"1299\">\n<li data-start=\"1229\" data-end=\"1241\">\n<p data-start=\"1231\" data-end=\"1241\">Modo RC<\/p>\n<\/li>\n<li data-start=\"1244\" data-end=\"1264\">\n<p data-start=\"1246\" data-end=\"1264\">Modo manual<\/p>\n<\/li>\n<li data-start=\"1267\" data-end=\"1283\">\n<p data-start=\"1269\" data-end=\"1283\">Modo DS-TTL<\/p>\n<\/li>\n<li data-start=\"1286\" data-end=\"1299\">\n<p data-start=\"1288\" data-end=\"1299\">Modo HSS<\/p>\n<\/li>\n<\/ul>\n<\/li>\n<li data-start=\"1300\" data-end=\"1330\">\n<p data-start=\"1302\" data-end=\"1330\">Fun\u00e7\u00e3o de flash de repeti\u00e7\u00e3o r\u00e1pida<\/p>\n<\/li>\n<li data-start=\"1331\" data-end=\"1363\">\n<p data-start=\"1333\" data-end=\"1363\">Melhoria da ilumina\u00e7\u00e3o de ajuste<\/p>\n<\/li>\n<li data-start=\"1364\" data-end=\"1405\">\n<p data-start=\"1366\" data-end=\"1405\">Fun\u00e7\u00f5es personaliz\u00e1veis pelo utilizador<\/p>\n<\/li>\n<li data-start=\"1406\" data-end=\"1426\">\n<p data-start=\"1408\" data-end=\"1426\">Tempo de carregamento curto<\/p>\n<\/li>\n<li data-start=\"1427\" data-end=\"1456\">\n<p data-start=\"1429\" data-end=\"1456\">Luz natural e suave<\/p>\n<\/li>\n<\/ul>","protected":false},"excerpt":{"rendered":"<p>A nova unidade de flash da Sea &amp; Sea \u00e9 o YS-D130R. Um flash potente com uma sa\u00edda de luz de 130 watts por segundo. Equipado com [...]<\/p>","protected":false},"featured_media":1532,"comment_status":"open","ping_status":"closed","template":"","meta":{"_acf_changed":false},"product_cat":[142],"product_tag":[],"class_list":{"0":"post-1530","1":"product","2":"type-product","3":"status-publish","4":"has-post-thumbnail","6":"product_cat-flitsers","8":"first","9":"instock","10":"shipping-taxable","11":"product-type-simple"},"acf":[],"_links":{"self":[{"href":"https:\/\/seaandsea.eu\/pt\/wp-json\/wp\/v2\/product\/1530","targetHints":{"allow":["GET"]}}],"collection":[{"href":"https:\/\/seaandsea.eu\/pt\/wp-json\/wp\/v2\/product"}],"about":[{"href":"https:\/\/seaandsea.eu\/pt\/wp-json\/wp\/v2\/types\/product"}],"replies":[{"embeddable":true,"href":"https:\/\/seaandsea.eu\/pt\/wp-json\/wp\/v2\/comments?post=1530"}],"wp:featuredmedia":[{"embeddable":true,"href":"https:\/\/seaandsea.eu\/pt\/wp-json\/wp\/v2\/media\/1532"}],"wp:attachment":[{"href":"https:\/\/seaandsea.eu\/pt\/wp-json\/wp\/v2\/media?parent=1530"}],"wp:term":[{"taxonomy":"product_cat","embeddable":true,"href":"https:\/\/seaandsea.eu\/pt\/wp-json\/wp\/v2\/product_cat?post=1530"},{"taxonomy":"product_tag","embeddable":true,"href":"https:\/\/seaandsea.eu\/pt\/wp-json\/wp\/v2\/product_tag?post=1530"}],"curies":[{"name":"wp","href":"https:\/\/api.w.org\/{rel}","templated":true}]}}