{"id":251,"date":"2024-02-16T08:13:56","date_gmt":"2024-02-16T07:13:56","guid":{"rendered":"https:\/\/eager-benz.45-82-188-209.plesk.page\/product\/mdx-d850-behuizing-voor-nikon-d850-06187\/"},"modified":"2024-04-18T12:19:15","modified_gmt":"2024-04-18T10:19:15","slug":"mdx-d850-behuizing-voor-nikon-d850","status":"publish","type":"product","link":"https:\/\/seaandsea.eu\/pt\/produto\/mdx-d850-behuizing-voor-nikon-d850\/","title":{"rendered":"Estojo MDX-D850 para a Nikon D850"},"content":{"rendered":"","protected":false},"excerpt":{"rendered":"<p><span class=\"tlid-translation translation\" lang=\"nl\">MDX-D850 (preto) (apenas a caixa)<br \/>\nProduto n.\u00ba 06187<\/p>\n<p>Caixa subaqu\u00e1tica para Nikon D850<\/p>\n<p><strong>Muito mais leve do que as caixas anteriores<\/strong>.<br \/>\nUtilizando uma maquina\u00e7\u00e3o de precis\u00e3o sem precedentes, as dimens\u00f5es da caixa s\u00e3o semelhantes \u00e0s da c\u00e2mara. Al\u00e9m disso, o design interno revisto tamb\u00e9m contribuiu para reduzir o peso. A MDX-D850 \u00e9 cerca de 11% (350 g \/ 12,3 oz) mais leve do que a anterior caixa MDX-D810.<\/p>\n<p>V\u00e1rios controlos podem ser accionados enquanto se segura nos punhos.<br \/>\nOs mostradores de ajuste principal e secund\u00e1rio utilizados com frequ\u00eancia est\u00e3o agora localizados diretamente no lado direito da caixa. ISO, REC e outras fun\u00e7\u00f5es da c\u00e2mara podem ser controladas com alavancas externas enquanto segura os punhos. A fun\u00e7\u00e3o de bloqueio AF permite-lhe fixar o ponto de focagem conforme desejado.<\/p>\n<p>O conversor \u00f3tico YS \/ N1 pode ser integrado na caixa<\/p>\n<p>Compat\u00edvel com o conversor \u00f3tico YS \/ N1 para a caixa MDX, que converte o sinal TTL da sapata da c\u00e2mara num sinal de luz. Tanto as defini\u00e7\u00f5es de flash TTL como as manuais podem ser utilizadas e controladas a partir da caixa utilizando um cabo de fibra \u00f3tica II.<br \/>\n* \u00c9 necess\u00e1rio um cabo de fibra \u00f3tica II quando se utiliza o conversor YS \u00f3tico.<br \/>\n* Os n\u00fameros de s\u00e9rie 124000274 e superiores s\u00e3o compat\u00edveis com a Nikon D850. Os n\u00fameros de s\u00e9rie inferiores a 124000274 n\u00e3o s\u00e3o compat\u00edveis. \u00c9 necess\u00e1rio um novo firmware e\/ou convers\u00e3o do conversor.<\/p>\n<p>Todos os mostradores t\u00eam uma mola (amortecedor) para evitar que os controlos deslizem, mesmo que os tamanhos das c\u00e2maras variem ligeiramente ou mesmo que as engrenagens ou outros componentes se desgastem ligeiramente.<\/p>\n<p><strong>MDX-D850 Outras fun\u00e7\u00f5es<\/strong><br \/>\n-O fecho do port\u00e3o impede que o port\u00e3o rode ou se solte e a alavanca do fecho do port\u00e3o est\u00e1 especialmente posicionada para impedir o desbloqueio acidental.<br \/>\n-A caixa possui um bot\u00e3o de bloqueio da lente que facilita a troca de lentes sem abrir a caixa.<br \/>\n-O controlo de dioptrias da c\u00e2mara pode ser operado a partir do exterior do compartimento. Esta fun\u00e7\u00e3o \u00e9 \u00fatil quando duas ou mais pessoas com vis\u00e3o diferente est\u00e3o a utilizar o compartimento.<br \/>\n-A extens\u00e3o do seletor de focagem\/zoom proporciona espa\u00e7o suficiente no compartimento para acomodar facilmente lentes de maior di\u00e2metro.<br \/>\n-Todos os controlos t\u00eam autocolantes que brilham no escuro e que se iluminam em ambientes escuros.<br \/>\n-Equipado com o visor \u00f3tico standard de 0,5x. Podem ser utilizados outros visores opcionais, como o VF180 1.2x, o VF45 1.2x e o visor \u00f3tico 0.8x.<br \/>\n* Quando a VF180 1.2x \u00e9 montada na caixa da MDX-D850, a parte inferior do visor da c\u00e2mara (onde s\u00e3o apresentados os dados de disparo) n\u00e3o pode ser visualizada devido a detritos de luz.<br \/>\n-O conetor de 2 pinos do cabo de sincroniza\u00e7\u00e3o permite a utiliza\u00e7\u00e3o de um cabo de sincroniza\u00e7\u00e3o convencional com fios (apenas no modo manual).<br \/>\n-A porta de acess\u00f3rios permite a utiliza\u00e7\u00e3o do Leak Sentinel (sensor de v\u00e1cuo).<br \/>\n-Equipado com dois d\u00edodos de zinco (um \u00e0 frente e outro atr\u00e1s) para evitar danos causados pela eletr\u00f3lise.<br \/>\n-O sensor de fugas incorporado alerta-o imediatamente para a entrada de \u00e1gua.<br \/>\n-A montagem do parafuso de suporte est\u00e1 localizada na parte inferior central da caixa.<\/p>\n<p><strong>Especifica\u00e7\u00f5es<\/strong><br \/>\nMDX-D850<br \/>\n[Constru\u00e7\u00e3o] Corpo: liga de alum\u00ednio resistente \u00e0 corros\u00e3o (maquinado)<br \/>\nPunho: liga de alum\u00ednio fundido resistente \u00e0 corros\u00e3o<br \/>\n[Classifica\u00e7\u00e3o de profundidade] 100m \/ 330ft<br \/>\n[Dimens\u00f5es (LxAxP)] 346 x 202 x 140 mm \/ 13,6 x 8,0 x 5,5 polegadas<br \/>\n[Peso] Aprox. 2.850g \/ 101oz (apenas a caixa)<\/span><\/p>","protected":false},"featured_media":252,"comment_status":"closed","ping_status":"closed","template":"","meta":{"_acf_changed":false},"product_cat":[150],"product_tag":[151,152,153,155,54,38,147,148],"class_list":{"0":"post-251","1":"product","2":"type-product","3":"status-publish","4":"has-post-thumbnail","6":"product_cat-behuizingen","7":"product_tag-behuizing","8":"product_tag-camera","9":"product_tag-camerabehuizing","10":"product_tag-d850","11":"product_tag-nikon","12":"product_tag-sea-sea","13":"product_tag-sea-and-sea","14":"product_tag-sea-en-sea","16":"first","17":"instock","18":"product-type-simple"},"acf":[],"_links":{"self":[{"href":"https:\/\/seaandsea.eu\/pt\/wp-json\/wp\/v2\/product\/251","targetHints":{"allow":["GET"]}}],"collection":[{"href":"https:\/\/seaandsea.eu\/pt\/wp-json\/wp\/v2\/product"}],"about":[{"href":"https:\/\/seaandsea.eu\/pt\/wp-json\/wp\/v2\/types\/product"}],"replies":[{"embeddable":true,"href":"https:\/\/seaandsea.eu\/pt\/wp-json\/wp\/v2\/comments?post=251"}],"wp:featuredmedia":[{"embeddable":true,"href":"https:\/\/seaandsea.eu\/pt\/wp-json\/wp\/v2\/media\/252"}],"wp:attachment":[{"href":"https:\/\/seaandsea.eu\/pt\/wp-json\/wp\/v2\/media?parent=251"}],"wp:term":[{"taxonomy":"product_cat","embeddable":true,"href":"https:\/\/seaandsea.eu\/pt\/wp-json\/wp\/v2\/product_cat?post=251"},{"taxonomy":"product_tag","embeddable":true,"href":"https:\/\/seaandsea.eu\/pt\/wp-json\/wp\/v2\/product_tag?post=251"}],"curies":[{"name":"wp","href":"https:\/\/api.w.org\/{rel}","templated":true}]}}