{"id":287,"date":"2024-02-16T08:14:02","date_gmt":"2024-02-16T07:14:02","guid":{"rendered":"https:\/\/eager-benz.45-82-188-209.plesk.page\/product\/sa8-slide-ball-base-22117\/"},"modified":"2024-04-19T16:23:17","modified_gmt":"2024-04-19T14:23:17","slug":"sa8-slide-ball-base-22117","status":"publish","type":"product","link":"https:\/\/seaandsea.eu\/pt\/produto\/sa8-slide-ball-base-22117\/","title":{"rendered":"Base de esfera deslizante SA8"},"content":{"rendered":"","protected":false},"excerpt":{"rendered":"<p>Base de esfera deslizante SA8<br \/>\nArtigo: 22117<\/p>\n<p>O sistema de bra\u00e7o Sea &amp; Sea Sea Arm 8 tem muitas possibilidades. \u00c9 modular e pode ser adaptado a qualquer sistema de c\u00e2mara.<br \/>\nO SA8 \u00e9 fabricado com materiais da mais alta qualidade e, por isso, \u00e9 robusto e duradouro na sua utiliza\u00e7\u00e3o.<\/p>\n<p>Observe tamb\u00e9m os outros elementos para montar e utilizar de forma \u00f3ptima a sua exposi\u00e7\u00e3o no conjunto da sua c\u00e2mara.<\/p>","protected":false},"featured_media":288,"comment_status":"closed","ping_status":"closed","template":"","meta":{"_acf_changed":false},"product_cat":[171,172],"product_tag":[174,38,175],"class_list":{"0":"post-287","1":"product","2":"type-product","3":"status-publish","4":"has-post-thumbnail","6":"product_cat-arm-systemen","7":"product_cat-sea-arm","8":"product_tag-sa8","9":"product_tag-sea-sea","10":"product_tag-sea-arm-8","12":"first","13":"instock","14":"product-type-simple"},"acf":[],"_links":{"self":[{"href":"https:\/\/seaandsea.eu\/pt\/wp-json\/wp\/v2\/product\/287","targetHints":{"allow":["GET"]}}],"collection":[{"href":"https:\/\/seaandsea.eu\/pt\/wp-json\/wp\/v2\/product"}],"about":[{"href":"https:\/\/seaandsea.eu\/pt\/wp-json\/wp\/v2\/types\/product"}],"replies":[{"embeddable":true,"href":"https:\/\/seaandsea.eu\/pt\/wp-json\/wp\/v2\/comments?post=287"}],"wp:featuredmedia":[{"embeddable":true,"href":"https:\/\/seaandsea.eu\/pt\/wp-json\/wp\/v2\/media\/288"}],"wp:attachment":[{"href":"https:\/\/seaandsea.eu\/pt\/wp-json\/wp\/v2\/media?parent=287"}],"wp:term":[{"taxonomy":"product_cat","embeddable":true,"href":"https:\/\/seaandsea.eu\/pt\/wp-json\/wp\/v2\/product_cat?post=287"},{"taxonomy":"product_tag","embeddable":true,"href":"https:\/\/seaandsea.eu\/pt\/wp-json\/wp\/v2\/product_tag?post=287"}],"curies":[{"name":"wp","href":"https:\/\/api.w.org\/{rel}","templated":true}]}}