{"id":295,"date":"2024-02-16T08:14:02","date_gmt":"2024-02-16T07:14:02","guid":{"rendered":"https:\/\/eager-benz.45-82-188-209.plesk.page\/product\/sa8-extra-grip-22122\/"},"modified":"2024-04-19T16:22:53","modified_gmt":"2024-04-19T14:22:53","slug":"sa8-extra-grip-22122","status":"publish","type":"product","link":"https:\/\/seaandsea.eu\/pt\/produto\/sa8-extra-grip-22122\/","title":{"rendered":"SA8 Extra Grip"},"content":{"rendered":"","protected":false},"excerpt":{"rendered":"<p>SA8 Extra Grip<br \/>\nArtigo: 22122<\/p>\n<p>O sistema de bra\u00e7o Sea &amp; Sea Sea Arm 8 tem muitas possibilidades. \u00c9 modular e pode ser adaptado a qualquer sistema de c\u00e2mara.<br \/>\nO SA8 \u00e9 fabricado com materiais da mais alta qualidade e, por isso, \u00e9 robusto e duradouro na sua utiliza\u00e7\u00e3o.<\/p>\n<p>Observe tamb\u00e9m os outros elementos para montar e utilizar de forma \u00f3ptima a sua exposi\u00e7\u00e3o no conjunto da sua c\u00e2mara.<\/p>","protected":false},"featured_media":296,"comment_status":"closed","ping_status":"closed","template":"","meta":{"_acf_changed":false},"product_cat":[171,172],"product_tag":[38],"class_list":{"0":"post-295","1":"product","2":"type-product","3":"status-publish","4":"has-post-thumbnail","6":"product_cat-arm-systemen","7":"product_cat-sea-arm","8":"product_tag-sea-sea","10":"first","11":"instock","12":"product-type-simple"},"acf":[],"_links":{"self":[{"href":"https:\/\/seaandsea.eu\/pt\/wp-json\/wp\/v2\/product\/295","targetHints":{"allow":["GET"]}}],"collection":[{"href":"https:\/\/seaandsea.eu\/pt\/wp-json\/wp\/v2\/product"}],"about":[{"href":"https:\/\/seaandsea.eu\/pt\/wp-json\/wp\/v2\/types\/product"}],"replies":[{"embeddable":true,"href":"https:\/\/seaandsea.eu\/pt\/wp-json\/wp\/v2\/comments?post=295"}],"wp:featuredmedia":[{"embeddable":true,"href":"https:\/\/seaandsea.eu\/pt\/wp-json\/wp\/v2\/media\/296"}],"wp:attachment":[{"href":"https:\/\/seaandsea.eu\/pt\/wp-json\/wp\/v2\/media?parent=295"}],"wp:term":[{"taxonomy":"product_cat","embeddable":true,"href":"https:\/\/seaandsea.eu\/pt\/wp-json\/wp\/v2\/product_cat?post=295"},{"taxonomy":"product_tag","embeddable":true,"href":"https:\/\/seaandsea.eu\/pt\/wp-json\/wp\/v2\/product_tag?post=295"}],"curies":[{"name":"wp","href":"https:\/\/api.w.org\/{rel}","templated":true}]}}