{"id":321,"date":"2024-02-16T08:14:02","date_gmt":"2024-02-16T07:14:02","guid":{"rendered":"https:\/\/eager-benz.45-82-188-209.plesk.page\/product\/5-pin-dual-sync-cord-n-03470\/"},"modified":"2024-04-18T12:15:06","modified_gmt":"2024-04-18T10:15:06","slug":"5-pin-dual-sync-cord-n","status":"publish","type":"product","link":"https:\/\/seaandsea.eu\/pt\/produto\/cabo-de-sincronizacao-dupla-de-5-pinos-n\/","title":{"rendered":"Cabo de sincroniza\u00e7\u00e3o dupla de 5 pinos\/N"},"content":{"rendered":"","protected":false},"excerpt":{"rendered":"<p>Cabo de sincroniza\u00e7\u00e3o dupla de 5 pinos\/N<br \/>\nProduto n.\u00ba 03470<\/p>\n<p>Cabo especial dividido para controlar 2 unidades de flash (YS-D2\/YS-D1) sincronizadas e TTL a partir de 1 liga\u00e7\u00e3o na caixa.<\/p>\n<p>O cabo possui 2 conectores para o controlo eletr\u00f3nico das unidades de flash Sea &amp; Sea e 1 conetor para a caixa com um conetor Nikon V comum ou com o conetor N de 5 pinos.<\/p>\n<p>Os componentes electr\u00f3nicos do pulverizador controlam as duas unidades de flash ao mesmo tempo e emitem um sinal equivalente para ambas.<br \/>\nInclui tampas de prote\u00e7\u00e3o para manter o cabo limpo e seco.<\/p>\n<p>Os tamp\u00f5es est\u00e3o equipados com an\u00e9is de veda\u00e7\u00e3o e devem ser corretamente tratados para evitar fugas.<\/p>\n<p>&nbsp;<\/p>","protected":false},"featured_media":322,"comment_status":"closed","ping_status":"closed","template":"","meta":{"_acf_changed":false},"product_cat":[44,184],"product_tag":[38],"class_list":{"0":"post-321","1":"product","2":"type-product","3":"status-publish","4":"has-post-thumbnail","6":"product_cat-accessoires","7":"product_cat-flitser-accessoires","8":"product_tag-sea-sea","10":"first","11":"instock","12":"product-type-simple"},"acf":[],"_links":{"self":[{"href":"https:\/\/seaandsea.eu\/pt\/wp-json\/wp\/v2\/product\/321","targetHints":{"allow":["GET"]}}],"collection":[{"href":"https:\/\/seaandsea.eu\/pt\/wp-json\/wp\/v2\/product"}],"about":[{"href":"https:\/\/seaandsea.eu\/pt\/wp-json\/wp\/v2\/types\/product"}],"replies":[{"embeddable":true,"href":"https:\/\/seaandsea.eu\/pt\/wp-json\/wp\/v2\/comments?post=321"}],"wp:featuredmedia":[{"embeddable":true,"href":"https:\/\/seaandsea.eu\/pt\/wp-json\/wp\/v2\/media\/322"}],"wp:attachment":[{"href":"https:\/\/seaandsea.eu\/pt\/wp-json\/wp\/v2\/media?parent=321"}],"wp:term":[{"taxonomy":"product_cat","embeddable":true,"href":"https:\/\/seaandsea.eu\/pt\/wp-json\/wp\/v2\/product_cat?post=321"},{"taxonomy":"product_tag","embeddable":true,"href":"https:\/\/seaandsea.eu\/pt\/wp-json\/wp\/v2\/product_tag?post=321"}],"curies":[{"name":"wp","href":"https:\/\/api.w.org\/{rel}","templated":true}]}}