{"id":331,"date":"2024-02-16T08:14:08","date_gmt":"2024-02-16T07:14:08","guid":{"rendered":"https:\/\/eager-benz.45-82-188-209.plesk.page\/product\/handvat-met-drijfvermogen-46124-46131-46132\/"},"modified":"2024-04-19T15:00:28","modified_gmt":"2024-04-19T13:00:28","slug":"handvat-met-drijfvermogen","status":"publish","type":"product","link":"https:\/\/seaandsea.eu\/pt\/produto\/pega-de-flutuacao\/","title":{"rendered":"Pega de flutua\u00e7\u00e3o"},"content":{"rendered":"","protected":false},"excerpt":{"rendered":"<p>Pega de flutua\u00e7\u00e3o<br \/>\nProduto n.\u00ba 46124<\/p>\n<p>Preto: 46124<\/p>\n<p>Jangada vers\u00e1til que pode ser utilizada como bra\u00e7o de flutua\u00e7\u00e3o e como pega.<\/p>\n<p>&nbsp;<\/p>\n<p>Em terra, a pega permite-lhe transportar o seu cercado em seguran\u00e7a devido ao seu design ergon\u00f3mico e ao material n\u00e3o el\u00e1stico. Debaixo de \u00e1gua, a pega funciona como um flutuador e, como est\u00e1 a flutuar, n\u00e3o interfere com o funcionamento do arm\u00e1rio.<\/p>\n<p>O kit de montagem opcional da base esf\u00e9rica fixa SA8 pode ser utilizado para fixar duas bases esf\u00e9ricas fixas SA8 \u00e0 pega do bra\u00e7o flutuante. Isto permite-lhe utilizar o punho como um bra\u00e7o de flash ou adapt\u00e1-lo \u00e0s suas pr\u00f3prias ideias.<\/p>\n<p><strong>Especifica\u00e7\u00f5es<br \/>\n<\/strong>Constru\u00e7\u00e3o: polietileno<br \/>\nProfundidade nominal: 50 m \/ 165 p\u00e9s.<br \/>\nTemperatura de servi\u00e7o: 1-40 graus Celsius \/ 32-104 graus Fahrenheit<br \/>\nDimens\u00f5es (LxAxP): 256 x 76 x 62 mm \/ 10,1 x 3,0 x 2,4 polegadas<br \/>\nPeso em terra: 210 g \/ 7,4 oz.<br \/>\nFlutuabilidade debaixo de \u00e1gua: cerca de 280 g \/ 9,9 oz.<br \/>\n* O peso em terra e a flutuabilidade subaqu\u00e1tica das pegas individuais podem diferir ligeiramente.<\/p>","protected":false},"featured_media":1278,"comment_status":"closed","ping_status":"closed","template":"","meta":{"_acf_changed":false},"product_cat":[44,188],"product_tag":[38],"class_list":{"0":"post-331","1":"product","2":"type-product","3":"status-publish","4":"has-post-thumbnail","6":"product_cat-accessoires","7":"product_cat-behuizing-accessoires","8":"product_tag-sea-sea","10":"first","11":"instock","12":"product-type-simple"},"acf":[],"_links":{"self":[{"href":"https:\/\/seaandsea.eu\/pt\/wp-json\/wp\/v2\/product\/331","targetHints":{"allow":["GET"]}}],"collection":[{"href":"https:\/\/seaandsea.eu\/pt\/wp-json\/wp\/v2\/product"}],"about":[{"href":"https:\/\/seaandsea.eu\/pt\/wp-json\/wp\/v2\/types\/product"}],"replies":[{"embeddable":true,"href":"https:\/\/seaandsea.eu\/pt\/wp-json\/wp\/v2\/comments?post=331"}],"wp:featuredmedia":[{"embeddable":true,"href":"https:\/\/seaandsea.eu\/pt\/wp-json\/wp\/v2\/media\/1278"}],"wp:attachment":[{"href":"https:\/\/seaandsea.eu\/pt\/wp-json\/wp\/v2\/media?parent=331"}],"wp:term":[{"taxonomy":"product_cat","embeddable":true,"href":"https:\/\/seaandsea.eu\/pt\/wp-json\/wp\/v2\/product_cat?post=331"},{"taxonomy":"product_tag","embeddable":true,"href":"https:\/\/seaandsea.eu\/pt\/wp-json\/wp\/v2\/product_tag?post=331"}],"curies":[{"name":"wp","href":"https:\/\/api.w.org\/{rel}","templated":true}]}}