{"id":333,"date":"2024-02-16T08:14:08","date_gmt":"2024-02-16T07:14:08","guid":{"rendered":"https:\/\/eager-benz.45-82-188-209.plesk.page\/product\/carry-clip-hardware-kit-46130\/"},"modified":"2024-04-18T12:14:10","modified_gmt":"2024-04-18T10:14:10","slug":"carry-clip-hardware-kit","status":"publish","type":"product","link":"https:\/\/seaandsea.eu\/pt\/produto\/kit-de-ferragens-para-clipes-de-transporte\/","title":{"rendered":"Clip de transporte Kit de hardware"},"content":{"rendered":"","protected":false},"excerpt":{"rendered":"<p>Kit de ferragens para clipes de transporte<br \/>\nProduto n.\u00ba 46130<\/p>\n<p><span>Utilizado para fixar a pega \u00e0 caixa para utiliza\u00e7\u00e3o como pega de transporte.<br \/>\n<\/span><span>* Este conjunto inclui quatro an\u00e9is de borracha. Estes impedem que os la\u00e7os met\u00e1licos da funda entrem em contacto direto uns com os outros para reduzir o ru\u00eddo.<\/span><\/p>\n<p><strong>Especifica\u00e7\u00f5es<\/strong><br \/>\n<span>Material: a\u00e7o inoxid\u00e1vel (base do gancho, espa\u00e7ador, parafuso de fixa\u00e7\u00e3o, anilhas, placa de fixa\u00e7\u00e3o e gancho) Anel em borracha sint\u00e9tica<br \/>\nPeso: 96 g \/ 3,4 oz.<br \/>\nAcess\u00f3rios: Folha de instru\u00e7\u00f5es e chave Allen<\/span><\/p>","protected":false},"featured_media":334,"comment_status":"closed","ping_status":"closed","template":"","meta":{"_acf_changed":false},"product_cat":[44,188],"product_tag":[38],"class_list":{"0":"post-333","1":"product","2":"type-product","3":"status-publish","4":"has-post-thumbnail","6":"product_cat-accessoires","7":"product_cat-behuizing-accessoires","8":"product_tag-sea-sea","10":"first","11":"instock","12":"product-type-simple"},"acf":[],"_links":{"self":[{"href":"https:\/\/seaandsea.eu\/pt\/wp-json\/wp\/v2\/product\/333","targetHints":{"allow":["GET"]}}],"collection":[{"href":"https:\/\/seaandsea.eu\/pt\/wp-json\/wp\/v2\/product"}],"about":[{"href":"https:\/\/seaandsea.eu\/pt\/wp-json\/wp\/v2\/types\/product"}],"replies":[{"embeddable":true,"href":"https:\/\/seaandsea.eu\/pt\/wp-json\/wp\/v2\/comments?post=333"}],"wp:featuredmedia":[{"embeddable":true,"href":"https:\/\/seaandsea.eu\/pt\/wp-json\/wp\/v2\/media\/334"}],"wp:attachment":[{"href":"https:\/\/seaandsea.eu\/pt\/wp-json\/wp\/v2\/media?parent=333"}],"wp:term":[{"taxonomy":"product_cat","embeddable":true,"href":"https:\/\/seaandsea.eu\/pt\/wp-json\/wp\/v2\/product_cat?post=333"},{"taxonomy":"product_tag","embeddable":true,"href":"https:\/\/seaandsea.eu\/pt\/wp-json\/wp\/v2\/product_tag?post=333"}],"curies":[{"name":"wp","href":"https:\/\/api.w.org\/{rel}","templated":true}]}}