{"id":349,"date":"2024-02-16T08:14:08","date_gmt":"2024-02-16T07:14:08","guid":{"rendered":"https:\/\/eager-benz.45-82-188-209.plesk.page\/product\/vf180-12-viewfinder-46112\/"},"modified":"2024-04-19T16:22:34","modified_gmt":"2024-04-19T14:22:34","slug":"vf180-12-viewfinder-46112","status":"publish","type":"product","link":"https:\/\/seaandsea.eu\/pt\/produto\/vf180-12-viewfinder-46112\/","title":{"rendered":"Visor VF180 1.2"},"content":{"rendered":"","protected":false},"excerpt":{"rendered":"<p>VF180 1.2x<br \/>\nProduto n.\u00ba 46112<\/p>\n<p><span>Visor de prisma reto compat\u00edvel com as caixas das s\u00e9ries RDX e MDX. Pode ser montado na caixa substituindo o visor original. O r\u00e1cio de amplia\u00e7\u00e3o \u00e9 de 1,2x sem sacrificar o campo de vis\u00e3o. Uma vez que o VF180 1.2x \u00e9 um visor reto, pode compor as suas imagens como se estivesse a olhar diretamente atrav\u00e9s do visor da c\u00e2mara. As objectivas \u00f3pticas com 8 elementos e 6 grupos reproduzem cores naturais. O visor est\u00e1 cheio de g\u00e1s nitrog\u00e9nio para evitar a condensa\u00e7\u00e3o e o embaciamento. O resguardo para os olhos garante uma vis\u00e3o n\u00edtida, uma vez que nenhuma luz pode entrar no visor.<br \/>\n* \u00c9 necess\u00e1rio um acess\u00f3rio para fixar o visor \u00e0 caixa.<\/span><\/p>\n<p><strong>Especifica\u00e7\u00f5es<\/strong><br \/>\n<span>Constru\u00e7\u00e3o: liga de alum\u00ednio resistente \u00e0 corros\u00e3o<br \/>\nProfundidade nominal: 100m \/ 330ft<br \/>\n<\/span><span>Dimens\u00f5es (DIAxD): 45\u00d7111 mm \/ 1,8 x 4,4 polegadas<br \/>\nPeso: 275 g \/ 9,6 oz<br \/>\nCaixas compat\u00edveis: (modelos produzidos depois de 2007) RDX-750D RDX-100D RDX-650D RDX-600D RDX-550D<br \/>\n(*2) MDX-D850 (*3) MDX-5D Mark IV MDX-80D MDX-D500 MDX-EM5 Mark II06177 MDX-\u03b17 II MDX-5D Mark III ver.2 MDX-7D Mark II MDX-70D MDX-5D Mark III MDX- 6D MDX-7D MDX-PRO 5D Mark II\uff08*1\uff09MDX-40D\uff08*2\uff09MDX-D800 MDX-D7100 MDX-D7000 MDX-D300s MDX-PRO D700 MDX-PRO D3 \uff08*2\uff09 MDX-D300\uff08*2\uff09<\/p>\n<p>* 1 O suporte de dist\u00e2ncia para acess\u00f3rios \u00e9 necess\u00e1rio para instalar o visor na caixa.<br \/>\n* 2 \u00c9 necess\u00e1ria uma modifica\u00e7\u00e3o de f\u00e1brica para instalar o visor. Contacte um revendedor ou distribuidor oficial da SEA &amp; SEA.<br \/>\n* 3 A parte inferior do visor da c\u00e2mara (onde s\u00e3o apresentados os dados de disparo) n\u00e3o pode ser visualizada devido \u00e0 vinheta.<\/span><\/p>","protected":false},"featured_media":350,"comment_status":"closed","ping_status":"closed","template":"","meta":{"_acf_changed":false},"product_cat":[44,188],"product_tag":[201,38,180,202],"class_list":{"0":"post-349","1":"product","2":"type-product","3":"status-publish","4":"has-post-thumbnail","6":"product_cat-accessoires","7":"product_cat-behuizing-accessoires","8":"product_tag-201","9":"product_tag-sea-sea","10":"product_tag-stay","11":"product_tag-viewfinder","13":"first","14":"instock","15":"product-type-simple"},"acf":[],"_links":{"self":[{"href":"https:\/\/seaandsea.eu\/pt\/wp-json\/wp\/v2\/product\/349","targetHints":{"allow":["GET"]}}],"collection":[{"href":"https:\/\/seaandsea.eu\/pt\/wp-json\/wp\/v2\/product"}],"about":[{"href":"https:\/\/seaandsea.eu\/pt\/wp-json\/wp\/v2\/types\/product"}],"replies":[{"embeddable":true,"href":"https:\/\/seaandsea.eu\/pt\/wp-json\/wp\/v2\/comments?post=349"}],"wp:featuredmedia":[{"embeddable":true,"href":"https:\/\/seaandsea.eu\/pt\/wp-json\/wp\/v2\/media\/350"}],"wp:attachment":[{"href":"https:\/\/seaandsea.eu\/pt\/wp-json\/wp\/v2\/media?parent=349"}],"wp:term":[{"taxonomy":"product_cat","embeddable":true,"href":"https:\/\/seaandsea.eu\/pt\/wp-json\/wp\/v2\/product_cat?post=349"},{"taxonomy":"product_tag","embeddable":true,"href":"https:\/\/seaandsea.eu\/pt\/wp-json\/wp\/v2\/product_tag?post=349"}],"curies":[{"name":"wp","href":"https:\/\/api.w.org\/{rel}","templated":true}]}}