{"id":363,"date":"2024-02-16T08:14:08","date_gmt":"2024-02-16T07:14:08","guid":{"rendered":"https:\/\/eager-benz.45-82-188-209.plesk.page\/product\/shade-ring-m49-52134\/"},"modified":"2024-04-18T12:12:54","modified_gmt":"2024-04-18T10:12:54","slug":"shade-ring-m49","status":"publish","type":"product","link":"https:\/\/seaandsea.eu\/pt\/produto\/anel-de-sombra-m49\/","title":{"rendered":"Anel de sombra M49"},"content":{"rendered":"","protected":false},"excerpt":{"rendered":"<p>Anel de sombreamento M49<br \/>\nProduto n.\u00ba 52134<\/p>\n<p><span>O anel evita reflexos desnecess\u00e1rios na porta da c\u00fapula ML quando utilizado com a objetiva SEL16F28. Com a almofada de prote\u00e7\u00e3o da luz para a SEL16F28 instalada, a combina\u00e7\u00e3o evita reflexos de luz interna do flash incorporado.<\/span><\/p>","protected":false},"featured_media":364,"comment_status":"closed","ping_status":"closed","template":"","meta":{"_acf_changed":false},"product_cat":[44,188],"product_tag":[38,206,207],"class_list":{"0":"post-363","1":"product","2":"type-product","3":"status-publish","4":"has-post-thumbnail","6":"product_cat-accessoires","7":"product_cat-behuizing-accessoires","8":"product_tag-sea-sea","9":"product_tag-shade-ring","10":"product_tag-shading-ring","12":"first","13":"instock","14":"product-type-simple"},"acf":[],"_links":{"self":[{"href":"https:\/\/seaandsea.eu\/pt\/wp-json\/wp\/v2\/product\/363","targetHints":{"allow":["GET"]}}],"collection":[{"href":"https:\/\/seaandsea.eu\/pt\/wp-json\/wp\/v2\/product"}],"about":[{"href":"https:\/\/seaandsea.eu\/pt\/wp-json\/wp\/v2\/types\/product"}],"replies":[{"embeddable":true,"href":"https:\/\/seaandsea.eu\/pt\/wp-json\/wp\/v2\/comments?post=363"}],"wp:featuredmedia":[{"embeddable":true,"href":"https:\/\/seaandsea.eu\/pt\/wp-json\/wp\/v2\/media\/364"}],"wp:attachment":[{"href":"https:\/\/seaandsea.eu\/pt\/wp-json\/wp\/v2\/media?parent=363"}],"wp:term":[{"taxonomy":"product_cat","embeddable":true,"href":"https:\/\/seaandsea.eu\/pt\/wp-json\/wp\/v2\/product_cat?post=363"},{"taxonomy":"product_tag","embeddable":true,"href":"https:\/\/seaandsea.eu\/pt\/wp-json\/wp\/v2\/product_tag?post=363"}],"curies":[{"name":"wp","href":"https:\/\/api.w.org\/{rel}","templated":true}]}}