{"id":373,"date":"2024-02-16T08:14:14","date_gmt":"2024-02-16T07:14:14","guid":{"rendered":"https:\/\/eager-benz.45-82-188-209.plesk.page\/product\/optional-ys-converter-n-5-pin-connector-50123\/"},"modified":"2024-04-18T12:10:07","modified_gmt":"2024-04-18T10:10:07","slug":"optional-ys-converter-n-5-pin-connector","status":"publish","type":"product","link":"https:\/\/seaandsea.eu\/pt\/produto\/conversor-ys-opcional-n-conector-de-5-pinos\/","title":{"rendered":"Conversor YS opcional \/ Conector N de 5 pinos"},"content":{"rendered":"","protected":false},"excerpt":{"rendered":"<p>Conversor YS opcional \/ Conector N de 5 pinos<br \/>\nProduto n.\u00ba 50123<\/p>\n<p><span>Conector de flash de 5 pinos substitu\u00edvel pelo utilizador e conjunto de conectores de sincroniza\u00e7\u00e3o. O conjunto de conectores pode ser fixado ap\u00f3s a remo\u00e7\u00e3o da tampa da porta de acess\u00f3rios.<br \/>\n* O conjunto de conectores \u00e9 necess\u00e1rio para ligar o conversor YS \/ N \u00e0s caixas SEA e SEA para c\u00e2maras SLR digitais Nikon equipadas com uma porta de acess\u00f3rios de s\u00e9rie.<\/span><\/p>","protected":false},"featured_media":374,"comment_status":"closed","ping_status":"closed","template":"","meta":{"_acf_changed":false},"product_cat":[44,188],"product_tag":[223,224,225,38,226],"class_list":{"0":"post-373","1":"product","2":"type-product","3":"status-publish","4":"has-post-thumbnail","6":"product_cat-accessoires","7":"product_cat-behuizing-accessoires","8":"product_tag-connector","9":"product_tag-cord","10":"product_tag-n","11":"product_tag-sea-sea","12":"product_tag-syncro","14":"first","15":"instock","16":"product-type-simple"},"acf":[],"_links":{"self":[{"href":"https:\/\/seaandsea.eu\/pt\/wp-json\/wp\/v2\/product\/373","targetHints":{"allow":["GET"]}}],"collection":[{"href":"https:\/\/seaandsea.eu\/pt\/wp-json\/wp\/v2\/product"}],"about":[{"href":"https:\/\/seaandsea.eu\/pt\/wp-json\/wp\/v2\/types\/product"}],"replies":[{"embeddable":true,"href":"https:\/\/seaandsea.eu\/pt\/wp-json\/wp\/v2\/comments?post=373"}],"wp:featuredmedia":[{"embeddable":true,"href":"https:\/\/seaandsea.eu\/pt\/wp-json\/wp\/v2\/media\/374"}],"wp:attachment":[{"href":"https:\/\/seaandsea.eu\/pt\/wp-json\/wp\/v2\/media?parent=373"}],"wp:term":[{"taxonomy":"product_cat","embeddable":true,"href":"https:\/\/seaandsea.eu\/pt\/wp-json\/wp\/v2\/product_cat?post=373"},{"taxonomy":"product_tag","embeddable":true,"href":"https:\/\/seaandsea.eu\/pt\/wp-json\/wp\/v2\/product_tag?post=373"}],"curies":[{"name":"wp","href":"https:\/\/api.w.org\/{rel}","templated":true}]}}