{"id":377,"date":"2024-02-16T08:14:14","date_gmt":"2024-02-16T07:14:14","guid":{"rendered":"https:\/\/eager-benz.45-82-188-209.plesk.page\/product\/optional-ys-converter-2-pin-connector-50122\/"},"modified":"2024-02-16T08:14:14","modified_gmt":"2024-02-16T07:14:14","slug":"optional-ys-converter-2-pin-connector-50122","status":"publish","type":"product","link":"https:\/\/seaandsea.eu\/pt\/produto\/conetor-de-2-pinos-para-conversor-ys-opcional-50122\/","title":{"rendered":"Conversor YS opcional \/ Conector de 2 pinos #50122"},"content":{"rendered":"","protected":false},"excerpt":{"rendered":"<p>Cabo de sincroniza\u00e7\u00e3o opcional Conector de 2 pinos<br \/>\nProduto n.\u00ba 50122<\/p>\n<p><span>Conjunto de conetor de flash e sincroniza\u00e7\u00e3o de 2 pinos substitu\u00edvel pelo utilizador. O conjunto de conectores pode ser fixado depois de retirar a tampa da porta de acess\u00f3rios.* O conjunto de conectores \u00e9 necess\u00e1rio para ligar as unidades de flash da s\u00e9rie YS atrav\u00e9s do cabo de sincroniza\u00e7\u00e3o \u00e0s caixas SEA e SEA para c\u00e2maras SLR digitais equipadas com uma porta de acess\u00f3rios de s\u00e9rie.<\/span><\/p>","protected":false},"featured_media":378,"comment_status":"closed","ping_status":"open","template":"","meta":{"_acf_changed":false},"product_cat":[44,188],"product_tag":[227,161,223,224,38,226],"class_list":{"0":"post-377","1":"product","2":"type-product","3":"status-publish","4":"has-post-thumbnail","6":"product_cat-accessoires","7":"product_cat-behuizing-accessoires","8":"product_tag-2-pin","9":"product_tag-cable","10":"product_tag-connector","11":"product_tag-cord","12":"product_tag-sea-sea","13":"product_tag-syncro","15":"first","16":"instock","17":"product-type-simple"},"acf":[],"_links":{"self":[{"href":"https:\/\/seaandsea.eu\/pt\/wp-json\/wp\/v2\/product\/377","targetHints":{"allow":["GET"]}}],"collection":[{"href":"https:\/\/seaandsea.eu\/pt\/wp-json\/wp\/v2\/product"}],"about":[{"href":"https:\/\/seaandsea.eu\/pt\/wp-json\/wp\/v2\/types\/product"}],"replies":[{"embeddable":true,"href":"https:\/\/seaandsea.eu\/pt\/wp-json\/wp\/v2\/comments?post=377"}],"wp:featuredmedia":[{"embeddable":true,"href":"https:\/\/seaandsea.eu\/pt\/wp-json\/wp\/v2\/media\/378"}],"wp:attachment":[{"href":"https:\/\/seaandsea.eu\/pt\/wp-json\/wp\/v2\/media?parent=377"}],"wp:term":[{"taxonomy":"product_cat","embeddable":true,"href":"https:\/\/seaandsea.eu\/pt\/wp-json\/wp\/v2\/product_cat?post=377"},{"taxonomy":"product_tag","embeddable":true,"href":"https:\/\/seaandsea.eu\/pt\/wp-json\/wp\/v2\/product_tag?post=377"}],"curies":[{"name":"wp","href":"https:\/\/api.w.org\/{rel}","templated":true}]}}