{"id":397,"date":"2024-02-16T08:14:14","date_gmt":"2024-02-16T07:14:14","guid":{"rendered":"https:\/\/eager-benz.45-82-188-209.plesk.page\/product\/mdx-r-behuizing-voor-canon-eos-r-06190\/"},"modified":"2024-04-18T12:09:06","modified_gmt":"2024-04-18T10:09:06","slug":"mdx-r-behuizing-voor-canon-eos-r","status":"publish","type":"product","link":"https:\/\/seaandsea.eu\/pt\/produto\/caixa-mdx-r-para-canon-eos-r\/","title":{"rendered":"Caixa MDX-R para Canon EOS R"},"content":{"rendered":"","protected":false},"excerpt":{"rendered":"<p><span class=\"tlid-translation translation\" lang=\"nl\">Estojo subaqu\u00e1tico para a Canon EOS R<\/span><\/p>\n<p>MDX-R (preto) (apenas a caixa)<br \/>\nProduto n.\u00ba 06190<\/p>\n<p>Caixa de \u00faltima gera\u00e7\u00e3o para a c\u00e2mara Canon EOS R sem espelho full-frame. Compacta, compat\u00edvel com o conversor \u00f3tico YS e com um design ergon\u00f3mico.<\/p>\n<p><strong>Caracter\u00edsticas<\/strong><br \/>\nConcebida para ser compacta e leve.<br \/>\nTirando partido do design compacto e do peso leve das c\u00e2maras sem espelho, as caixas de prote\u00e7\u00e3o foram concebidas para melhorar estas carater\u00edsticas. Em compara\u00e7\u00e3o com a caixa para c\u00e2mara SLR MDX-5D Mark lV, a MDX-R \u00e9 100 g \/ 3,5 oz mais leve em terra.<\/p>\n<p>Podem ser utilizadas portas e engrenagens para arm\u00e1rios SLX da s\u00e9rie MDX.<br \/>\nO MDX-R \u00e9 compat\u00edvel com a placa do sistema para caixas SLR da s\u00e9rie MDX. \u00c9 poss\u00edvel usar lentes de montagem EF com o adaptador de montagem e portas\/guias para caixas da s\u00e9rie MDX.<\/p>\n<p>Cart\u00e3o de sistema de porta<br \/>\nCompat\u00edvel com o conversor \u00f3tico YS C \/ R (nome provis\u00f3rio). Possibilidade de flash TTL.<br \/>\nO novo conversor YS \u00f3tico opcional C \/ R*, que converte o sinal TTL da sapata da c\u00e2mara num sinal de luz LED, est\u00e1 dispon\u00edvel. O conversor permite fotografar com exposi\u00e7\u00e3o manual e TTL.<\/p>\n<p>* Atualmente a desenvolver novo firmware.<br \/>\nConcebida para objectivas com suportes RF.<br \/>\nO bot\u00e3o de focagem\/zoom tem duas engrenagens, uma dedicada a objectivas com suportes RF.<br \/>\nO painel de controlo superior da c\u00e2mara \u00e9 vis\u00edvel.<br \/>\nFoi tamb\u00e9m incorporada uma janela para o painel de controlo superior da c\u00e2mara. Como o brilho do painel de controlo superior da c\u00e2mara aumentou, a visibilidade melhorou significativamente.<\/p>\n<p>Outras carater\u00edsticas do MDX-R<br \/>\n- O bloqueio do porto impede que o porto rode ou se solte e a alavanca do bloqueio do porto est\u00e1 especialmente posicionada para impedir o desbloqueio acidental.<br \/>\n-A caixa possui um bot\u00e3o de bloqueio da lente que facilita a troca de lentes sem abrir a caixa.<br \/>\n- Puxando o bot\u00e3o de focagem\/zoom para fora, obt\u00e9m-se espa\u00e7o suficiente no compartimento para acomodar facilmente lentes de maior di\u00e2metro.<br \/>\n- Todos os controlos t\u00eam autocolantes que brilham no escuro e que se iluminam em ambientes escuros.<br \/>\n- Equipado com o visor \u00f3tico 0,5x de s\u00e9rie. Podem ser utilizados outros visores opcionais, tais como o visor \u00f3tico 0,66x e 0,8x.<br \/>\n\u203b Ocorre alguma vinheta. Quando a VF45 e a VF180 1.2x est\u00e3o montadas na caixa, os cantos do visor da c\u00e2mara n\u00e3o podem ser vistos devido \u00e0 vinheta.<br \/>\n- O conetor de 2 pinos do cabo de sincroniza\u00e7\u00e3o permite a utiliza\u00e7\u00e3o de um cabo de sincroniza\u00e7\u00e3o convencional com fios (apenas no modo manual).<br \/>\n- Equipado com dois d\u00edodos de zinco de sacrif\u00edcio (um \u00e0 frente e outro atr\u00e1s) para evitar os danos causados pela eletr\u00f3lise.<br \/>\n- Possui uma prote\u00e7\u00e3o inferior para proteger contra riscos.<\/p>\n<p><strong>Especifica\u00e7\u00f5es<\/strong><br \/>\nMDX-R<br \/>\n[Constru\u00e7\u00e3o] Corpo: liga de alum\u00ednio resistente \u00e0 corros\u00e3o (maquinado)<br \/>\nPunho: liga de alum\u00ednio fundido resistente \u00e0 corros\u00e3o<br \/>\n[Classifica\u00e7\u00e3o de profundidade] 100m \/ 330ft<br \/>\n[Dimens\u00f5es (LxAxP)] 342 x 174 x 159 mm \/ 13,5 x 6,9 x 6,3 polegadas<br \/>\n[Peso] Aprox. 2.900 g \/ 102 oz (apenas a caixa)<\/p>\n<p>Diagrama de portas: <a href=\"http:\/\/www.seaandsea.jp\/products\/system_chart\/mdx_canon.html\">http:\/\/www.seaandsea.jp\/products\/system_chart\/mdx_canon.html<\/a><\/p>","protected":false},"featured_media":398,"comment_status":"closed","ping_status":"closed","template":"","meta":{"_acf_changed":false},"product_cat":[150],"product_tag":[151,152,153,235,236,38],"class_list":{"0":"post-397","1":"product","2":"type-product","3":"status-publish","4":"has-post-thumbnail","6":"product_cat-behuizingen","7":"product_tag-behuizing","8":"product_tag-camera","9":"product_tag-camerabehuizing","10":"product_tag-canon-eos-r","11":"product_tag-onderbehuizing","12":"product_tag-sea-sea","14":"first","15":"instock","16":"product-type-simple"},"acf":[],"_links":{"self":[{"href":"https:\/\/seaandsea.eu\/pt\/wp-json\/wp\/v2\/product\/397","targetHints":{"allow":["GET"]}}],"collection":[{"href":"https:\/\/seaandsea.eu\/pt\/wp-json\/wp\/v2\/product"}],"about":[{"href":"https:\/\/seaandsea.eu\/pt\/wp-json\/wp\/v2\/types\/product"}],"replies":[{"embeddable":true,"href":"https:\/\/seaandsea.eu\/pt\/wp-json\/wp\/v2\/comments?post=397"}],"wp:featuredmedia":[{"embeddable":true,"href":"https:\/\/seaandsea.eu\/pt\/wp-json\/wp\/v2\/media\/398"}],"wp:attachment":[{"href":"https:\/\/seaandsea.eu\/pt\/wp-json\/wp\/v2\/media?parent=397"}],"wp:term":[{"taxonomy":"product_cat","embeddable":true,"href":"https:\/\/seaandsea.eu\/pt\/wp-json\/wp\/v2\/product_cat?post=397"},{"taxonomy":"product_tag","embeddable":true,"href":"https:\/\/seaandsea.eu\/pt\/wp-json\/wp\/v2\/product_tag?post=397"}],"curies":[{"name":"wp","href":"https:\/\/api.w.org\/{rel}","templated":true}]}}