{"id":405,"date":"2024-02-16T08:14:14","date_gmt":"2024-02-16T07:14:14","guid":{"rendered":"https:\/\/eager-benz.45-82-188-209.plesk.page\/product\/grip-extension-geel-voor-behuizingen-22144\/"},"modified":"2024-04-18T12:10:53","modified_gmt":"2024-04-18T10:10:53","slug":"grip-extension-geel-voor-behuizingen","status":"publish","type":"product","link":"https:\/\/seaandsea.eu\/pt\/produto\/grip-extension-yellow-for-enclosures\/","title":{"rendered":"Extens\u00e3o do punho Amarelo para caixas"},"content":{"rendered":"","protected":false},"excerpt":{"rendered":"<p>Extens\u00e3o do punho Amarelo<br \/>\nArtigo #22144<\/p>\n<p>Apesar de a dist\u00e2ncia entre a caixa e os punhos ser medida com precis\u00e3o, nos nossos pa\u00edses ocidentais, as m\u00e3os podem ser um pouco mais grossas e gostar\u00edamos que a m\u00e3o do punho ficasse ligeiramente mais afastada da caixa.<br \/>\nEm seguida, coloque este conjunto entre a pega e a caixa e ter\u00e1 aquele pequeno espa\u00e7o extra para tornar a caixa mais f\u00e1cil de operar.<\/p>\n<p>Dispon\u00edvel em cinzento e em laranja\/amarelo<br \/>\nInclui os parafusos de extens\u00e3o em a\u00e7o inoxid\u00e1vel.<\/p>","protected":false},"featured_media":406,"comment_status":"closed","ping_status":"closed","template":"","meta":{"_acf_changed":false},"product_cat":[44,188],"product_tag":[243,242,115,128,38],"class_list":{"0":"post-405","1":"product","2":"type-product","3":"status-publish","4":"has-post-thumbnail","6":"product_cat-accessoires","7":"product_cat-behuizing-accessoires","8":"product_tag-243","9":"product_tag-242","10":"product_tag-extension","11":"product_tag-grip","12":"product_tag-sea-sea","14":"first","15":"instock","16":"product-type-simple"},"acf":[],"_links":{"self":[{"href":"https:\/\/seaandsea.eu\/pt\/wp-json\/wp\/v2\/product\/405","targetHints":{"allow":["GET"]}}],"collection":[{"href":"https:\/\/seaandsea.eu\/pt\/wp-json\/wp\/v2\/product"}],"about":[{"href":"https:\/\/seaandsea.eu\/pt\/wp-json\/wp\/v2\/types\/product"}],"replies":[{"embeddable":true,"href":"https:\/\/seaandsea.eu\/pt\/wp-json\/wp\/v2\/comments?post=405"}],"wp:featuredmedia":[{"embeddable":true,"href":"https:\/\/seaandsea.eu\/pt\/wp-json\/wp\/v2\/media\/406"}],"wp:attachment":[{"href":"https:\/\/seaandsea.eu\/pt\/wp-json\/wp\/v2\/media?parent=405"}],"wp:term":[{"taxonomy":"product_cat","embeddable":true,"href":"https:\/\/seaandsea.eu\/pt\/wp-json\/wp\/v2\/product_cat?post=405"},{"taxonomy":"product_tag","embeddable":true,"href":"https:\/\/seaandsea.eu\/pt\/wp-json\/wp\/v2\/product_tag?post=405"}],"curies":[{"name":"wp","href":"https:\/\/api.w.org\/{rel}","templated":true}]}}