{"id":427,"date":"2024-02-16T08:14:19","date_gmt":"2024-02-16T07:14:19","guid":{"rendered":"https:\/\/eager-benz.45-82-188-209.plesk.page\/product\/ys-d3-duo-30129\/"},"modified":"2024-04-18T11:51:56","modified_gmt":"2024-04-18T09:51:56","slug":"ys-d3-duo-flitser","status":"publish","type":"product","link":"https:\/\/seaandsea.eu\/pt\/produto\/ys-d3-duo-flash\/","title":{"rendered":"Unidade de flash YS-D3 DUO"},"content":{"rendered":"<p>Quer aproveitar ao m\u00e1ximo os raros momentos em que est\u00e1 debaixo de \u00e1gua. N\u00e3o deixa nada ao acaso e tenta captar o m\u00e1ximo poss\u00edvel com a sua c\u00e2mara subaqu\u00e1tica. Para si, para a sua fam\u00edlia, para os seus amigos, mas tamb\u00e9m para aquela fotografia \u00fanica. E para essa fotografia excecional, precisa da ilumina\u00e7\u00e3o subaqu\u00e1tica correta. E \u00e9 por isso que precisa deste flash subaqu\u00e1tico Sea &amp; Sea YS-D3 DUO. Ele coloca-o no controlo total da sua exposi\u00e7\u00e3o subaqu\u00e1tica.<\/p>\n<p>Gra\u00e7as \u00e0 eletr\u00f3nica de alta precis\u00e3o, a unidade de flash subaqu\u00e1tico YS-D3 DUO \u00e9 capaz de funcionar de forma \u00f3ptima em qualquer situa\u00e7\u00e3o. A unidade de flash YS-D3 DUO da Sea &amp; Sea tem um n\u00famero guia de 33 e um \u00e2ngulo de exposi\u00e7\u00e3o m\u00e1ximo de 110\u00b0 como padr\u00e3o. Desta forma, tem sempre uma grande quantidade de luz debaixo de \u00e1gua. O tempo de carregamento do flash em duas fases d\u00e1-lhe a oportunidade de flashar continuamente sem restri\u00e7\u00f5es em circunst\u00e2ncias especiais.<\/p>\n<p><strong><br \/>\nModerno, r\u00e1pido e potente.<br \/>\n<\/strong>A eletr\u00f3nica ultra-moderna do YS-D3 DUO \u00e9 capaz de produzir um flash de luz com um n\u00famero guia de 33 num tempo extremamente curto. Utilizando a lente de tr\u00edodo \u00f3tico asf\u00e9rica de alta precis\u00e3o, recentemente desenvolvida, colocada sobre os dois tubos de flash, a luz \u00e9 espalhada uniformemente do centro para as extremidades. Isto cria uma exposi\u00e7\u00e3o sem precedentes e rigorosamente uniforme em toda a \u00e1rea de disparo. O \u00e2ngulo de exposi\u00e7\u00e3o do flash sem a utiliza\u00e7\u00e3o de um difusor \u00e9 de 105\u00b0 x 80\u00b0. Com o difusor standard fornecido, este \u00e2ngulo \u00e9 aumentado para 110\u00b0 x 100\u00b0. Quando o difusor de c\u00fapula opcional (#28116) \u00e9 utilizado, o \u00e2ngulo de exposi\u00e7\u00e3o \u00e9 de aproximadamente 170\u00b0 x 150\u00b0.<\/p>\n<p>&nbsp;<\/p>\n<p><strong>Capte todos os momentos a alta velocidade gra\u00e7as \u00e0 tecnologia superior de flash cont\u00ednuo.<br \/>\n<\/strong>O YS-D3 DUO utiliza condensadores com uma capacidade maior do que \u00e9 habitual nas unidades de flash subaqu\u00e1ticas.  Para al\u00e9m disso, o YS-D3 DUO da Sea &amp; Sea est\u00e1 equipado com um novo circuito de carregamento. Como resultado, o YS-D3 DUO pode piscar continuamente com um n\u00famero de guia de 16 sem qualquer tempo de intervalo e, quando utilizado com um n\u00famero de guia de 22, o flash est\u00e1 pronto para ser utilizado uma e outra vez em apenas 0,6 segundos. O YS-D3 DUO tem um sinal de carga em dois passos. Quando \u00e9 solicitada uma pot\u00eancia de flash acima do n\u00famero guia 22 ao YS-D3 DUO, o sinal de carga \u00e9 emitido em dois passos. Depois de disparar o flash na pot\u00eancia m\u00e1xima do n\u00famero guia 33, a unidade de flash emite um sinal vis\u00edvel e aud\u00edvel para o informar de que j\u00e1 est\u00e1 pronto para disparar o pr\u00f3ximo disparo com um n\u00famero guia de 22. E assim que os condensadores estiverem suficientemente carregados para flashes com um n\u00famero guia de 33, ser\u00e1 emitido um segundo sinal diferente. Esta tecnologia permite-lhe tirar fotografias a velocidades que anteriormente pareciam quase imposs\u00edveis. Desta forma, n\u00e3o perder\u00e1 nenhum momento!<\/p>\n<p class=\"h5\"><strong>Fotografar no modo RC<br \/>\n<\/strong>Quando fotografar no modo RC com uma c\u00e2mara OM SYSTEMS (OLYMPUS), n\u00e3o s\u00e3o necess\u00e1rias defini\u00e7\u00f5es personalizadas. Selecione \"RC mode shooting\" na defini\u00e7\u00e3o do modo de flash do lado da c\u00e2mara; o YS-D3 DUO deve estar definido para \"RC\" para o modo de disparo.<\/p>\n<p>*Para mais informa\u00e7\u00f5es sobre como fotografar no modo RC, consulte o manual do utilizador da c\u00e2mara a ser utilizada.<\/p>\n<p><strong>L\u00e2mpada direcional como l\u00e2mpada de mergulho.<br \/>\n<\/strong>O YS-D3 DUO est\u00e1 equipado com uma l\u00e2mpada de mira\/focagem comutada manualmente. Isto permite-lhe alinhar com precis\u00e3o o flash com o objeto. Isto evita erros em alturas em que n\u00e3o se pode dar ao luxo de os cometer. Al\u00e9m disso, a c\u00e2mara subaqu\u00e1tica pode focar mais facilmente e muitas vezes mais rapidamente utilizando a luz auxiliar do flash. Isto tamb\u00e9m contribui para um melhor controlo das suas fotografias subaqu\u00e1ticas.<\/p>\n<p>Gra\u00e7as ao seu refletor de alum\u00ednio de conce\u00e7\u00e3o \u00fanica, esta lanterna direcional \u00e9 t\u00e3o potente que pode at\u00e9 funcionar como lanterna de mergulho. E se achar que \u00e9 demasiado, pode reduzir a pot\u00eancia com um simples toque no bot\u00e3o \"brilha no escuro\" na parte de tr\u00e1s da lanterna.<\/p>\n<p><strong>Indica\u00e7\u00e3o iluminada das defini\u00e7\u00f5es.<br \/>\n<\/strong>A unidade de flash YS-D3 DUO est\u00e1 equipada com retroilumina\u00e7\u00e3o do ecr\u00e3 a cores. Ao fotografar em condi\u00e7\u00f5es de escurid\u00e3o, \u00e9 poss\u00edvel ler as defini\u00e7\u00f5es, tais como a pot\u00eancia do flash e a defini\u00e7\u00e3o do modo, particularmente bem. A cor do ecr\u00e3 na parte de tr\u00e1s do Sea &amp; Sea YS-D3 DUO muda sempre que a defini\u00e7\u00e3o do interrutor de modo \u00e9 alterada. Azul (no modo DS-TTLII), azul claro (no modo slave-TTL), laranja (no modo manual com pr\u00e9-flash) e verde (no modo manual sem pr\u00e9-flash)<\/p>\n<p><strong>\u00a0<\/strong><\/p>\n<p><strong>\u00d3tico ou eletr\u00f3nico.<br \/>\n<\/strong>A unidade de flash subaqu\u00e1tico YS-D3 DUO oferece a possibilidade de ser utilizada em combina\u00e7\u00e3o com uma c\u00e2mara subaqu\u00e1tica que controla a unidade de flash subaqu\u00e1tico opticamente atrav\u00e9s do cabo de fibra \u00f3tica. Ou eletronicamente atrav\u00e9s do cabo de sincroniza\u00e7\u00e3o ligado \u00e0 caixa subaqu\u00e1tica. Na parte da frente, na parte inferior do estrobosc\u00f3pio subaqu\u00e1tico, encontra-se o recetor escravo para ligar o cabo de fibra \u00f3tica, que transmite o sinal do estrobosc\u00f3pio interno da c\u00e2mara. Na parte lateral existe um segundo conetor para ligar um segundo cabo de fibra \u00f3tica para controlar opticamente um flash adicional.<\/p>\n<p>O conetor eletr\u00f3nico encontra-se na parte inferior, na parte de tr\u00e1s do flash. \u00c9 o conetor cl\u00e1ssico Sea &amp; Sea 5pin-S, que funciona com o cabo Sea &amp; Sea Syncro #17100 para ligar uma \u00fanica unidade de flash. Ou com o cabo Sea &amp; Sea DUAL syncro # 03470 para controlar dois flashes ao mesmo tempo.<\/p>\n<p>Para o controlo do flash, a Sea &amp; Sea disp\u00f5e de um disparador de flash manual recentemente concebido e de um conversor YS eletr\u00f3nico, que pode ser montado opcionalmente na caixa subaqu\u00e1tica.<\/p>\n<p><em>(* Se o YS-D3 for utilizado com uma c\u00e2mara com flash incorporado na caixa, utilize apenas os cabos de fibra \u00f3tica originais da SEA &amp; SEA (#50128 Cabo de fibra \u00f3tica m\u00e9dio \/ #50123 Cabo de fibra \u00f3tica grande \/ #50135 Cabo de fibra \u00f3tica pequeno). As unidades de flash Sea &amp; Sea, especialmente em fun\u00e7\u00f5es como a exposi\u00e7\u00e3o TTL autom\u00e1tica, podem n\u00e3o funcionar ou podem n\u00e3o funcionar corretamente quando se utilizam cabos n\u00e3o originais).<\/em><\/p>\n<p>&nbsp;<\/p>\n<p><strong>Suporte de bola<br \/>\n<\/strong>Para ligar o flash a um sistema de bra\u00e7o ou a uma caixa subaqu\u00e1tica, a liga\u00e7\u00e3o universal de esfera reta est\u00e1 inclu\u00edda na embalagem como padr\u00e3o.<\/p>\n<p>Opcionalmente, est\u00e1 dispon\u00edvel a liga\u00e7\u00e3o cl\u00e1ssica Sea &amp; Sea YS. (Item: #12662 YS-Mount &amp; Screw system) Isto permite um ajuste vertical mais f\u00e1cil do flash. Ou a nova liga\u00e7\u00e3o esf\u00e9rica diagonal com um \u00e2ngulo de 35\u00b0, que facilita o posicionamento do flash mais atr\u00e1s, tornando-o mais adequado para utiliza\u00e7\u00e3o com uma porta Dome. Al\u00e9m disso, quando o flash \u00e9 controlado eletronicamente utilizando o cabo de sincroniza\u00e7\u00e3o, h\u00e1 menos tens\u00e3o no cabo com esta liga\u00e7\u00e3o esf\u00e9rica diagonal.<\/p>\n<p>&nbsp;<\/p>\n<p><strong><u>Especifica\u00e7\u00f5es:<\/u><\/strong><\/p>\n<ul>\n<li>N\u00famero de guia (ISO 100\/m pa\u00eds): 33 (Ao utilizar o difusor padr\u00e3o: 28).<\/li>\n<li>\u00c2ngulo de exposi\u00e7\u00e3o: 105\u00b0 x 80\u00b0 (sem difusor), (Ao utilizar o difusor standard 110\u00b0 x 100\u00b0)<\/li>\n<li>Pilhas: 4 x AAA: 6V - Ni-MH: 4,8V<\/li>\n<li>N\u00famero de flashes: Alcalina: 140 - Ni-MH: 220 (*1)<\/li>\n<li>Tempo de reciclagem (descarga completa): Alcalina: 3,5 seg. - Ni-MH: 1,7 seg. (*2)<\/li>\n<\/ul>\n<p><em>(*1)O n\u00famero de flashes e o tempo de reciclagem dependem da marca da pilha, da temperatura e da frequ\u00eancia de utiliza\u00e7\u00e3o).<\/em><\/p>\n<p><em>(*2) A contagem de flashes e o tempo de reciclagem das pilhas Ni-MH foram testados com pilhas de 2500 MAh).<\/em><\/p>\n<ul>\n<li>Temperatura de cor: 5800 K.<\/li>\n<li>Temperatura de cor com difusor standard: 5500 K.<\/li>\n<li>Profundidade m\u00e1xima: 100 metros.<\/li>\n<li>Dimens\u00f5es (LxAxP): 92 x 111 x 147 mm (excluindo a liga\u00e7\u00e3o esf\u00e9rica)<\/li>\n<li>Peso: 610 gramas (sem pilhas) (excluindo a liga\u00e7\u00e3o esf\u00e9rica)<\/li>\n<li>Flutuabilidade: Aproximadamente -20 gramas, negativo (incluindo pilhas e liga\u00e7\u00e3o da bola)<\/li>\n<\/ul>\n<p>&nbsp;<\/p>\n<p><strong>Outros:<\/strong><\/p>\n<ul>\n<li>Defini\u00e7\u00f5es de exposi\u00e7\u00e3o: DS-TTL II, Slave TTL, Manual Bot\u00e3o de controlo do volume da luz (GN): 1 \/ 1,4 \/ 2 \/ 2,8 \/ 4 \/ 5,6 \/ 8\/11\/16\/22\/33 (11 passos)<\/li>\n<li>Modo RC<\/li>\n<li>Fun\u00e7\u00e3o de escravo DS-TTL II<\/li>\n<li>Fun\u00e7\u00e3o de desligamento autom\u00e1tico ap\u00f3s 30 minutos<\/li>\n<li>Liga\u00e7\u00e3o eletr\u00f3nica para: Cabo Syncro Cabo Syncro de 5 pinos\/N, (#17100) ou Cabo Syncro DUO (#03470).<\/li>\n<li>Conector \u00f3tico para: Cabo de fibra \u00f3tica (#50128 Cabo de fibra \u00f3tica m\u00e9dio \/ #50123 Cabo de fibra \u00f3tica grande \/ #50135 Cabo de fibra \u00f3tica pequeno)<\/li>\n<li>V\u00e1lvula de seguran\u00e7a<\/li>\n<li>Luz LED de mira\/focagem (regul\u00e1vel em 2 n\u00edveis)<\/li>\n<li>Sinal de \u00e1udio duplo durante o carregamento do flash quando estiver pronto a ser utilizado.<\/li>\n<\/ul>\n<p><em><strong>Pre\u00e7o de retalho: 879 euros, incluindo IVA.<\/strong><\/em><\/p>\n<p><strong>Prazo de entrega: dispon\u00edvel em stock.<\/strong><\/p>\n<p>&nbsp;<\/p>\n<p><strong><u>Acess\u00f3rios opcionais para o YS-D3 DUO:<\/u><\/strong><\/p>\n<p>&nbsp;<\/p>\n<p><strong>Difusor de c\u00fapula para YS-D3 DUO (#28116)<br \/>\n<\/strong>O difusor de c\u00fapula opcional aumenta o \u00e2ngulo de exposi\u00e7\u00e3o para 170\u00b0\u00d7150\u00b0.  Este difusor \u00e9 um acess\u00f3rio necess\u00e1rio para fotografar com uma objetiva grande angular ou olho de peixe. Ou utilize este difusor quando for necess\u00e1ria uma luz mais suave. O n\u00famero guia diminuir\u00e1 em cerca de -1,5 EV quando o difusor estiver montado no flash.<\/p>\n<p>Utilizando a liga\u00e7\u00e3o de baioneta, este difusor pode ser facilmente montado e removido na frente do flash debaixo de \u00e1gua num instante. O difusor pode ser equipado com um cabo de seguran\u00e7a contra perdas.<br \/>\n<em><br \/>\nPre\u00e7o de retalho: 59 euros incluindo IVA.<\/em><\/p>\n<p><em>Prazo de entrega: Dispon\u00edvel em stock.<\/em><\/p>\n<p>&nbsp;<\/p>\n<p><strong>Bocal para YS-D3 DUO (#28115)<br \/>\n<\/strong>O Snoot reduz o \u00e2ngulo de exposi\u00e7\u00e3o do YS-D3 DUO para uma exposi\u00e7\u00e3o precisa num motivo espec\u00edfico. O snoot pode ser utilizado em 2 sec\u00e7\u00f5es. A abertura mais estreita \u00e9 de 25 mm. No interior do snoot, est\u00e1 incorporado um prisma para guiar a luz de focagem da l\u00e2mpada de mira\/focagem para o centro do snoot.<\/p>\n<p>Utilizando a liga\u00e7\u00e3o de baioneta, este Snoot, em vez do difusor, pode ser facilmente montado e removido na frente do flash debaixo de \u00e1gua num instante. O snoot pode ser equipado com um cabo de seguran\u00e7a contra perdas.<\/p>\n<p><em>Pre\u00e7o de retalho: 89 euros, incluindo IVA.<\/em><\/p>\n<p><em>Prazo de entrega: Dispon\u00edvel em stock.<\/em><\/p>\n<p>&nbsp;<\/p>\n<p>&nbsp;<\/p>\n<p><strong>Prisma de flash para YS-D3 DUO (#50127)<br \/>\n<\/strong>Controle o YS-D3 DUO usando este guia \u00f3tico. O prisma do flash subaqu\u00e1tico \u00e9 posicionado na liga\u00e7\u00e3o do cabo \u00f3tico na parte frontal\/inferior do flash subaqu\u00e1tico. Este acess\u00f3rio \u00e9 ideal para utilizar quando a unidade de flash \u00e9 utilizada debaixo de \u00e1gua numa posi\u00e7\u00e3o fixa, afastada da c\u00e2mara. Isto permite a aplica\u00e7\u00e3o de exposi\u00e7\u00f5es originais e a utiliza\u00e7\u00e3o simult\u00e2nea de v\u00e1rias unidades de flash. Continua a ser necess\u00e1rio utilizar um flash externo com controlo direto a partir da c\u00e2mara. O prisma do flash deve ser alinhado com precis\u00e3o para acionar o flash utilizando a fonte de luz externa. \u00c9 necess\u00e1rio praticar.<\/p>\n<p><em>Pre\u00e7o de retalho: 54,95 euros, incluindo IVA.<\/em><\/p>\n<p><em>Prazo de entrega: Dispon\u00edvel em stock.<\/em><\/p>\n<p>&nbsp;<\/p>\n<p>&nbsp;<\/p>\n<p><strong>Conector de flash diagonal para unidades de flash YS-D3\/D2 (#28117)<br \/>\n<\/strong>Esta liga\u00e7\u00e3o esf\u00e9rica adapta-se a todos os modelos YS-D3, YS-D2 e YS-D1. Ao utilizar esta liga\u00e7\u00e3o esf\u00e9rica de 35\u00b0, o flash pode ser posicionado num \u00e2ngulo mais favor\u00e1vel para fotografias de grande plano. Al\u00e9m disso, o flash pode ser melhor alinhado quando se utiliza uma porta dome fisheye. Uma vantagem adicional desta liga\u00e7\u00e3o esf\u00e9rica em combina\u00e7\u00e3o com o cabo de sincronismo eletr\u00f3nico \u00e9 que a liga\u00e7\u00e3o do cabo \u00e0 unidade de flash \u00e9 menos sobrecarregada.<\/p>\n<p><em>Pre\u00e7o de retalho: \u20ac 52,95 incl V.A.T.<\/em><\/p>\n<p><em>Prazo de entrega: Dispon\u00edvel em stock.<\/em><\/p>\n<p>&nbsp;<\/p>\n<p>&nbsp;<\/p>\n<p><strong>Cobertura de prote\u00e7\u00e3o anti-chamas para YS-D3 DUO (#51291)<br \/>\n<\/strong>Proteja a sua preciosa unidade de flash debaixo de \u00e1gua contra riscos e, em medidas limitadas, contra choques com a ajuda desta capa de prote\u00e7\u00e3o para flash em neopreno. Isto manter\u00e1 o seu flash durante mais tempo e evitar\u00e1 poss\u00edveis danos permanentes no seu flash. A capa de neoprene tem um efeito ligeiramente positivo na flutuabilidade. A capa de prote\u00e7\u00e3o em neoprene n\u00e3o cobre a parte da frente nem a parte de tr\u00e1s da unidade de flash, pelo que pode continuar a utilizar e a operar a sua unidade de flash em todas as condi\u00e7\u00f5es.<\/p>\n<p><em>Pre\u00e7o de retalho: \u20ac 39,95 incl V.A.T.<\/em><\/p>\n<p><em>Prazo de entrega: Dispon\u00edvel em stock.<\/em><\/p>","protected":false},"excerpt":{"rendered":"<h2>Controlo total sobre a exposi\u00e7\u00e3o das suas imagens subaqu\u00e1ticas com o novo flash subaqu\u00e1tico Sea &amp; Sea YS-D3 DUO.<\/h2>","protected":false},"featured_media":656,"comment_status":"closed","ping_status":"closed","template":"","meta":{"_acf_changed":false},"product_cat":[27,142],"product_tag":[143,168,269,38,237,268,271,270],"class_list":{"0":"post-427","1":"product","2":"type-product","3":"status-publish","4":"has-post-thumbnail","6":"product_cat-geen-categorie","7":"product_cat-flitsers","8":"product_tag-flitser","9":"product_tag-onderwater","10":"product_tag-onderwaterfotografie","11":"product_tag-sea-sea","12":"product_tag-underwater","13":"product_tag-underwaterphotgraphy","14":"product_tag-ys-d3","15":"product_tag-ys-d3-duo","17":"first","18":"instock","19":"featured","20":"product-type-simple"},"acf":[],"_links":{"self":[{"href":"https:\/\/seaandsea.eu\/pt\/wp-json\/wp\/v2\/product\/427","targetHints":{"allow":["GET"]}}],"collection":[{"href":"https:\/\/seaandsea.eu\/pt\/wp-json\/wp\/v2\/product"}],"about":[{"href":"https:\/\/seaandsea.eu\/pt\/wp-json\/wp\/v2\/types\/product"}],"replies":[{"embeddable":true,"href":"https:\/\/seaandsea.eu\/pt\/wp-json\/wp\/v2\/comments?post=427"}],"wp:featuredmedia":[{"embeddable":true,"href":"https:\/\/seaandsea.eu\/pt\/wp-json\/wp\/v2\/media\/656"}],"wp:attachment":[{"href":"https:\/\/seaandsea.eu\/pt\/wp-json\/wp\/v2\/media?parent=427"}],"wp:term":[{"taxonomy":"product_cat","embeddable":true,"href":"https:\/\/seaandsea.eu\/pt\/wp-json\/wp\/v2\/product_cat?post=427"},{"taxonomy":"product_tag","embeddable":true,"href":"https:\/\/seaandsea.eu\/pt\/wp-json\/wp\/v2\/product_tag?post=427"}],"curies":[{"name":"wp","href":"https:\/\/api.w.org\/{rel}","templated":true}]}}