{"id":133,"date":"2024-02-16T08:13:37","date_gmt":"2024-02-16T07:13:37","guid":{"rendered":"https:\/\/eager-benz.45-82-188-209.plesk.page\/product\/optical-dome-port-ii-230-30137\/"},"modified":"2024-04-18T13:25:09","modified_gmt":"2024-04-18T11:25:09","slug":"optical-dome-port-ii-230","status":"publish","type":"product","link":"https:\/\/seaandsea.eu\/sv\/produkt\/optical-dome-port-ii-230\/","title":{"rendered":"Optisk kupolport II 230"},"content":{"rendered":"","protected":false},"excerpt":{"rendered":"<p>Optisk kupolport II 230<br \/>\nProduktnummer 30137<\/p>\n<p>Exempel p\u00e5 system<\/p>\n<p>Diameter 230 mm. M\u00e5ngsidig optisk domeport, kompatibel med olika fisheye- och vidvinkelobjektiv. Ger b\u00e4sta m\u00f6jliga bildkvalitet, inklusive perifer bildkvalitet. L\u00e4mplig f\u00f6r bilder till h\u00e4lften under vattnet och till h\u00e4lften ovanf\u00f6r. Den perifera bildkvaliteten blir \u00e4nnu b\u00e4ttre n\u00e4r den anv\u00e4nds med ett internt korrektionsobjektiv.<\/p>\n<p><strong>Funktioner<\/strong><br \/>\n\u30fb H\u00f6gkvalitativt BK7-kristallglas anv\u00e4nds.<br \/>\n\u30fb F\u00f6r att optimera bildkvaliteten anv\u00e4nds tv\u00e5 olika antireflexbel\u00e4ggningar, en p\u00e5 utsidan och en p\u00e5 insidan av de optiska kupolerna. En flerskiktsbel\u00e4ggning anv\u00e4nds p\u00e5 kupolens utsida och kupolens insida \u00e4r belagd med kiseldioxid f\u00f6r att effektivt motverka \u00f6verstr\u00e5lning och sp\u00f6kbilder. Som ett resultat av detta reduceras brytningsindex f\u00f6r varje port till mindre \u00e4n 0,01% och domerna ger bilder med extremt h\u00f6g kontrast.<\/p>\n<p>Skillnad i bildkvalitet mellan Fisheye Dome Port 240 och Optical Dome Port 165 i motljus. Utrustning som anv\u00e4nts: Canon 5D Mark III och EF 16-35mm F2.8L III. Djup: 5 m<\/p>\n<p><strong>Specifikationer<\/strong><br \/>\nM\u00e5tt (DIAxD): 250 x 120 mm \/ 9,8 x 4,7 tum<br \/>\nVikt: Cirka 2100 g \/ 74,1 oz<br \/>\nDjupklassning: 100m \/ 330ft<br \/>\nKonstruktion: korrosionsbest\u00e4ndig aluminiumlegering (anodiserad), BK7-kristallglas (kupol) och POM-harts (lock)<br \/>\nTillbeh\u00f6r: Instruktionsbok, optisk kupolspj\u00e4llventil, spj\u00e4llhus<\/p>","protected":false},"featured_media":134,"comment_status":"closed","ping_status":"closed","template":"","meta":{"_acf_changed":false},"product_cat":[29,28],"product_tag":[42,43,34,35,36,37,38],"class_list":{"0":"post-133","1":"product","2":"type-product","3":"status-publish","4":"has-post-thumbnail","6":"product_cat-domeports","7":"product_cat-porten","8":"product_tag-42","9":"product_tag-43","10":"product_tag-dome","11":"product_tag-ii","12":"product_tag-optical","13":"product_tag-port","14":"product_tag-sea-sea","16":"first","17":"instock","18":"product-type-simple"},"acf":[],"_links":{"self":[{"href":"https:\/\/seaandsea.eu\/sv\/wp-json\/wp\/v2\/product\/133","targetHints":{"allow":["GET"]}}],"collection":[{"href":"https:\/\/seaandsea.eu\/sv\/wp-json\/wp\/v2\/product"}],"about":[{"href":"https:\/\/seaandsea.eu\/sv\/wp-json\/wp\/v2\/types\/product"}],"replies":[{"embeddable":true,"href":"https:\/\/seaandsea.eu\/sv\/wp-json\/wp\/v2\/comments?post=133"}],"wp:featuredmedia":[{"embeddable":true,"href":"https:\/\/seaandsea.eu\/sv\/wp-json\/wp\/v2\/media\/134"}],"wp:attachment":[{"href":"https:\/\/seaandsea.eu\/sv\/wp-json\/wp\/v2\/media?parent=133"}],"wp:term":[{"taxonomy":"product_cat","embeddable":true,"href":"https:\/\/seaandsea.eu\/sv\/wp-json\/wp\/v2\/product_cat?post=133"},{"taxonomy":"product_tag","embeddable":true,"href":"https:\/\/seaandsea.eu\/sv\/wp-json\/wp\/v2\/product_tag?post=133"}],"curies":[{"name":"wp","href":"https:\/\/api.w.org\/{rel}","templated":true}]}}