{"id":1429,"date":"2024-09-11T12:35:07","date_gmt":"2024-09-11T10:35:07","guid":{"rendered":"https:\/\/seaandsea.eu\/?post_type=product&#038;p=1429"},"modified":"2024-09-11T12:35:07","modified_gmt":"2024-09-11T10:35:07","slug":"photo-video-light-kit-lx-1200sw-flood-spot-wit","status":"publish","type":"product","link":"https:\/\/seaandsea.eu\/sv\/produkt\/foto-video-ljus-kit-lx-1200sw-flood-spot-vit\/","title":{"rendered":"Foto\/video-ljuskit LX-1200SW Flood &amp; Spot - vit"},"content":{"rendered":"","protected":false},"excerpt":{"rendered":"<p>Foto\/video-ljuskit LX-1200SW Flood &amp; Spot - Vit<br \/>\nProduktnummer 09135<\/p>\n<p>S\u00e5 h\u00e4r vacker och avancerad kan undervattensbelysning f\u00f6r foto\/video vara! Vi talar om den nya LX-lampan fr\u00e5n Sea &amp; Sea. Denna h\u00f6gkvalitativa lampa fr\u00e5n <strong>JAPANS M\u00e4kleri<\/strong> b\u00f6r verkligen \u00f6verv\u00e4gas. Du kommer garanterat att bli imponerad av dess kvalitet, design och anv\u00e4ndarv\u00e4nlighet. Vi v\u00e5gar n\u00e4stan p\u00e5st\u00e5 att det inte finns n\u00e5got b\u00e4ttre system d\u00e4r ute.<\/p>\n<p>Bara en kort lista \u00f6ver funktioner: (ytterligare markerade nedan).<\/p>\n<ol>\n<li><em>Dubbel lampfunktion: Spot och Flood kan kopplas om i 1 lampa.\u00a0<\/em><\/li>\n<li><em>COB LED f\u00f6r den vackraste och j\u00e4mnaste ljusf\u00f6rdelningen.<\/em><\/li>\n<li><em>J\u00e4mna skuggor ist\u00e4llet f\u00f6r flera skuggor tack vare COB<\/em><\/li>\n<li><em>Justerbart ljusfl\u00f6de i 100 eller i 4 steg, med minne f\u00f6r b\u00e5da lamporna.<\/em><\/li>\n<li><em>Sensor f\u00f6r blixtavk\u00e4nning, sl\u00e4cker lampan kortvarigt om det uppst\u00e5r en blixt.<\/em><\/li>\n<li><em>Utbytbara lamphuvuden f\u00f6r att \u00e4ndra uteffekt.<\/em><\/li>\n<li><em>Utbytbart uppladdningsbart batteri som kan laddas i lampan eller separat utan lampa. Praktiskt i kombination med ett andra batteri.\u00a0<\/em><\/li>\n<li><em>Tydlig och l\u00e4sbar display med komplett funktionsvisning. Enkel anv\u00e4ndning.<\/em><\/li>\n<li><em>Inkluderar 5 monteringsalternativ.\u00a0<\/em><\/li>\n<\/ol>\n<p>&nbsp;<\/p>\n<p><strong>#1 - Tv\u00e5 lampor i en: Flood och Spot!<\/strong><\/p>\n<p>Lampan kan v\u00e4xlas mellan vidvinkel- och punktbelysning med hj\u00e4lp av kontrollknapparna. Str\u00e5lningsvinkeln \u00e4r 100\u00b0 f\u00f6r wide och 30\u00b0 f\u00f6r spot. Det h\u00e4r \u00e4r praktiskt eftersom du enkelt kan v\u00e4xla fr\u00e5n wide till spot och fr\u00e5n spot till wide genom att h\u00e5lla in on\/off\/light adjustment-knappen. Det \u00e4r m\u00f6jligt att anv\u00e4nda spotljuset f\u00f6r att se sig omkring n\u00e4r man dyker och sedan v\u00e4xla till wide s\u00e5 snart man vill b\u00f6rja ta bilder. Spot har f\u00f6rdelen att den f\u00f6rbrukar betydligt mindre str\u00f6m \u00e4n Flood. Du f\u00e5r allts\u00e5 mer tid under vattnet f\u00f6r att leta efter det perfekta motivet innan du sl\u00e5r p\u00e5 den stora widebeamen.<\/p>\n<p><strong>#2 - COB-lampa med den vackraste m\u00f6jliga ideala \"centrala ljusf\u00f6rdelningen\".<\/strong><\/p>\n<p>Ljusk\u00e4llan \u00e4r COB (LED), som har ett etablerat rykte f\u00f6r j\u00e4mn ljusf\u00f6rdelning. Den ursprungliga designen anpassar COB till en munkform. Den breda ljusk\u00e4llan \u00e4r placerad p\u00e5 munken och LED-lamporna f\u00f6r punktbelysning \u00e4r placerade i mitten av den lysande ytan (munkh\u00e5let). Oavsett om det g\u00e4ller bred- eller punktbelysning ligger den optiska axeln i mitten av den lysande ytan och garanterar alltid optimal belysning.<\/p>\n<p><strong>Ny typ av \"COB\".<\/strong><br \/>\n\"COB\" \u00e4r en typ av LED. Det \u00e4r en f\u00f6rkortning f\u00f6r \"Chip on board\", och som namnet antyder placeras flera LED-chips direkt p\u00e5 kortet. Eftersom flera LED-chips \u00e4r placerade p\u00e5 ett koncentrerat s\u00e4tt uppn\u00e5s en h\u00f6g luminans. Ett stort omr\u00e5de kan ocks\u00e5 belysas j\u00e4mnt, eftersom ljuset avges genom en yta. SEA&amp;SEA \u00e4r f\u00f6rst i Japan med \"COB\" i form av en munk. \u00c4ven med mycket ljus \u00e4r det mindre troligt att det uppst\u00e5r skuggor i mitten, vilket ger ett j\u00e4mnt ljus.<\/p>\n<p><strong>#3 - F\u00f6rhindrar tydligt multiskuggor tack vare COB LED.<\/strong><\/p>\n<p>COB eliminerar \"multiskuggor\" i b\u00e5de vidvinkel- och spotbelysning. De naturliga skuggorna framh\u00e4ver motivet klart och tydligt, vilket g\u00f6r det till ett idealiskt ljus f\u00f6r fotografering och videobelysning.<\/p>\n<p><strong>Flera skuggor <\/strong><br \/>\nSkuggor som \u00e4r unika f\u00f6r LED-belysning. N\u00e4r ett objekt belyses med LED-belysning som best\u00e5r av m\u00e5nga lysande sektioner uppst\u00e5r onaturliga multipla skuggor som skiljer sig fr\u00e5n dem som uppst\u00e5r i solljus. Multipla skuggor kan d\u00f6lja konturerna av ett objekt och minska dess synlighet. COB med en enda ljusk\u00e4lla ger inte upphov till multipla skuggor.<\/p>\n<p><strong># 4 - Fyra eller 100 steg <\/strong><strong>ljusjustering, med minnesfunktion f\u00f6r avst\u00e4ngning av b\u00e5da ljusk\u00e4llorna.<\/strong><\/p>\n<p><strong>Ljusjustering i 4 steg (i steg om 25%) <\/strong><br \/>\nF\u00f6r ljusjustering i 4 steg, tryck p\u00e5 knappen f\u00f6r p\u00e5\/av\/ljusjustering n\u00e4r lampan \u00e4r t\u00e4nd. Den cirkulerar mellan 25%, 50%, 75% och 100% per tryckning f\u00f6r att justera ljusintensiteten efter situationen. Ljusintensiteten visas tydligt med %-displayen.<\/p>\n<p><strong>Ljusjustering i 100 steg (i steg om 1%) <\/strong><br \/>\nLjusjustering i 100 steg fr\u00e5n 0 till 100% utf\u00f6rs med hj\u00e4lp av knapparna f\u00f6r justering av ljusintensitet p\u00e5 v\u00e4nster och h\u00f6ger sida. Subtil justering \u00e4r m\u00f6jlig i steg om 1%. Den digitala %-visningen f\u00f6r finjustering \u00e4r tydligt avl\u00e4sbar p\u00e5 displayen.<\/p>\n<p><strong>Minnesfunktion <\/strong><br \/>\nLX-Lights \u00e4r utrustade med en \"minnesfunktion\" som g\u00f6r att lampan beh\u00e5ller den inst\u00e4llning som den sl\u00e4cktes i. S\u00e5 snart lampan sl\u00e5s p\u00e5 igen kommer den att vara i samma inst\u00e4llning. som t\u00e4nds igen med samma ljusintensitet som n\u00e4r lampan sl\u00e4cktes. Det \u00e4r s\u00e4rskilt anv\u00e4ndbart vid videoinspelning, eftersom lampan t\u00e4nds med samma ljusintensitet som n\u00e4r den sl\u00e4cktes.<\/p>\n<p><strong>#5 - Inbyggd (p\u00e5- och avkopplingsbar) blixtdetekteringssensor f\u00f6r anv\u00e4ndning med extern blixt.\u00a0<\/strong><\/p>\n<p>Sea &amp; Sea LX-str\u00e5lkastarna \u00e4r utrustade med en \"blixtdetekteringssensor\" som k\u00e4nner av blixtljuset fr\u00e5n den externa blixten och i det \u00f6gonblicket automatiskt st\u00e4nger av ljuset en kort stund och sedan sl\u00e5r p\u00e5 det igen en sekund senare. Eftersom lampan st\u00e4ngs av n\u00e4r blixten sl\u00e4pps ut p\u00e5verkar videolampan inte bilden, t.ex. n\u00e4r spotlight anv\u00e4nds som fokuslampa. Det breda ljuset kan anv\u00e4ndas f\u00f6r att s\u00f6ka efter motiv eller titta p\u00e5 omgivningen och ta bilder utan att beh\u00f6va oroa sig f\u00f6r oj\u00e4mn exponering eller f\u00e4rgsvackor.<\/p>\n<p><strong>#6 - Effektf\u00f6r\u00e4ndring genom byte av lamphuvud!<\/strong><\/p>\n<p>LX-lampserien har alla samma h\u00f6lje. Lamphuvudena \u00e4r kompatibla. LX2400SW FS-lamphuvudet kan anv\u00e4ndas som ett h\u00f6lje p\u00e5 2400 lm och LX-4000SW FS-lamphuvudet kan anv\u00e4ndas som ett h\u00f6lje p\u00e5 4000 lm n\u00e4r det st\u00e4lls in p\u00e5 LX-1200SW FS.<\/p>\n<p><em>*Justering av inst\u00e4llningen kr\u00e4vs efter byte av lamphuvud.<\/em><em><br \/>\nSe anv\u00e4ndarhandboken f\u00f6r mer information.<\/em><\/p>\n<p><strong>#7 - Tv\u00e5 alternativ f\u00f6r batteriladdning.\u00a0<\/strong><\/p>\n<p>Den kompakta kroppen rymmer ett litiumjonbatteri med stor kapacitet p\u00e5 3400 mAh. Det kan laddas p\u00e5 2 s\u00e4tt.<\/p>\n<p><strong>1. laddning via ytterlampa<\/strong><\/p>\n<p>Batteriet kan laddas direkt genom att ansluta den medf\u00f6ljande speciella laddningskontakten p\u00e5 baksidan till fj\u00e4rrkontrollens kontakt (magnetpol) p\u00e5 baksidan av huset medan batteriet f\u00f6rblir anslutet till huset. Eftersom batteriet inte beh\u00f6ver tas bort fr\u00e5n h\u00f6ljet finns det ingen risk f\u00f6r l\u00e4ckage p\u00e5 grund av felaktig f\u00f6rslutning av lampan.<\/p>\n<p><strong>2. Laddning via batteri, utan lampa<\/strong><\/p>\n<p>Batteriet kan tas ut ur h\u00f6ljet och laddas direkt med laddaren. Detta g\u00f6r att du kan arbeta med 2 eller fler batterier. N\u00e4r lampan anv\u00e4nds kan reservbatteriet laddas samtidigt.<br \/>\n*Det \u00e4r ocks\u00e5 sk\u00f6nt att veta att batteriet kan tas bort n\u00e4r det tas med som handbagage p\u00e5 flyget.<\/p>\n<p><strong>#8 - L\u00e4ttavl\u00e4st displaypanel och bekv\u00e4m anv\u00e4ndning.<\/strong><\/p>\n<p>En m\u00e4ngd olika funktioner visas p\u00e5 en v\u00e4l synlig LCD-sk\u00e4rm i f\u00e4rg. \"Ljusintensitet\" och \"\u00e5terst\u00e5ende belysningstid\", som \u00e4r de viktigaste funktionerna under vattnet, visas till stor del p\u00e5 samma l\u00e4ttl\u00e4sta sk\u00e4rm. Ljusintensiteten kan justeras med kontrollknapparna samtidigt som du tittar p\u00e5 panelens display. N\u00e4r batteriniv\u00e5n \u00e4r l\u00e5g s\u00e4nks ljusintensiteten automatiskt till 20% och batteriindikatorn blinkar. Displayen visar \"10min\" och b\u00f6rjar r\u00e4kna ned.<\/p>\n<p><strong>Ytterligare funktioner och vyer\u00a0<\/strong><\/p>\n<p>Lampan \u00e4r f\u00f6rberedd med funktioner f\u00f6r att f\u00f6rhindra potentiella problem och ge hj\u00e4lp vid osannolika n\u00f6dsituationer.<\/p>\n<p>S\u00e4kerhetsl\u00e4ge: N\u00e4r batteriet \u00e4r svagt reduceras ljusintensiteten automatiskt till 20% och batteriindikatorn blinkar. Displayen visar \"10min\" och b\u00f6rjar r\u00e4kna ned.<\/p>\n<p>Skyddsl\u00e4ge f\u00f6r h\u00f6g temperatur: Om lamphuvudet n\u00e5r en temperatur p\u00e5 55 \u00b0C (131 \u00b0F) eller h\u00f6gre under anv\u00e4ndning, v\u00e4xlar det automatiskt till skyddsl\u00e4ge och minskar ljusintensiteten till 20% av max.<\/p>\n<p>Blinkande signall\u00e4ge: Den blinkar snabbt genom att h\u00e5lla in knappen f\u00f6r justering av ljusintensitet (+) och knappen f\u00f6r justering av p\u00e5\/av\/ljus samtidigt i ca 2 sekunder. Anv\u00e4ndbar som signal till din kompis eller som signal under nattdyk.<\/p>\n<p>SOS-l\u00e4ge: Den blinkar som en n\u00f6dsignal f\u00f6r r\u00e4ddning i SOS-l\u00e4ge genom att h\u00e5lla knappen f\u00f6r justering av ljusintensitet (-) och knappen f\u00f6r p\u00e5\/av\/ljusjustering intryckta samtidigt i ca 2 sekunder.<\/p>\n<p><strong>#9 - Brett utbud av monteringsadaptrar<\/strong><\/p>\n<p>Flera adaptrar ing\u00e5r i f\u00f6rpackningen. Till exempel Gun-greppet f\u00f6r att anv\u00e4nda lampan som handlampa. Och \u00e4ven 4 f\u00e4sten, YS-f\u00e4ste, kulf\u00e4ste, GoPro-f\u00e4ste och ett Loc-line-f\u00e4ste som kan anv\u00e4ndas f\u00f6r att montera lampan p\u00e5 \u00f6nskat s\u00e4tt p\u00e5 armen eller huset.<\/p>\n<p>Varje tillbeh\u00f6r ska f\u00e4stas ordentligt med sockelns f\u00e4stskruvar efter att ha satts in i lampans sockelh\u00e5llare.<\/p>","protected":false},"featured_media":1430,"comment_status":"open","ping_status":"closed","template":"","meta":{"_acf_changed":false},"product_cat":[274],"product_tag":[276,246,279,278,277,275,168,38,147,148,39],"class_list":{"0":"post-1429","1":"product","2":"type-product","3":"status-publish","4":"has-post-thumbnail","6":"product_cat-lampen","7":"product_tag-276","8":"product_tag-duiken","9":"product_tag-lamp","10":"product_tag-lampen","11":"product_tag-lights","12":"product_tag-lx-lights","13":"product_tag-onderwater","14":"product_tag-sea-sea","15":"product_tag-sea-and-sea","16":"product_tag-sea-en-sea","17":"product_tag-seasea","19":"first","20":"instock","21":"shipping-taxable","22":"product-type-simple"},"acf":[],"_links":{"self":[{"href":"https:\/\/seaandsea.eu\/sv\/wp-json\/wp\/v2\/product\/1429","targetHints":{"allow":["GET"]}}],"collection":[{"href":"https:\/\/seaandsea.eu\/sv\/wp-json\/wp\/v2\/product"}],"about":[{"href":"https:\/\/seaandsea.eu\/sv\/wp-json\/wp\/v2\/types\/product"}],"replies":[{"embeddable":true,"href":"https:\/\/seaandsea.eu\/sv\/wp-json\/wp\/v2\/comments?post=1429"}],"wp:featuredmedia":[{"embeddable":true,"href":"https:\/\/seaandsea.eu\/sv\/wp-json\/wp\/v2\/media\/1430"}],"wp:attachment":[{"href":"https:\/\/seaandsea.eu\/sv\/wp-json\/wp\/v2\/media?parent=1429"}],"wp:term":[{"taxonomy":"product_cat","embeddable":true,"href":"https:\/\/seaandsea.eu\/sv\/wp-json\/wp\/v2\/product_cat?post=1429"},{"taxonomy":"product_tag","embeddable":true,"href":"https:\/\/seaandsea.eu\/sv\/wp-json\/wp\/v2\/product_tag?post=1429"}],"curies":[{"name":"wp","href":"https:\/\/api.w.org\/{rel}","templated":true}]}}