{"id":145,"date":"2024-02-16T08:13:37","date_gmt":"2024-02-16T07:13:37","guid":{"rendered":"https:\/\/eager-benz.45-82-188-209.plesk.page\/product\/ml-flat-port-63-30128\/"},"modified":"2024-04-19T16:04:45","modified_gmt":"2024-04-19T14:04:45","slug":"ml-flat-port-63-30128","status":"publish","type":"product","link":"https:\/\/seaandsea.eu\/sv\/produkt\/ml-flat-port-63-30128\/","title":{"rendered":"ML Platt port 63"},"content":{"rendered":"","protected":false},"excerpt":{"rendered":"<p>ML Platt port 63<br \/>\nProduktnummer 30128<\/p>\n<p>F\u00f6r hus till spegell\u00f6sa kameror.<\/p>\n<p><strong>Specifikationer<\/strong><br \/>\nM\u00e5tt (DIAxD): 104 x 84 mm \/ 4,1 x 3,3 tum<br \/>\nVikt: 337 g \/ 11,9 oz<br \/>\nDjupklassning: 100m \/ 330ft<br \/>\nKonstruktion: korrosionsbest\u00e4ndig aluminiumlegering (anodiserad, antireflexbel\u00e4ggning p\u00e5 innerytan)<br \/>\nAvst\u00e5nd mellan portmonteringen och den inre glasytan: 63 mm \/ 2,5 tum<\/p>","protected":false},"featured_media":146,"comment_status":"closed","ping_status":"closed","template":"","meta":{"_acf_changed":false},"product_cat":[28,72],"product_tag":[63,73,74,64,37,38],"class_list":{"0":"post-145","1":"product","2":"type-product","3":"status-publish","4":"has-post-thumbnail","6":"product_cat-porten","7":"product_cat-standard-ports","8":"product_tag-63","9":"product_tag-73","10":"product_tag-flat","11":"product_tag-ml","12":"product_tag-port","13":"product_tag-sea-sea","15":"first","16":"instock","17":"product-type-simple"},"acf":[],"_links":{"self":[{"href":"https:\/\/seaandsea.eu\/sv\/wp-json\/wp\/v2\/product\/145","targetHints":{"allow":["GET"]}}],"collection":[{"href":"https:\/\/seaandsea.eu\/sv\/wp-json\/wp\/v2\/product"}],"about":[{"href":"https:\/\/seaandsea.eu\/sv\/wp-json\/wp\/v2\/types\/product"}],"replies":[{"embeddable":true,"href":"https:\/\/seaandsea.eu\/sv\/wp-json\/wp\/v2\/comments?post=145"}],"wp:featuredmedia":[{"embeddable":true,"href":"https:\/\/seaandsea.eu\/sv\/wp-json\/wp\/v2\/media\/146"}],"wp:attachment":[{"href":"https:\/\/seaandsea.eu\/sv\/wp-json\/wp\/v2\/media?parent=145"}],"wp:term":[{"taxonomy":"product_cat","embeddable":true,"href":"https:\/\/seaandsea.eu\/sv\/wp-json\/wp\/v2\/product_cat?post=145"},{"taxonomy":"product_tag","embeddable":true,"href":"https:\/\/seaandsea.eu\/sv\/wp-json\/wp\/v2\/product_tag?post=145"}],"curies":[{"name":"wp","href":"https:\/\/api.w.org\/{rel}","templated":true}]}}