{"id":1510,"date":"2025-03-31T17:15:35","date_gmt":"2025-03-31T15:15:35","guid":{"rendered":"https:\/\/seaandsea.eu\/?post_type=product&#038;p=1510"},"modified":"2025-03-31T17:16:56","modified_gmt":"2025-03-31T15:16:56","slug":"lx-snoot-for-lx-lights","status":"publish","type":"product","link":"https:\/\/seaandsea.eu\/sv\/produkt\/lx-snoot-for-lx-lampor\/","title":{"rendered":"LX Snoot f\u00f6r LX-Lights"},"content":{"rendered":"<p>Snoot-kit exklusivt f\u00f6r LX-lampor. N\u00e4r den \u00e4r installerad blockerar den ljus som tr\u00e4ffar omgivningen och ger en exakt belysning av motivet. Detaljer och f\u00e4rger framtr\u00e4der tydligt, vilket g\u00f6r att du kan ta mer f\u00e4rgstarka foton. Det g\u00f6r det m\u00f6jligt att skapa en tredimensionell effekt, experimentell anv\u00e4ndning av ljus och skuggor och ett unikt konstn\u00e4rligt uttryck som tar bort svart och framh\u00e4ver motivet.<br \/>\n*LX-lampor m\u00e5ste anv\u00e4ndas i \"spotlight-l\u00e4ge\".<\/p>\n<p>En upps\u00e4ttning basringar och 3 typer av adaptrar. Det finns tre typer av adaptrar: 20 mm, 10 mm och 5 mm. Adaptrarna kan bytas ut f\u00f6r att anpassa dem till bestr\u00e5lningsomr\u00e5det. Kombinationerna 20 mm + 10 mm och 20 mm + 5 mm kan ocks\u00e5 anv\u00e4ndas, vilket m\u00f6jligg\u00f6r bestr\u00e5lning p\u00e5 avst\u00e5nd fr\u00e5n motivet (med viss ljusreduktion).<\/p>","protected":false},"excerpt":{"rendered":"<p>Snoot-kit exklusivt f\u00f6r LX-lampor. N\u00e4r den \u00e4r installerad blockerar den ljus som tr\u00e4ffar omgivningen och ger exakt belysning av [...].<\/p>","protected":false},"featured_media":1511,"comment_status":"open","ping_status":"closed","template":"","meta":{"_acf_changed":false},"product_cat":[282],"product_tag":[251,246,277,275,168,38,147,148,39],"class_list":{"0":"post-1510","1":"product","2":"type-product","3":"status-publish","4":"has-post-thumbnail","6":"product_cat-accessoires-lampen","7":"product_tag-accessoires","8":"product_tag-duiken","9":"product_tag-lights","10":"product_tag-lx-lights","11":"product_tag-onderwater","12":"product_tag-sea-sea","13":"product_tag-sea-and-sea","14":"product_tag-sea-en-sea","15":"product_tag-seasea","17":"first","18":"instock","19":"featured","20":"shipping-taxable","21":"product-type-simple"},"acf":[],"_links":{"self":[{"href":"https:\/\/seaandsea.eu\/sv\/wp-json\/wp\/v2\/product\/1510","targetHints":{"allow":["GET"]}}],"collection":[{"href":"https:\/\/seaandsea.eu\/sv\/wp-json\/wp\/v2\/product"}],"about":[{"href":"https:\/\/seaandsea.eu\/sv\/wp-json\/wp\/v2\/types\/product"}],"replies":[{"embeddable":true,"href":"https:\/\/seaandsea.eu\/sv\/wp-json\/wp\/v2\/comments?post=1510"}],"wp:featuredmedia":[{"embeddable":true,"href":"https:\/\/seaandsea.eu\/sv\/wp-json\/wp\/v2\/media\/1511"}],"wp:attachment":[{"href":"https:\/\/seaandsea.eu\/sv\/wp-json\/wp\/v2\/media?parent=1510"}],"wp:term":[{"taxonomy":"product_cat","embeddable":true,"href":"https:\/\/seaandsea.eu\/sv\/wp-json\/wp\/v2\/product_cat?post=1510"},{"taxonomy":"product_tag","embeddable":true,"href":"https:\/\/seaandsea.eu\/sv\/wp-json\/wp\/v2\/product_tag?post=1510"}],"curies":[{"name":"wp","href":"https:\/\/api.w.org\/{rel}","templated":true}]}}