{"id":1530,"date":"2026-01-15T16:45:07","date_gmt":"2026-01-15T15:45:07","guid":{"rendered":"https:\/\/seaandsea.eu\/?post_type=product&#038;p=1530"},"modified":"2026-01-15T16:45:07","modified_gmt":"2026-01-15T15:45:07","slug":"ys-d130r","status":"publish","type":"product","link":"https:\/\/seaandsea.eu\/sv\/produkt\/ys-d130r\/","title":{"rendered":"YS-D130R"},"content":{"rendered":"<p data-start=\"119\" data-end=\"181\">Den nya blixten fr\u00e5n Sea &amp; Sea \u00e4r den <strong data-start=\"168\" data-end=\"180\">YS-D130R<\/strong>.<\/p>\n<p data-start=\"183\" data-end=\"430\">En kraftfull blixt med ett ljusfl\u00f6de p\u00e5 <strong data-start=\"232\" data-end=\"256\">130 watt per sekund<\/strong>. Utrustad med en <strong data-start=\"276\" data-end=\"291\">ringblixt<\/strong> f\u00f6r optimal och j\u00e4mn belysning av motivet. Fungerar p\u00e5 en <strong data-start=\"369\" data-end=\"390\">Batteri (Pro-version)<\/strong> eller <strong data-start=\"394\" data-end=\"429\">AA-batterier (standardversion)<\/strong>.<\/p>\n<p data-start=\"432\" data-end=\"446\"><strong data-start=\"432\" data-end=\"446\">Funktioner:<\/strong><\/p>\n<ul data-start=\"447\" data-end=\"1456\">\n<li data-start=\"447\" data-end=\"493\">\n<p data-start=\"449\" data-end=\"493\">Rund blixt f\u00f6r j\u00e4mn belysning<\/p>\n<\/li>\n<li data-start=\"494\" data-end=\"548\">\n<p data-start=\"496\" data-end=\"548\">YS-D130R ringblixtenhet \/ standard blixtr\u00f6r (rakt)<\/p>\n<\/li>\n<li data-start=\"549\" data-end=\"628\">\n<p data-start=\"551\" data-end=\"628\">RC-l\u00e4ge officiellt certifierat av <strong data-start=\"590\" data-end=\"626\">OM Digital Solutions Corporation<\/strong><\/p>\n<\/li>\n<li data-start=\"629\" data-end=\"695\">\n<p data-start=\"631\" data-end=\"695\">LCD-display f\u00f6r betydligt b\u00e4ttre anv\u00e4ndarupplevelse<\/p>\n<\/li>\n<li data-start=\"696\" data-end=\"815\">\n<p data-start=\"698\" data-end=\"815\">Speciellt litiumjonbatteri och system med dubbla kraftk\u00e4llor<br data-start=\"744\" data-end=\"747\" \/>(<em data-start=\"750\" data-end=\"812\">Litiumjonbatteriet ing\u00e5r som standard i PRO-paketet<\/em>)<\/p>\n<\/li>\n<li data-start=\"816\" data-end=\"858\">\n<p data-start=\"818\" data-end=\"858\">Ny: <strong data-start=\"825\" data-end=\"856\">HSS-l\u00e4ge (h\u00f6ghastighetssynkronisering)<\/strong><\/p>\n<\/li>\n<li data-start=\"859\" data-end=\"1081\">\n<p data-start=\"861\" data-end=\"1081\">HSS m\u00f6jligg\u00f6r blixtfotografering med kortare slutartider \u00e4n den normala kamerasynkhastigheten<br data-start=\"958\" data-end=\"961\" \/>(<em data-start=\"964\" data-end=\"1078\">En HSS-TTL-omvandlare m\u00e5ste installeras i kamerahuset f\u00f6r att aktivera HSS-l\u00e4get p\u00e5 YS-D130R<\/em>)<\/p>\n<\/li>\n<li data-start=\"1082\" data-end=\"1118\">\n<p data-start=\"1084\" data-end=\"1118\">Ny design p\u00e5 batteriluckan<\/p>\n<\/li>\n<li data-start=\"1119\" data-end=\"1299\">\n<p data-start=\"1121\" data-end=\"1226\"><strong data-start=\"1121\" data-end=\"1137\">4 inspelningsl\u00e4gen<\/strong>YS-D130R erbjuder fyra fotograferingsl\u00e4gen som anpassar sig till kameran och fotograferingssituationen:<\/p>\n<ul data-start=\"1229\" data-end=\"1299\">\n<li data-start=\"1229\" data-end=\"1241\">\n<p data-start=\"1231\" data-end=\"1241\">RC-l\u00e4ge<\/p>\n<\/li>\n<li data-start=\"1244\" data-end=\"1264\">\n<p data-start=\"1246\" data-end=\"1264\">Manuellt l\u00e4ge<\/p>\n<\/li>\n<li data-start=\"1267\" data-end=\"1283\">\n<p data-start=\"1269\" data-end=\"1283\">DS-TTL-l\u00e4ge<\/p>\n<\/li>\n<li data-start=\"1286\" data-end=\"1299\">\n<p data-start=\"1288\" data-end=\"1299\">HSS-l\u00e4ge<\/p>\n<\/li>\n<\/ul>\n<\/li>\n<li data-start=\"1300\" data-end=\"1330\">\n<p data-start=\"1302\" data-end=\"1330\">Snabbt upprepad blixtfunktion<\/p>\n<\/li>\n<li data-start=\"1331\" data-end=\"1363\">\n<p data-start=\"1333\" data-end=\"1363\">F\u00f6rb\u00e4ttrad belysning f\u00f6r justering<\/p>\n<\/li>\n<li data-start=\"1364\" data-end=\"1405\">\n<p data-start=\"1366\" data-end=\"1405\">Anv\u00e4ndaranpassade funktioner<\/p>\n<\/li>\n<li data-start=\"1406\" data-end=\"1426\">\n<p data-start=\"1408\" data-end=\"1426\">Kort laddningstid<\/p>\n<\/li>\n<li data-start=\"1427\" data-end=\"1456\">\n<p data-start=\"1429\" data-end=\"1456\">Naturligt och mjukt ljus<\/p>\n<\/li>\n<\/ul>","protected":false},"excerpt":{"rendered":"<p>Sea &amp; Sea's nya blixtaggregat \u00e4r YS-D130R. En kraftfull blixt med en ljuseffekt p\u00e5 130 watt per sekund. Utrustad med [...].<\/p>","protected":false},"featured_media":1532,"comment_status":"open","ping_status":"closed","template":"","meta":{"_acf_changed":false},"product_cat":[142],"product_tag":[],"class_list":{"0":"post-1530","1":"product","2":"type-product","3":"status-publish","4":"has-post-thumbnail","6":"product_cat-flitsers","8":"first","9":"instock","10":"shipping-taxable","11":"product-type-simple"},"acf":[],"_links":{"self":[{"href":"https:\/\/seaandsea.eu\/sv\/wp-json\/wp\/v2\/product\/1530","targetHints":{"allow":["GET"]}}],"collection":[{"href":"https:\/\/seaandsea.eu\/sv\/wp-json\/wp\/v2\/product"}],"about":[{"href":"https:\/\/seaandsea.eu\/sv\/wp-json\/wp\/v2\/types\/product"}],"replies":[{"embeddable":true,"href":"https:\/\/seaandsea.eu\/sv\/wp-json\/wp\/v2\/comments?post=1530"}],"wp:featuredmedia":[{"embeddable":true,"href":"https:\/\/seaandsea.eu\/sv\/wp-json\/wp\/v2\/media\/1532"}],"wp:attachment":[{"href":"https:\/\/seaandsea.eu\/sv\/wp-json\/wp\/v2\/media?parent=1530"}],"wp:term":[{"taxonomy":"product_cat","embeddable":true,"href":"https:\/\/seaandsea.eu\/sv\/wp-json\/wp\/v2\/product_cat?post=1530"},{"taxonomy":"product_tag","embeddable":true,"href":"https:\/\/seaandsea.eu\/sv\/wp-json\/wp\/v2\/product_tag?post=1530"}],"curies":[{"name":"wp","href":"https:\/\/api.w.org\/{rel}","templated":true}]}}