{"id":227,"date":"2024-02-16T08:13:48","date_gmt":"2024-02-16T07:13:48","guid":{"rendered":"https:\/\/eager-benz.45-82-188-209.plesk.page\/product\/ys-03-flitser-03116\/"},"modified":"2024-04-18T11:46:37","modified_gmt":"2024-04-18T09:46:37","slug":"ys-03-flitser","status":"publish","type":"product","link":"https:\/\/seaandsea.eu\/sv\/produkt\/ys-03-blixt\/","title":{"rendered":"YS-03 Flash"},"content":{"rendered":"","protected":false},"excerpt":{"rendered":"<p>YS-03<br \/>\nProduktnummer 03116<br \/>\n&lt; niet meer leverbaar, vervangen door No. 03125 YS-03 Solis &gt;<\/p>\n<div class=\"text-wrap tlid-copy-target\">\n<div tabindex=\"0\"><\/div>\n<div class=\"result-shield-container tlid-copy-target\" tabindex=\"0\"><span class=\"tlid-translation translation\" lang=\"nl\"><span class=\"tlid-translation translation\" lang=\"nl\">Vem som helst kan njuta av TTL-blixtfotografering med denna prisv\u00e4rda,<br \/>\nL\u00e4ttanv\u00e4nd, kompakt undervattensblixt.<\/span><\/span>Funktioner:Enkel och m\u00e5ngsidig Slave TTL.<br \/>\nEftersom YS-03 \u00e4r utformad f\u00f6r att efterlikna ljusintensiteten hos kamerans inbyggda blixt beh\u00f6ver du inte justera ljusstyrkan manuellt. YS-03 \u00e4r kompatibel med alla kameror med frontblixt och TTL-blixtexponeringsfunktion, oavsett m\u00e4rke.Enkel anv\u00e4ndning<br \/>\nYS-03 \u00e4r utformad f\u00f6r att kunna anv\u00e4ndas av alla undervattensfotografer och \u00e4r l\u00e4tt att f\u00f6rst\u00e5. Den enda kontrollen \u00e4r ratten och genom att helt enkelt vrida omkopplaren fr\u00e5n OFF till TTL kan du ta vackra bilder.levereras med diffusor som standard<br \/>\nDen halvgenomskinliga delen sprider och mjukar upp ljuset fr\u00e5n blixten. Genom att anv\u00e4nda diffusorn f\u00e5r man mjukare och j\u00e4mnare exponerade bilder. Diffusorn hj\u00e4lper ocks\u00e5 till att minska effekterna av \u00f6verexponerade bilder eller n\u00e4r starkt ljus ger skuggor i bilden.Specifikationer:<br \/>\n[Guide-nummer (ISO 100 \/ m) (land)] 20<br \/>\n[Str\u00e5lvinkel] 100\u00b0 x 100\u00b0 (med diffusor 110\u00b0 x 110\u00b0)<br \/>\n[Batterier] 4xAA A: 6V Ni-MH: 4,8V<br \/>\n[Antal blixtar] A: 230 Ni-MH: 330<br \/>\n[\u00c5tervinningstid (full)] A: 3,1 sek. Ni-MH: 2,5 sek.<br \/>\n[F\u00e4rgtemperatur] 5600K<br \/>\n[F\u00e4rgtemperatur med diffusor] 5250K<br \/>\n[Djupklassning] 75m \/ 250ft<br \/>\n[M\u00e5tt (WxHxD)] 68x108x129mm \/ 2,7\u00d74,3\u00d75,2 tum<br \/>\n[Vikt]: 430 g \/ 15,0 oz (utan batterier) * Monteringsbult monterad<br \/>\n[Vikt under vatten]: Ca +10g \/ 0,4oz (med batterier)<br \/>\n[\u00d6vriga]<br \/>\n- Exponeringskontroll: Slave TTL<br \/>\n- Slavfunktion<br \/>\n- Automatisk avst\u00e4ngningsfunktion<br \/>\n- Synkroniseringskabel: glasfiberkabel<br \/>\n- S\u00e4kerhetsventil f\u00f6r \u00f6vertryck<\/p>\n<\/div>\n<\/div>","protected":false},"featured_media":228,"comment_status":"closed","ping_status":"closed","template":"","meta":{"_acf_changed":false},"product_cat":[142],"product_tag":[38],"class_list":{"0":"post-227","1":"product","2":"type-product","3":"status-publish","4":"has-post-thumbnail","6":"product_cat-flitsers","7":"product_tag-sea-sea","9":"first","10":"instock","11":"product-type-simple"},"acf":[],"_links":{"self":[{"href":"https:\/\/seaandsea.eu\/sv\/wp-json\/wp\/v2\/product\/227","targetHints":{"allow":["GET"]}}],"collection":[{"href":"https:\/\/seaandsea.eu\/sv\/wp-json\/wp\/v2\/product"}],"about":[{"href":"https:\/\/seaandsea.eu\/sv\/wp-json\/wp\/v2\/types\/product"}],"replies":[{"embeddable":true,"href":"https:\/\/seaandsea.eu\/sv\/wp-json\/wp\/v2\/comments?post=227"}],"wp:featuredmedia":[{"embeddable":true,"href":"https:\/\/seaandsea.eu\/sv\/wp-json\/wp\/v2\/media\/228"}],"wp:attachment":[{"href":"https:\/\/seaandsea.eu\/sv\/wp-json\/wp\/v2\/media?parent=227"}],"wp:term":[{"taxonomy":"product_cat","embeddable":true,"href":"https:\/\/seaandsea.eu\/sv\/wp-json\/wp\/v2\/product_cat?post=227"},{"taxonomy":"product_tag","embeddable":true,"href":"https:\/\/seaandsea.eu\/sv\/wp-json\/wp\/v2\/product_tag?post=227"}],"curies":[{"name":"wp","href":"https:\/\/api.w.org\/{rel}","templated":true}]}}