{"id":251,"date":"2024-02-16T08:13:56","date_gmt":"2024-02-16T07:13:56","guid":{"rendered":"https:\/\/eager-benz.45-82-188-209.plesk.page\/product\/mdx-d850-behuizing-voor-nikon-d850-06187\/"},"modified":"2024-04-18T12:19:15","modified_gmt":"2024-04-18T10:19:15","slug":"mdx-d850-behuizing-voor-nikon-d850","status":"publish","type":"product","link":"https:\/\/seaandsea.eu\/sv\/produkt\/mdx-d850-fodral-for-nikon-d850\/","title":{"rendered":"MDX-D850 fodral f\u00f6r Nikon D850"},"content":{"rendered":"","protected":false},"excerpt":{"rendered":"<p><span class=\"tlid-translation translation\" lang=\"nl\">MDX-D850 (svart) (endast h\u00f6lje)<br \/>\nProdukt nr 06187<\/p>\n<p>Undervattenshus f\u00f6r Nikon D850<\/p>\n<p><strong>Mycket l\u00e4ttare \u00e4n tidigare kapslingar<\/strong>.<br \/>\nMed hj\u00e4lp av en aldrig tidigare sk\u00e5dad precisionsbearbetning har h\u00f6ljet f\u00e5tt samma dimensioner som kameran. Dessutom har den reviderade interna designen ocks\u00e5 bidragit till l\u00e4gre vikt. MDX-D850 \u00e4r ca 11% (350 g \/ 12,3 oz) l\u00e4ttare \u00e4n det tidigare MDX-D810-huset.<\/p>\n<p>Olika reglage kan man\u00f6vreras medan man h\u00e5ller i handtagen.<br \/>\nDe vanliga huvud- och underjusteringsrattarna \u00e4r nu placerade direkt p\u00e5 kamerahusets h\u00f6gra sida. ISO, REC och andra kamerafunktioner kan styras med externa spakar medan du h\u00e5ller i handtagen. AF-l\u00e5sfunktionen g\u00f6r att du kan fixera fokuspunkten som du vill.<\/p>\n<p>YS optisk omvandlare \/ N1 kan byggas in i h\u00f6ljet<\/p>\n<p>Kompatibel med Optical YS Converter \/ N1 f\u00f6r MDX-hus, som omvandlar kamerans TTL-signal fr\u00e5n blixtskon till en ljussignal. B\u00e5de TTL- och manuella blixtinst\u00e4llningar kan anv\u00e4ndas och styras fr\u00e5n huset med hj\u00e4lp av en fiberoptisk kabel II.<br \/>\n* Fiberoptisk kabel II kr\u00e4vs n\u00e4r du anv\u00e4nder den optiska YS-omvandlaren.<br \/>\n* Serienummer 124000274 och h\u00f6gre \u00e4r kompatibla med Nikon D850. Serienummer under 124000274 \u00e4r inte kompatibla. Ny firmware och\/eller konvertering av konverteraren kr\u00e4vs.<\/p>\n<p>Alla rattar har en fj\u00e4der (d\u00e4mpare) f\u00f6r att f\u00f6rhindra att reglagen glider, \u00e4ven om kamerastorlekarna skiljer sig n\u00e5got \u00e5t eller om kugghjulen eller andra delar slits n\u00e5got.<\/p>\n<p><strong>MDX-D850 \u00d6vriga funktioner<\/strong><br \/>\n-Grindl\u00e5set f\u00f6rhindrar att grinden roterar eller lossnar, och grindl\u00e5sspaken \u00e4r speciellt placerad f\u00f6r att f\u00f6rhindra oavsiktlig uppl\u00e5sning.<br \/>\n-Huset har en objektivl\u00e5sningsknapp som g\u00f6r det enkelt att byta objektiv utan att \u00f6ppna huset.<br \/>\n-Kamerans diopterkontroll kan man\u00f6vreras fr\u00e5n utsidan av huset. Denna funktion \u00e4r anv\u00e4ndbar n\u00e4r tv\u00e5 eller flera personer med olika synf\u00f6rm\u00e5ga anv\u00e4nder kamerahuset.<br \/>\n-Utdragning av fokus-\/zoomratten ger tillr\u00e4ckligt med utrymme i huset f\u00f6r att enkelt kunna montera objektiv med st\u00f6rre diameter.<br \/>\n-Alla kontroller har Glow in the dark-klisterm\u00e4rken som lyser upp i m\u00f6rka milj\u00f6er.<br \/>\n-Utrustad med den optiska s\u00f6karen standard 0,5x. Andra s\u00f6kare som tillval, t.ex. VF180 1,2x, VF45 1,2x och optisk s\u00f6kare 0,8x kan anv\u00e4ndas.<br \/>\n* N\u00e4r VF180 1.2x \u00e4r monterad p\u00e5 MDX-D850-huset kan den nedre delen av kamerans s\u00f6kare (d\u00e4r fotograferingsdata visas) inte ses p\u00e5 grund av ljusrester.<br \/>\n-Sync Cord 2-pin Connector g\u00f6r det m\u00f6jligt att anv\u00e4nda en vanlig fast ansluten synkkabel (endast manuellt l\u00e4ge).<br \/>\n-Tillbeh\u00f6rsport m\u00f6jligg\u00f6r anv\u00e4ndning av Leak Sentinel (vakuumsensor).<br \/>\n-Utrustad med tv\u00e5 zinkdioder (en p\u00e5 framsidan och en p\u00e5 baksidan) f\u00f6r att f\u00f6rhindra skador orsakade av elektrolys.<br \/>\n-Inbyggd l\u00e4ckagesensor som omedelbart varnar dig f\u00f6r vattenintr\u00e4ngning.<br \/>\n-Standskruvf\u00e4stet \u00e4r placerat mitt p\u00e5 undersidan av huset.<\/p>\n<p><strong>Specifikationer<\/strong><br \/>\nMDX-D850<br \/>\n[Konstruktion] Kaross: korrosionsbest\u00e4ndig aluminiumlegering (maskinbearbetad)<br \/>\nGrepp: korrosionsbest\u00e4ndig gjuten aluminiumlegering<br \/>\n[Djupklassning] 100m \/ 330ft<br \/>\n[M\u00e5tt (WxHxD)] 346 x 202 x 140 mm \/ 13,6 x 8,0 x 5,5 tum<br \/>\n[Vikt] Ca 2.850 g (endast h\u00f6ljet)<\/span><\/p>","protected":false},"featured_media":252,"comment_status":"closed","ping_status":"closed","template":"","meta":{"_acf_changed":false},"product_cat":[150],"product_tag":[151,152,153,155,54,38,147,148],"class_list":{"0":"post-251","1":"product","2":"type-product","3":"status-publish","4":"has-post-thumbnail","6":"product_cat-behuizingen","7":"product_tag-behuizing","8":"product_tag-camera","9":"product_tag-camerabehuizing","10":"product_tag-d850","11":"product_tag-nikon","12":"product_tag-sea-sea","13":"product_tag-sea-and-sea","14":"product_tag-sea-en-sea","16":"first","17":"instock","18":"product-type-simple"},"acf":[],"_links":{"self":[{"href":"https:\/\/seaandsea.eu\/sv\/wp-json\/wp\/v2\/product\/251","targetHints":{"allow":["GET"]}}],"collection":[{"href":"https:\/\/seaandsea.eu\/sv\/wp-json\/wp\/v2\/product"}],"about":[{"href":"https:\/\/seaandsea.eu\/sv\/wp-json\/wp\/v2\/types\/product"}],"replies":[{"embeddable":true,"href":"https:\/\/seaandsea.eu\/sv\/wp-json\/wp\/v2\/comments?post=251"}],"wp:featuredmedia":[{"embeddable":true,"href":"https:\/\/seaandsea.eu\/sv\/wp-json\/wp\/v2\/media\/252"}],"wp:attachment":[{"href":"https:\/\/seaandsea.eu\/sv\/wp-json\/wp\/v2\/media?parent=251"}],"wp:term":[{"taxonomy":"product_cat","embeddable":true,"href":"https:\/\/seaandsea.eu\/sv\/wp-json\/wp\/v2\/product_cat?post=251"},{"taxonomy":"product_tag","embeddable":true,"href":"https:\/\/seaandsea.eu\/sv\/wp-json\/wp\/v2\/product_tag?post=251"}],"curies":[{"name":"wp","href":"https:\/\/api.w.org\/{rel}","templated":true}]}}