{"id":287,"date":"2024-02-16T08:14:02","date_gmt":"2024-02-16T07:14:02","guid":{"rendered":"https:\/\/eager-benz.45-82-188-209.plesk.page\/product\/sa8-slide-ball-base-22117\/"},"modified":"2024-04-19T16:23:17","modified_gmt":"2024-04-19T14:23:17","slug":"sa8-slide-ball-base-22117","status":"publish","type":"product","link":"https:\/\/seaandsea.eu\/sv\/produkt\/sa8-slide-ball-base-22117\/","title":{"rendered":"SA8 Skjutbar kulbas"},"content":{"rendered":"","protected":false},"excerpt":{"rendered":"<p>SA8 Skjutbar kulbas<br \/>\nobjekt: 22117<\/p>\n<p>Sea &amp; Sea-armsystemet Sea Arm 8 har m\u00e5nga m\u00f6jligheter. Det \u00e4r modul\u00e4rt och kan d\u00e4rf\u00f6r anpassas till alla kamerasystem.<br \/>\nSA8 \u00e4r tillverkad av material av h\u00f6gsta kvalitet och \u00e4r d\u00e4rf\u00f6r robust och h\u00e5llbar vid anv\u00e4ndning.<\/p>\n<p>Titta ocks\u00e5 p\u00e5 de andra elementen f\u00f6r att montera och anv\u00e4nda exponeringen optimalt p\u00e5 din kamera.<\/p>","protected":false},"featured_media":288,"comment_status":"closed","ping_status":"closed","template":"","meta":{"_acf_changed":false},"product_cat":[171,172],"product_tag":[174,38,175],"class_list":{"0":"post-287","1":"product","2":"type-product","3":"status-publish","4":"has-post-thumbnail","6":"product_cat-arm-systemen","7":"product_cat-sea-arm","8":"product_tag-sa8","9":"product_tag-sea-sea","10":"product_tag-sea-arm-8","12":"first","13":"instock","14":"product-type-simple"},"acf":[],"_links":{"self":[{"href":"https:\/\/seaandsea.eu\/sv\/wp-json\/wp\/v2\/product\/287","targetHints":{"allow":["GET"]}}],"collection":[{"href":"https:\/\/seaandsea.eu\/sv\/wp-json\/wp\/v2\/product"}],"about":[{"href":"https:\/\/seaandsea.eu\/sv\/wp-json\/wp\/v2\/types\/product"}],"replies":[{"embeddable":true,"href":"https:\/\/seaandsea.eu\/sv\/wp-json\/wp\/v2\/comments?post=287"}],"wp:featuredmedia":[{"embeddable":true,"href":"https:\/\/seaandsea.eu\/sv\/wp-json\/wp\/v2\/media\/288"}],"wp:attachment":[{"href":"https:\/\/seaandsea.eu\/sv\/wp-json\/wp\/v2\/media?parent=287"}],"wp:term":[{"taxonomy":"product_cat","embeddable":true,"href":"https:\/\/seaandsea.eu\/sv\/wp-json\/wp\/v2\/product_cat?post=287"},{"taxonomy":"product_tag","embeddable":true,"href":"https:\/\/seaandsea.eu\/sv\/wp-json\/wp\/v2\/product_tag?post=287"}],"curies":[{"name":"wp","href":"https:\/\/api.w.org\/{rel}","templated":true}]}}