{"id":315,"date":"2024-02-16T08:14:02","date_gmt":"2024-02-16T07:14:02","guid":{"rendered":"https:\/\/eager-benz.45-82-188-209.plesk.page\/product\/fiber-optical-cable-m-50128\/"},"modified":"2024-04-18T12:14:33","modified_gmt":"2024-04-18T10:14:33","slug":"fiber-optical-cable-m","status":"publish","type":"product","link":"https:\/\/seaandsea.eu\/sv\/produkt\/fiberoptisk-kabel-m\/","title":{"rendered":"Fiberoptisk kabel M"},"content":{"rendered":"","protected":false},"excerpt":{"rendered":"<p>Fiberoptisk kabel II M\/2-kontakter<br \/>\nProduktnummer 50128<\/p>\n<p><span>En fiberoptisk kabel av b\u00e4sta kvalitet best\u00e5r av 613 fibrer (k\u00e4rnor). \u00c4ven om kabeln \u00e4r b\u00f6jd \u00e4r ljusd\u00e4mpningen minimal. D\u00e4rf\u00f6r skickas ljussignalen till en stroboskop utan f\u00f6rlust. J\u00e4mf\u00f6rt med enfiberkablar \u00e4r Fiber Optic Cable II mer motst\u00e5ndskraftig mot distorsion, b\u00f6jning och fysisk p\u00e5verkan.<\/span><\/p>\n<p><strong>Specifikationer<\/strong><br \/>\n<span>Konstruktion: Metakrylharts<br \/>\nFiberdiameter: 1,5 mm \/ 0,059 tum<br \/>\nKabelns diameter: 2,7 mm \/ 0,105 tum<br \/>\nL\u00e4ngd: 453 mm \/ 17,8 tum<\/span><\/p>","protected":false},"featured_media":316,"comment_status":"closed","ping_status":"closed","template":"","meta":{"_acf_changed":false},"product_cat":[44,184],"product_tag":[38],"class_list":{"0":"post-315","1":"product","2":"type-product","3":"status-publish","4":"has-post-thumbnail","6":"product_cat-accessoires","7":"product_cat-flitser-accessoires","8":"product_tag-sea-sea","10":"first","11":"instock","12":"product-type-simple"},"acf":[],"_links":{"self":[{"href":"https:\/\/seaandsea.eu\/sv\/wp-json\/wp\/v2\/product\/315","targetHints":{"allow":["GET"]}}],"collection":[{"href":"https:\/\/seaandsea.eu\/sv\/wp-json\/wp\/v2\/product"}],"about":[{"href":"https:\/\/seaandsea.eu\/sv\/wp-json\/wp\/v2\/types\/product"}],"replies":[{"embeddable":true,"href":"https:\/\/seaandsea.eu\/sv\/wp-json\/wp\/v2\/comments?post=315"}],"wp:featuredmedia":[{"embeddable":true,"href":"https:\/\/seaandsea.eu\/sv\/wp-json\/wp\/v2\/media\/316"}],"wp:attachment":[{"href":"https:\/\/seaandsea.eu\/sv\/wp-json\/wp\/v2\/media?parent=315"}],"wp:term":[{"taxonomy":"product_cat","embeddable":true,"href":"https:\/\/seaandsea.eu\/sv\/wp-json\/wp\/v2\/product_cat?post=315"},{"taxonomy":"product_tag","embeddable":true,"href":"https:\/\/seaandsea.eu\/sv\/wp-json\/wp\/v2\/product_tag?post=315"}],"curies":[{"name":"wp","href":"https:\/\/api.w.org\/{rel}","templated":true}]}}