{"id":319,"date":"2024-02-16T08:14:02","date_gmt":"2024-02-16T07:14:02","guid":{"rendered":"https:\/\/eager-benz.45-82-188-209.plesk.page\/product\/5-pin-sync-cord-n-17100\/"},"modified":"2024-04-18T12:14:56","modified_gmt":"2024-04-18T10:14:56","slug":"5-pin-sync-cord-n","status":"publish","type":"product","link":"https:\/\/seaandsea.eu\/sv\/produkt\/5-stifts-synkkabel-n\/","title":{"rendered":"5-polig synk-sladd\/N"},"content":{"rendered":"","protected":false},"excerpt":{"rendered":"<p>5-polig synk-sladd\/N<br \/>\nProdukt nr 17100<\/p>\n<p>5-pin Sync Cord\/N beh\u00f6vs f\u00f6r att elektroniskt styra din blixt fr\u00e5n kameran med hus. P\u00e5 ena sidan av kabeln finns en kontakt f\u00f6r Sea &amp; Sea YS-D1 \/ D2 Flash och p\u00e5 den andra sidan den universella Nikon 5-pin-kontakten. Denna 5-pin N-anslutning passar mer eller mindre de flesta m\u00e4rken av undervattenshus.<\/p>\n<p>Inkl. 2 skyddslock f\u00f6r att h\u00e5lla kablarna rena och torra under transport.<br \/>\nKontakterna h\u00e5lls vattent\u00e4ta i uttaget med en o-ring. Precis som blixten b\u00f6r denna h\u00e5llas ren och v\u00e4l underh\u00e5llen.<\/p>","protected":false},"featured_media":320,"comment_status":"closed","ping_status":"closed","template":"","meta":{"_acf_changed":false},"product_cat":[44,184],"product_tag":[38],"class_list":{"0":"post-319","1":"product","2":"type-product","3":"status-publish","4":"has-post-thumbnail","6":"product_cat-accessoires","7":"product_cat-flitser-accessoires","8":"product_tag-sea-sea","10":"first","11":"instock","12":"product-type-simple"},"acf":[],"_links":{"self":[{"href":"https:\/\/seaandsea.eu\/sv\/wp-json\/wp\/v2\/product\/319","targetHints":{"allow":["GET"]}}],"collection":[{"href":"https:\/\/seaandsea.eu\/sv\/wp-json\/wp\/v2\/product"}],"about":[{"href":"https:\/\/seaandsea.eu\/sv\/wp-json\/wp\/v2\/types\/product"}],"replies":[{"embeddable":true,"href":"https:\/\/seaandsea.eu\/sv\/wp-json\/wp\/v2\/comments?post=319"}],"wp:featuredmedia":[{"embeddable":true,"href":"https:\/\/seaandsea.eu\/sv\/wp-json\/wp\/v2\/media\/320"}],"wp:attachment":[{"href":"https:\/\/seaandsea.eu\/sv\/wp-json\/wp\/v2\/media?parent=319"}],"wp:term":[{"taxonomy":"product_cat","embeddable":true,"href":"https:\/\/seaandsea.eu\/sv\/wp-json\/wp\/v2\/product_cat?post=319"},{"taxonomy":"product_tag","embeddable":true,"href":"https:\/\/seaandsea.eu\/sv\/wp-json\/wp\/v2\/product_tag?post=319"}],"curies":[{"name":"wp","href":"https:\/\/api.w.org\/{rel}","templated":true}]}}