{"id":321,"date":"2024-02-16T08:14:02","date_gmt":"2024-02-16T07:14:02","guid":{"rendered":"https:\/\/eager-benz.45-82-188-209.plesk.page\/product\/5-pin-dual-sync-cord-n-03470\/"},"modified":"2024-04-18T12:15:06","modified_gmt":"2024-04-18T10:15:06","slug":"5-pin-dual-sync-cord-n","status":"publish","type":"product","link":"https:\/\/seaandsea.eu\/sv\/produkt\/5-polig-dual-synk-sladd-n\/","title":{"rendered":"5-polig dubbelsynkroniserad sladd\/N"},"content":{"rendered":"","protected":false},"excerpt":{"rendered":"<p>5-polig dubbelsynkroniserad sladd\/N<br \/>\nProdukt nr 03470<\/p>\n<p>Speciell delad kabel f\u00f6r att styra 2 (YS-D2\/YS-D1) blixtar synkroniserade och TTL fr\u00e5n 1 anslutning p\u00e5 huset.<\/p>\n<p>Kabeln har 2 kontakter f\u00f6r elektronisk styrning av Sea &amp; Sea blixtenheterna. och har 1 kontakt f\u00f6r p\u00e5 huset med en vanlig Nikon V-kontakt eller f\u00f6r den 5-poliga N-kontakten.<\/p>\n<p>Elektroniken i spittern styr b\u00e5da blixtarna samtidigt och ger en likv\u00e4rdig signal f\u00f6r b\u00e5da.<br \/>\nLevereras med skyddslock f\u00f6r att h\u00e5lla kabeln ren och torr.<\/p>\n<p>Pluggarna \u00e4r f\u00f6rsedda med o-ringar och ska sk\u00f6tas p\u00e5 r\u00e4tt s\u00e4tt f\u00f6r att undvika l\u00e4ckage.<\/p>\n<p>&nbsp;<\/p>","protected":false},"featured_media":322,"comment_status":"closed","ping_status":"closed","template":"","meta":{"_acf_changed":false},"product_cat":[44,184],"product_tag":[38],"class_list":{"0":"post-321","1":"product","2":"type-product","3":"status-publish","4":"has-post-thumbnail","6":"product_cat-accessoires","7":"product_cat-flitser-accessoires","8":"product_tag-sea-sea","10":"first","11":"instock","12":"product-type-simple"},"acf":[],"_links":{"self":[{"href":"https:\/\/seaandsea.eu\/sv\/wp-json\/wp\/v2\/product\/321","targetHints":{"allow":["GET"]}}],"collection":[{"href":"https:\/\/seaandsea.eu\/sv\/wp-json\/wp\/v2\/product"}],"about":[{"href":"https:\/\/seaandsea.eu\/sv\/wp-json\/wp\/v2\/types\/product"}],"replies":[{"embeddable":true,"href":"https:\/\/seaandsea.eu\/sv\/wp-json\/wp\/v2\/comments?post=321"}],"wp:featuredmedia":[{"embeddable":true,"href":"https:\/\/seaandsea.eu\/sv\/wp-json\/wp\/v2\/media\/322"}],"wp:attachment":[{"href":"https:\/\/seaandsea.eu\/sv\/wp-json\/wp\/v2\/media?parent=321"}],"wp:term":[{"taxonomy":"product_cat","embeddable":true,"href":"https:\/\/seaandsea.eu\/sv\/wp-json\/wp\/v2\/product_cat?post=321"},{"taxonomy":"product_tag","embeddable":true,"href":"https:\/\/seaandsea.eu\/sv\/wp-json\/wp\/v2\/product_tag?post=321"}],"curies":[{"name":"wp","href":"https:\/\/api.w.org\/{rel}","templated":true}]}}