{"id":351,"date":"2024-02-16T08:14:08","date_gmt":"2024-02-16T07:14:08","guid":{"rendered":"https:\/\/eager-benz.45-82-188-209.plesk.page\/product\/vf45-1-2-viewfinder-46111\/"},"modified":"2024-04-18T12:11:18","modified_gmt":"2024-04-18T10:11:18","slug":"vf45-1-2-viewfinder","status":"publish","type":"product","link":"https:\/\/seaandsea.eu\/sv\/produkt\/vf45-1-2-sokare\/","title":{"rendered":"VF45 1,2 s\u00f6kare"},"content":{"rendered":"","protected":false},"excerpt":{"rendered":"<p>VF45 1,2x<br \/>\nProduktnummer 46111<\/p>\n<p><span>En 45\u00b0 prismas\u00f6kare (f\u00f6rstoring: 1,2x).<br \/>\nPrismas\u00f6karen VF45 (tillval) ers\u00e4tter husets ursprungliga s\u00f6kare och ger \u00f6verl\u00e4gsen synlighet. VF45 t\u00e4cker hela synf\u00e4ltet, vilket \u00f6kar f\u00f6rstoringen med 1,2x och m\u00f6jligg\u00f6r subtil inramning och fokusering av motiv. \u00d6gonstycket roterar 360\u00b0 i steg om 90\u00b0 f\u00f6r att ge den perfekta kamerapositionen, oavsett om det \u00e4r liggande eller st\u00e5ende. Den 45-gradiga prismas\u00f6karen \u00e4r idealisk f\u00f6r alla f\u00f6rh\u00e5llanden, men s\u00e4rskilt l\u00e4mplig f\u00f6r makrofotografering n\u00e4r kameran ofta \u00e4r placerad l\u00e4gre \u00e4n fotografen. Det ergonomiskt utformade okularet f\u00f6rhindrar att on\u00f6digt ljus tr\u00e4nger in, vilket g\u00f6r att tydliga och exakta bilder kan tas ut genom s\u00f6karen.<\/span><\/p>\n<p><strong>Specifikationer<br \/>\n<\/strong>[Konstruktion] korrosionsbest\u00e4ndig aluminiumlegering<br \/>\n[Djupklassning] 100m \/ 330ft<br \/>\n[M\u00e5tt (WxHxD)] 57,5\u00d798,7x96mm \/ 2,3\u00d73,9\u00d73,8inch<br \/>\n[Vikt] 390 g \/ 13,7 oz<br \/>\n[Kompatibla h\u00f6ljen]MDX-5D Mark III, MDX-6D, MDX-7D, MDX-PRO 5D Mark II \uff08\uff081 \u203b, MDX-40D \uff08\u203b 2\uff09MDX-D800, MDX-D7100, MDX-D7000, MDX-D300s, MDX-PRO D700, MDX-PRO D3 \uff08\u203b 2\uff09, MDX-D300 \uff08\u203b 2\uff09<br \/>\n* 1 Distansh\u00e5llare f\u00f6r tillbeh\u00f6r kr\u00e4vs f\u00f6r att montera s\u00f6karen p\u00e5 huset* 2 Fabriksmodifiering kr\u00e4vs f\u00f6r att montera s\u00f6karen. V\u00e4nligen kontakta en officiell SEA &amp; SEA-\u00e5terf\u00f6rs\u00e4ljare eller distribut\u00f6r.<\/p>","protected":false},"featured_media":352,"comment_status":"closed","ping_status":"closed","template":"","meta":{"_acf_changed":false},"product_cat":[44,188],"product_tag":[38,203,202],"class_list":{"0":"post-351","1":"product","2":"type-product","3":"status-publish","4":"has-post-thumbnail","6":"product_cat-accessoires","7":"product_cat-behuizing-accessoires","8":"product_tag-sea-sea","9":"product_tag-vf45","10":"product_tag-viewfinder","12":"first","13":"instock","14":"product-type-simple"},"acf":[],"_links":{"self":[{"href":"https:\/\/seaandsea.eu\/sv\/wp-json\/wp\/v2\/product\/351","targetHints":{"allow":["GET"]}}],"collection":[{"href":"https:\/\/seaandsea.eu\/sv\/wp-json\/wp\/v2\/product"}],"about":[{"href":"https:\/\/seaandsea.eu\/sv\/wp-json\/wp\/v2\/types\/product"}],"replies":[{"embeddable":true,"href":"https:\/\/seaandsea.eu\/sv\/wp-json\/wp\/v2\/comments?post=351"}],"wp:featuredmedia":[{"embeddable":true,"href":"https:\/\/seaandsea.eu\/sv\/wp-json\/wp\/v2\/media\/352"}],"wp:attachment":[{"href":"https:\/\/seaandsea.eu\/sv\/wp-json\/wp\/v2\/media?parent=351"}],"wp:term":[{"taxonomy":"product_cat","embeddable":true,"href":"https:\/\/seaandsea.eu\/sv\/wp-json\/wp\/v2\/product_cat?post=351"},{"taxonomy":"product_tag","embeddable":true,"href":"https:\/\/seaandsea.eu\/sv\/wp-json\/wp\/v2\/product_tag?post=351"}],"curies":[{"name":"wp","href":"https:\/\/api.w.org\/{rel}","templated":true}]}}