{"id":353,"date":"2024-02-16T08:14:08","date_gmt":"2024-02-16T07:14:08","guid":{"rendered":"https:\/\/eager-benz.45-82-188-209.plesk.page\/product\/optical-viewfinder-08x-46104\/"},"modified":"2024-04-18T12:12:26","modified_gmt":"2024-04-18T10:12:26","slug":"optical-viewfinder-08x","status":"publish","type":"product","link":"https:\/\/seaandsea.eu\/sv\/produkt\/optisk-sokare-08x\/","title":{"rendered":"Optisk s\u00f6kare 0,8x"},"content":{"rendered":"","protected":false},"excerpt":{"rendered":"<p>Optisk s\u00f6kare 0,8x<br \/>\nProduktnummer 46104<\/p>\n<p><span>Vi rekommenderar den h\u00e4r s\u00f6karen f\u00f6r n\u00e4rsynta anv\u00e4ndare och f\u00f6r fotografer som vill vara s\u00e4kra p\u00e5 att fokus i bildens mitt \u00e4r tydligt vid makrofotografering. Du kan byta ut den h\u00e4r s\u00f6karen mot pickupens standards\u00f6kare f\u00f6r att f\u00e5 den att passa dina behov b\u00e4st.<br \/>\n* Den reflekterade bilden visas i s\u00f6karens fyra h\u00f6rn.<\/span><\/p>","protected":false},"featured_media":354,"comment_status":"closed","ping_status":"closed","template":"","meta":{"_acf_changed":false},"product_cat":[44,188],"product_tag":[36,38,202],"class_list":{"0":"post-353","1":"product","2":"type-product","3":"status-publish","4":"has-post-thumbnail","6":"product_cat-accessoires","7":"product_cat-behuizing-accessoires","8":"product_tag-optical","9":"product_tag-sea-sea","10":"product_tag-viewfinder","12":"first","13":"instock","14":"product-type-simple"},"acf":[],"_links":{"self":[{"href":"https:\/\/seaandsea.eu\/sv\/wp-json\/wp\/v2\/product\/353","targetHints":{"allow":["GET"]}}],"collection":[{"href":"https:\/\/seaandsea.eu\/sv\/wp-json\/wp\/v2\/product"}],"about":[{"href":"https:\/\/seaandsea.eu\/sv\/wp-json\/wp\/v2\/types\/product"}],"replies":[{"embeddable":true,"href":"https:\/\/seaandsea.eu\/sv\/wp-json\/wp\/v2\/comments?post=353"}],"wp:featuredmedia":[{"embeddable":true,"href":"https:\/\/seaandsea.eu\/sv\/wp-json\/wp\/v2\/media\/354"}],"wp:attachment":[{"href":"https:\/\/seaandsea.eu\/sv\/wp-json\/wp\/v2\/media?parent=353"}],"wp:term":[{"taxonomy":"product_cat","embeddable":true,"href":"https:\/\/seaandsea.eu\/sv\/wp-json\/wp\/v2\/product_cat?post=353"},{"taxonomy":"product_tag","embeddable":true,"href":"https:\/\/seaandsea.eu\/sv\/wp-json\/wp\/v2\/product_tag?post=353"}],"curies":[{"name":"wp","href":"https:\/\/api.w.org\/{rel}","templated":true}]}}