{"id":373,"date":"2024-02-16T08:14:14","date_gmt":"2024-02-16T07:14:14","guid":{"rendered":"https:\/\/eager-benz.45-82-188-209.plesk.page\/product\/optional-ys-converter-n-5-pin-connector-50123\/"},"modified":"2024-04-18T12:10:07","modified_gmt":"2024-04-18T10:10:07","slug":"optional-ys-converter-n-5-pin-connector","status":"publish","type":"product","link":"https:\/\/seaandsea.eu\/sv\/produkt\/valfri-ys-omvandlare-n-5-pin-kontakt\/","title":{"rendered":"Valfri YS-omvandlare \/ N 5-polig kontakt"},"content":{"rendered":"","protected":false},"excerpt":{"rendered":"<p>Valfri YS-omvandlare \/ N 5-polig kontakt<br \/>\nProduktnummer 50123<\/p>\n<p><span>Anv\u00e4ndarutbytbar 5-polig blixtkontakt och upps\u00e4ttning synkkontakter. Kontaktupps\u00e4ttningen kan fixeras efter att locket till tillbeh\u00f6rsporten tagits bort.<br \/>\n* Kopplingssatsen kr\u00e4vs f\u00f6r att ansluta YS Converter \/ N till SEA &amp; SEA hus f\u00f6r Nikons digitala SLR-kameror som \u00e4r utrustade med en tillbeh\u00f6rsport som standard.<\/span><\/p>","protected":false},"featured_media":374,"comment_status":"closed","ping_status":"closed","template":"","meta":{"_acf_changed":false},"product_cat":[44,188],"product_tag":[223,224,225,38,226],"class_list":{"0":"post-373","1":"product","2":"type-product","3":"status-publish","4":"has-post-thumbnail","6":"product_cat-accessoires","7":"product_cat-behuizing-accessoires","8":"product_tag-connector","9":"product_tag-cord","10":"product_tag-n","11":"product_tag-sea-sea","12":"product_tag-syncro","14":"first","15":"instock","16":"product-type-simple"},"acf":[],"_links":{"self":[{"href":"https:\/\/seaandsea.eu\/sv\/wp-json\/wp\/v2\/product\/373","targetHints":{"allow":["GET"]}}],"collection":[{"href":"https:\/\/seaandsea.eu\/sv\/wp-json\/wp\/v2\/product"}],"about":[{"href":"https:\/\/seaandsea.eu\/sv\/wp-json\/wp\/v2\/types\/product"}],"replies":[{"embeddable":true,"href":"https:\/\/seaandsea.eu\/sv\/wp-json\/wp\/v2\/comments?post=373"}],"wp:featuredmedia":[{"embeddable":true,"href":"https:\/\/seaandsea.eu\/sv\/wp-json\/wp\/v2\/media\/374"}],"wp:attachment":[{"href":"https:\/\/seaandsea.eu\/sv\/wp-json\/wp\/v2\/media?parent=373"}],"wp:term":[{"taxonomy":"product_cat","embeddable":true,"href":"https:\/\/seaandsea.eu\/sv\/wp-json\/wp\/v2\/product_cat?post=373"},{"taxonomy":"product_tag","embeddable":true,"href":"https:\/\/seaandsea.eu\/sv\/wp-json\/wp\/v2\/product_tag?post=373"}],"curies":[{"name":"wp","href":"https:\/\/api.w.org\/{rel}","templated":true}]}}