{"id":383,"date":"2024-02-16T08:14:14","date_gmt":"2024-02-16T07:14:14","guid":{"rendered":"https:\/\/eager-benz.45-82-188-209.plesk.page\/product\/m67-wide-angle-conversion-lens-06x-52123\/"},"modified":"2024-04-18T12:08:00","modified_gmt":"2024-04-18T10:08:00","slug":"m67-wide-angle-conversion-lens-06x","status":"publish","type":"product","link":"https:\/\/seaandsea.eu\/sv\/produkt\/m67-vidvinkelkonvertering-objektiv-06x\/","title":{"rendered":"M67 Konverteringslins f\u00f6r vidvinkel 0,6x"},"content":{"rendered":"","protected":false},"excerpt":{"rendered":"<p>M67 Vidvinkelkonverteringslins 0,6x<br \/>\nProdukt nr 52123<\/p>\n<p>Ett vidvinkelomvandlingsobjektiv med en <span>M67 skruvf\u00e4ste.<br \/>\nN\u00e4r objektivet \u00e4r monterat \u00f6kar betraktningsvinkeln fr\u00e5n 28 mm till ca 17 mm (motsvarande 35 mm filmkamera). Objektivet kan tas av och s\u00e4ttas p\u00e5 under vattnet, men kan \u00e4ven anv\u00e4ndas p\u00e5 land.<br \/>\n- Det \u00e4r starkt rekommenderat att anv\u00e4nda en extern blixt; om du anv\u00e4nder den inbyggda blixten n\u00e4r objektivet \u00e4r monterat kan skuggor uppst\u00e5 p\u00e5 bilderna.<br \/>\n- Objektivet \u00e4r kompatibelt med MDX-RX100III, MDX-RX100 \/ II, MDX-X10*, Nikon WP-N1+ \/ WP-N2* \/ WP-N3, Olympus PT-EP06L, PT-EP05L fr\u00e5n och med mars 2015.<br \/>\n* F\u00f6r kamerahus med stj\u00e4rna (*), zooma in n\u00e5got p\u00e5 telefoto-sidan f\u00f6r att undvika vinjettering.<\/span><\/p>\n<p><strong>Specifikationer<\/strong><br \/>\n<span>Objektiv: 3 element i 3 grupper<br \/>\nBetraktningsvinkel under vatten: 94 grader (150 grader p\u00e5 land)<br \/>\nF\u00f6rstoringsgrad: 0,6x<br \/>\nDjupklassning: 60m \/ 200ft<br \/>\nVikt: 426 g \/ 15 oz (220 g \/ 7,8 oz under vatten)<br \/>\nM\u00e5tt: (DIA x D) 96 x 44 mm \/ 3,8 x 1,7 tum<br \/>\nKonstruktion: korrosionsbest\u00e4ndig aluminiumlegering.<\/span><\/p>","protected":false},"featured_media":384,"comment_status":"closed","ping_status":"closed","template":"","meta":{"_acf_changed":false},"product_cat":[44,231],"product_tag":[38],"class_list":{"0":"post-383","1":"product","2":"type-product","3":"status-publish","4":"has-post-thumbnail","6":"product_cat-accessoires","7":"product_cat-lenses-and-accessories","8":"product_tag-sea-sea","10":"first","11":"instock","12":"product-type-simple"},"acf":[],"_links":{"self":[{"href":"https:\/\/seaandsea.eu\/sv\/wp-json\/wp\/v2\/product\/383","targetHints":{"allow":["GET"]}}],"collection":[{"href":"https:\/\/seaandsea.eu\/sv\/wp-json\/wp\/v2\/product"}],"about":[{"href":"https:\/\/seaandsea.eu\/sv\/wp-json\/wp\/v2\/types\/product"}],"replies":[{"embeddable":true,"href":"https:\/\/seaandsea.eu\/sv\/wp-json\/wp\/v2\/comments?post=383"}],"wp:featuredmedia":[{"embeddable":true,"href":"https:\/\/seaandsea.eu\/sv\/wp-json\/wp\/v2\/media\/384"}],"wp:attachment":[{"href":"https:\/\/seaandsea.eu\/sv\/wp-json\/wp\/v2\/media?parent=383"}],"wp:term":[{"taxonomy":"product_cat","embeddable":true,"href":"https:\/\/seaandsea.eu\/sv\/wp-json\/wp\/v2\/product_cat?post=383"},{"taxonomy":"product_tag","embeddable":true,"href":"https:\/\/seaandsea.eu\/sv\/wp-json\/wp\/v2\/product_tag?post=383"}],"curies":[{"name":"wp","href":"https:\/\/api.w.org\/{rel}","templated":true}]}}