{"id":387,"date":"2024-02-16T08:14:14","date_gmt":"2024-02-16T07:14:14","guid":{"rendered":"https:\/\/eager-benz.45-82-188-209.plesk.page\/product\/lcd-monitor-hood-with-lens-52121\/"},"modified":"2024-04-18T12:08:10","modified_gmt":"2024-04-18T10:08:10","slug":"lcd-monitor-hood-with-lens","status":"publish","type":"product","link":"https:\/\/seaandsea.eu\/sv\/produkt\/lcd-monitor-hood-med-lins\/","title":{"rendered":"LCD-sk\u00e4rmk\u00e5pa med objektiv"},"content":{"rendered":"","protected":false},"excerpt":{"rendered":"<p>LCD-sk\u00e4rmk\u00e5pa med objektiv<br \/>\nProdukt nr 52121<\/p>\n<p>K\u00e5pan f\u00e4sts p\u00e5 LCD-sk\u00e4rmen p\u00e5 ett kompakt digitalt kamerahus. Skyddslocket reducerar ljus och reflexer och s\u00e4kerst\u00e4ller tydliga bilder p\u00e5 LCD-sk\u00e4rmen fr\u00e5n h\u00f6rn till h\u00f6rn. Objektivet har en antireflexbehandling f\u00f6r att ytterligare minska on\u00f6diga reflexer och bl\u00e4ndning. Perfekt f\u00f6r dig som vill ha en st\u00f6rre och tydligare vy av LCD-sk\u00e4rmen.<\/p>\n<p><strong>Specifikationer<\/strong><br \/>\n<span title=\"\">Kompatibel modell: MDX-RX100III, MDX-RX100\/II, MDX-GRD IV, DX-GE5<\/span><br \/>\n<span title=\"\">Kompatibel storlek LCD-monitor: Ca.<\/span> <span title=\"\">62x47 mm \/ 2,4\u00d71,9 tum<\/span><br \/>\n<span title=\"\">Vikt: Ca.<\/span> <span title=\"\">123 g \/ 4,3 oz<\/span><br \/>\n<span title=\"\">M\u00e5tt (DIAxD): ca.<\/span> <span title=\"\">84x85x67mm \/ 3,3\u00d73,3\u00d72,6 tum<\/span><\/p>","protected":false},"featured_media":388,"comment_status":"closed","ping_status":"closed","template":"","meta":{"_acf_changed":false},"product_cat":[44,231],"product_tag":[38],"class_list":{"0":"post-387","1":"product","2":"type-product","3":"status-publish","4":"has-post-thumbnail","6":"product_cat-accessoires","7":"product_cat-lenses-and-accessories","8":"product_tag-sea-sea","10":"first","11":"instock","12":"product-type-simple"},"acf":[],"_links":{"self":[{"href":"https:\/\/seaandsea.eu\/sv\/wp-json\/wp\/v2\/product\/387","targetHints":{"allow":["GET"]}}],"collection":[{"href":"https:\/\/seaandsea.eu\/sv\/wp-json\/wp\/v2\/product"}],"about":[{"href":"https:\/\/seaandsea.eu\/sv\/wp-json\/wp\/v2\/types\/product"}],"replies":[{"embeddable":true,"href":"https:\/\/seaandsea.eu\/sv\/wp-json\/wp\/v2\/comments?post=387"}],"wp:featuredmedia":[{"embeddable":true,"href":"https:\/\/seaandsea.eu\/sv\/wp-json\/wp\/v2\/media\/388"}],"wp:attachment":[{"href":"https:\/\/seaandsea.eu\/sv\/wp-json\/wp\/v2\/media?parent=387"}],"wp:term":[{"taxonomy":"product_cat","embeddable":true,"href":"https:\/\/seaandsea.eu\/sv\/wp-json\/wp\/v2\/product_cat?post=387"},{"taxonomy":"product_tag","embeddable":true,"href":"https:\/\/seaandsea.eu\/sv\/wp-json\/wp\/v2\/product_tag?post=387"}],"curies":[{"name":"wp","href":"https:\/\/api.w.org\/{rel}","templated":true}]}}