{"id":405,"date":"2024-02-16T08:14:14","date_gmt":"2024-02-16T07:14:14","guid":{"rendered":"https:\/\/eager-benz.45-82-188-209.plesk.page\/product\/grip-extension-geel-voor-behuizingen-22144\/"},"modified":"2024-04-18T12:10:53","modified_gmt":"2024-04-18T10:10:53","slug":"grip-extension-geel-voor-behuizingen","status":"publish","type":"product","link":"https:\/\/seaandsea.eu\/sv\/produkt\/grepp-forlangning-gul-for-kapslingar\/","title":{"rendered":"Greppf\u00f6rl\u00e4ngning gul f\u00f6r hus"},"content":{"rendered":"","protected":false},"excerpt":{"rendered":"<p>Greppf\u00f6rl\u00e4ngning gul<br \/>\nartikel #22144<\/p>\n<p>Trots att avst\u00e5ndet mellan h\u00f6ljet och greppen \u00e4r exakt uppm\u00e4tt kan h\u00e4nderna i v\u00e5ra v\u00e4stl\u00e4nder vara en aning f\u00f6r tjocka och man vill att greppets hand ska vara n\u00e5got l\u00e4ngre bort fr\u00e5n h\u00f6ljet.<br \/>\nPlacera sedan denna upps\u00e4ttning mellan handtaget och huset s\u00e5 f\u00e5r du det d\u00e4r lilla extra utrymmet som g\u00f6r huset l\u00e4ttare att man\u00f6vrera.<\/p>\n<p>Finns i gr\u00e5tt och i orange\/gult<br \/>\nLevereras med f\u00f6rl\u00e4ngningsbultar i rostfritt st\u00e5l.<\/p>","protected":false},"featured_media":406,"comment_status":"closed","ping_status":"closed","template":"","meta":{"_acf_changed":false},"product_cat":[44,188],"product_tag":[243,242,115,128,38],"class_list":{"0":"post-405","1":"product","2":"type-product","3":"status-publish","4":"has-post-thumbnail","6":"product_cat-accessoires","7":"product_cat-behuizing-accessoires","8":"product_tag-243","9":"product_tag-242","10":"product_tag-extension","11":"product_tag-grip","12":"product_tag-sea-sea","14":"first","15":"instock","16":"product-type-simple"},"acf":[],"_links":{"self":[{"href":"https:\/\/seaandsea.eu\/sv\/wp-json\/wp\/v2\/product\/405","targetHints":{"allow":["GET"]}}],"collection":[{"href":"https:\/\/seaandsea.eu\/sv\/wp-json\/wp\/v2\/product"}],"about":[{"href":"https:\/\/seaandsea.eu\/sv\/wp-json\/wp\/v2\/types\/product"}],"replies":[{"embeddable":true,"href":"https:\/\/seaandsea.eu\/sv\/wp-json\/wp\/v2\/comments?post=405"}],"wp:featuredmedia":[{"embeddable":true,"href":"https:\/\/seaandsea.eu\/sv\/wp-json\/wp\/v2\/media\/406"}],"wp:attachment":[{"href":"https:\/\/seaandsea.eu\/sv\/wp-json\/wp\/v2\/media?parent=405"}],"wp:term":[{"taxonomy":"product_cat","embeddable":true,"href":"https:\/\/seaandsea.eu\/sv\/wp-json\/wp\/v2\/product_cat?post=405"},{"taxonomy":"product_tag","embeddable":true,"href":"https:\/\/seaandsea.eu\/sv\/wp-json\/wp\/v2\/product_tag?post=405"}],"curies":[{"name":"wp","href":"https:\/\/api.w.org\/{rel}","templated":true}]}}